{"id":97,"date":"2018-07-14T14:49:56","date_gmt":"2018-07-14T17:49:56","guid":{"rendered":"http:\/\/corecondf.org.br\/transparencia\/?page_id=97"},"modified":"2018-12-07T15:09:10","modified_gmt":"2018-12-07T17:09:10","slug":"resolucoes-2018","status":"publish","type":"page","link":"https:\/\/corecondf.org.br\/transparencia\/atos-normativos\/resolucoes-2018\/","title":{"rendered":"Resolu\u00e7\u00f5es 2018"},"content":{"rendered":"<p>&nbsp;<\/p>\n<table style=\"width: 100%;\" border=\"0\" align=\"center\">\n<tbody>\n<tr style=\"height: 70px;\">\n<th style=\"background-color: #333399; color: #ffffff; height: 70px; text-align: center;\">\n<p align=\"center\"><strong>RESOLU\u00c7\u00d5ES<\/strong><\/p>\n<\/th>\n<\/tr>\n<tr style=\"height: 486px;\">\n<td style=\"height: 486px; background-color: #f5f5f5; vertical-align: text-top;\">\n<p align=\"center\"><span style=\"color: #008080;\"><strong>2018<\/strong><\/span><\/p>\n<table> <!-- style=\"height: 626px;\" --> <\/p>\n<tbody>\n<tr>\n<td style=\"width: 70px;\"><strong><span style=\"color: #666699;\">N\u00b0<\/span><\/strong><\/td>\n<td><span style=\"color: #666699;\"><strong>Descri\u00e7\u00e3o<\/strong><\/span><\/td>\n<\/tr>\n<tr>\n<td>499<\/td>\n<td><a href=\"..\/..\/wp-content\/uploads\/docs\/atos-normativos\/resolucoes\/2018\/Res499-2018.pdf\" target=\"_blank\" rel=\"noopener\">Aprova Presta\u00e7\u00e3o de Contas do Exerc\u00edcio de 2017.<\/a><\/td>\n<\/tr>\n<tr>\n<td>500<\/td>\n<td><a href=\"..\/..\/wp-content\/uploads\/docs\/atos-normativos\/resolucoes\/2018\/Res500-2018.pdf\" target=\"_blank\" rel=\"noopener\">Aprova Balancete do 1\u00b0 Trimestre do Exerc\u00edcio de 2018.<\/a><\/td>\n<\/tr>\n<tr>\n<td>501<\/td>\n<td><a href=\"..\/..\/wp-content\/uploads\/docs\/atos-normativos\/resolucoes\/2018\/Res501-2018.pdf\" target=\"_blank\" rel=\"noopener\">Aprova Balancete do 2\u00b0 Trimestre do Exerc\u00edcio de 2018.<\/a><\/td>\n<\/tr>\n<tr>\n<td>502<\/td>\n<td><a href=\"..\/..\/wp-content\/uploads\/docs\/atos-normativos\/resolucoes\/2018\/Res502-2018.pdf\" target=\"_blank\" rel=\"noopener\">Designa Comiss\u00e3o Eleitoral de 2018.<\/a><\/td>\n<\/tr>\n<tr>\n<td>503<\/td>\n<td><a href=\"..\/..\/wp-content\/uploads\/docs\/atos-normativos\/resolucoes\/2018\/Res503-2018.pdf\" target=\"_blank\" rel=\"noopener\">Anuidade e emolumentos de 2019.<\/a><\/td>\n<\/tr>\n<tr>\n<td>504<\/td>\n<td><a href=\"..\/..\/wp-content\/uploads\/docs\/atos-normativos\/resolucoes\/2018\/Res504-2018.pdf\" target=\"_blank\" rel=\"noopener\">Aprova Balancete do 3\u00b0 Trimestre do Exerc\u00edcio de 2018.<\/a><\/td>\n<\/tr>\n<tr>\n<td>505<\/td>\n<td><a href=\"..\/..\/wp-content\/uploads\/docs\/atos-normativos\/resolucoes\/2018\/Res505-2018.pdf\" target=\"_blank\" rel=\"noopener\"> Aprovar Proposta Or\u00e7ament\u00e1ria de Exerc\u00edcio de 2019.<\/a><\/td>\n<\/tr>\n<\/tbody>\n<\/table>\n<\/td>\n<\/tr>\n<\/tbody>\n<\/table>\n","protected":false},"excerpt":{"rendered":"<p>&nbsp; RESOLU\u00c7\u00d5ES 2018 N\u00b0 Descri\u00e7\u00e3o 499 Aprova Presta\u00e7\u00e3o de Contas do Exerc\u00edcio de 2017. 500 Aprova Balancete do 1\u00b0 Trimestre do Exerc\u00edcio de 2018. 501 Aprova Balancete do 2\u00b0 Trimestre do Exerc\u00edcio de 2018. 502 Designa Comiss\u00e3o Eleitoral de 2018. 503 Anuidade e emolumentos de 2019. 504 Aprova Balancete do 3\u00b0 Trimestre do Exerc\u00edcio de &hellip; <a href=\"https:\/\/corecondf.org.br\/transparencia\/atos-normativos\/resolucoes-2018\/\" class=\"more-link\">Continue reading <span class=\"screen-reader-text\">Resolu\u00e7\u00f5es 2018<\/span><\/a><\/p>\n","protected":false},"author":2,"featured_media":0,"parent":35,"menu_order":0,"comment_status":"closed","ping_status":"closed","template":"","meta":{"footnotes":""},"class_list":["post-97","page","type-page","status-publish","hentry"],"_links":{"self":[{"href":"https:\/\/corecondf.org.br\/transparencia\/wp-json\/wp\/v2\/pages\/97","targetHints":{"allow":["GET"]}}],"collection":[{"href":"https:\/\/corecondf.org.br\/transparencia\/wp-json\/wp\/v2\/pages"}],"about":[{"href":"https:\/\/corecondf.org.br\/transparencia\/wp-json\/wp\/v2\/types\/page"}],"author":[{"embeddable":true,"href":"https:\/\/corecondf.org.br\/transparencia\/wp-json\/wp\/v2\/users\/2"}],"replies":[{"embeddable":true,"href":"https:\/\/corecondf.org.br\/transparencia\/wp-json\/wp\/v2\/comments?post=97"}],"version-history":[{"count":0,"href":"https:\/\/corecondf.org.br\/transparencia\/wp-json\/wp\/v2\/pages\/97\/revisions"}],"up":[{"embeddable":true,"href":"https:\/\/corecondf.org.br\/transparencia\/wp-json\/wp\/v2\/pages\/35"}],"wp:attachment":[{"href":"https:\/\/corecondf.org.br\/transparencia\/wp-json\/wp\/v2\/media?parent=97"}],"curies":[{"name":"wp","href":"https:\/\/api.w.org\/{rel}","templated":true}]}}