{"id":91,"date":"2018-07-12T00:46:25","date_gmt":"2018-07-12T03:46:25","guid":{"rendered":"http:\/\/corecondf.org.br\/transparencia\/?page_id=91"},"modified":"2018-07-12T01:08:41","modified_gmt":"2018-07-12T04:08:41","slug":"portarias-2017","status":"publish","type":"page","link":"https:\/\/corecondf.org.br\/transparencia\/atos-normativos\/portarias-2017\/","title":{"rendered":"Portarias 2017"},"content":{"rendered":"<p>&nbsp;<\/p>\n<table style=\"width: 100%;\" border=\"0\" align=\"center\">\n<tbody>\n<tr style=\"height: 70px;\">\n<th style=\"background-color: #333399; color: #ffffff; height: 70px; text-align: center;\">\n<p align=\"center\"><strong>PORTARIAS<\/strong><\/p>\n<\/th>\n<\/tr>\n<tr style=\"height: 486px;\">\n<td style=\"height: 486px; background-color: #f5f5f5; vertical-align: text-top;\">\n<p align=\"center\"><span style=\"color: #008080;\"><strong>2017<\/strong><\/span><\/p>\n<table style=\"height: 626px;\">\n<tbody>\n<tr>\n<td style=\"width: 70px;\"><strong><span style=\"color: #666699;\">N\u00b0<\/span><\/strong><\/td>\n<td><span style=\"color: #666699;\"><strong>Descri\u00e7\u00e3o<\/strong><\/span><\/td>\n<\/tr>\n<tr>\n<td>001<\/td>\n<td><a href=\"..\/..\/wp-content\/uploads\/docs\/atos-normativos\/portarias\/2017\/Port-0012017.pdf\" target=\"_blank\" rel=\"noopener\">Designa composi\u00e7\u00e3o de Licita\u00e7\u00e3o do Exerc\u00edcio de 2017.<\/a><\/td>\n<\/tr>\n<tr>\n<td>002<\/td>\n<td><a href=\"..\/..\/wp-content\/uploads\/docs\/atos-normativos\/portarias\/2017\/Port-0022017.pdf\" target=\"_blank\" rel=\"noopener\">Designa composi\u00e7\u00e3o da Comiss\u00e3o de Tomada de Contas do Exerc\u00edcio de 2017.<\/a><\/td>\n<\/tr>\n<tr>\n<td>003<\/td>\n<td><a href=\"..\/..\/wp-content\/uploads\/docs\/atos-normativos\/portarias\/2017\/Port-0032017.pdf\" target=\"_blank\" rel=\"noopener\">Designa Daniel dos Passos Soares como Gerente Executivo.<\/a><\/td>\n<\/tr>\n<tr>\n<td>004<\/td>\n<td><a href=\"..\/..\/wp-content\/uploads\/docs\/atos-normativos\/portarias\/2017\/Port-0042017.pdf\" target=\"_blank\" rel=\"noopener\">Designa Marianne Dias Pereira como Assessora T\u00e9cnica.<\/a><\/td>\n<\/tr>\n<tr>\n<td>005<\/td>\n<td><a href=\"..\/..\/wp-content\/uploads\/docs\/atos-normativos\/portarias\/2017\/Port-0052017.pdf\" target=\"_blank\" rel=\"noopener\">Designa Angeilton Francisco Lima Faleiro como Assessor T\u00e9cnico.<\/a><\/td>\n<\/tr>\n<tr>\n<td>006<\/td>\n<td><a href=\"..\/..\/wp-content\/uploads\/docs\/atos-normativos\/portarias\/2017\/Port-0062017.pdf\" target=\"_blank\" rel=\"noopener\">Delega funcion\u00e1rios para movimenta\u00e7\u00e3o de conta corrente e outras provid\u00eancias.<\/a><\/td>\n<\/tr>\n<tr>\n<td>007<\/td>\n<td><a href=\"..\/..\/wp-content\/uploads\/docs\/atos-normativos\/portarias\/2017\/Port-0072017.pdf\" target=\"_blank\" rel=\"noopener\">Designa funcion\u00e1rios para movimentar conta corrente do Corecon-DF.<\/a><\/td>\n<\/tr>\n<tr>\n<td>008<\/td>\n<td><a href=\"..\/..\/wp-content\/uploads\/docs\/atos-normativos\/portarias\/2017\/Port-0082017.pdf\" target=\"_blank\" rel=\"noopener\">Designa Marianne Dias Pereira como Gerente Executiva substituta.<\/a><\/td>\n<\/tr>\n<tr>\n<td>009<\/td>\n<td><a href=\"..\/..\/wp-content\/uploads\/docs\/atos-normativos\/portarias\/2017\/Port-0092017.pdf\" target=\"_blank\" rel=\"noopener\">Designa a composi\u00e7\u00e3o da Equipe Organizadora do XXIV PR\u00caMIO CORECON-DF DE MONOGRAFIAS EM ECONOMIA.<\/a><\/td>\n<\/tr>\n<tr>\n<td>010<\/td>\n<td><a href=\"..\/..\/wp-content\/uploads\/docs\/atos-normativos\/portarias\/2017\/Port-0102017.pdf\" target=\"_blank\" rel=\"noopener\">Designa Mariane Dias Pereira como Gerente Executiva substituta.<\/a><\/td>\n<\/tr>\n<tr>\n<td>011<\/td>\n<td><a href=\"..\/..\/wp-content\/uploads\/docs\/atos-normativos\/portarias\/2017\/Port-0112017.pdf\" target=\"_blank\" rel=\"noopener\">Designa Mariane Dias Pereira como Gerente Executiva substituta.<\/a><\/td>\n<\/tr>\n<\/tbody>\n<\/table>\n<\/td>\n<\/tr>\n<\/tbody>\n<\/table>\n","protected":false},"excerpt":{"rendered":"<p>&nbsp; PORTARIAS 2017 N\u00b0 Descri\u00e7\u00e3o 001 Designa composi\u00e7\u00e3o de Licita\u00e7\u00e3o do Exerc\u00edcio de 2017. 002 Designa composi\u00e7\u00e3o da Comiss\u00e3o de Tomada de Contas do Exerc\u00edcio de 2017. 003 Designa Daniel dos Passos Soares como Gerente Executivo. 004 Designa Marianne Dias Pereira como Assessora T\u00e9cnica. 005 Designa Angeilton Francisco Lima Faleiro como Assessor T\u00e9cnico. 006 Delega &hellip; <a href=\"https:\/\/corecondf.org.br\/transparencia\/atos-normativos\/portarias-2017\/\" class=\"more-link\">Continue reading <span class=\"screen-reader-text\">Portarias 2017<\/span><\/a><\/p>\n","protected":false},"author":2,"featured_media":0,"parent":35,"menu_order":0,"comment_status":"closed","ping_status":"closed","template":"","meta":{"footnotes":""},"class_list":["post-91","page","type-page","status-publish","hentry"],"_links":{"self":[{"href":"https:\/\/corecondf.org.br\/transparencia\/wp-json\/wp\/v2\/pages\/91","targetHints":{"allow":["GET"]}}],"collection":[{"href":"https:\/\/corecondf.org.br\/transparencia\/wp-json\/wp\/v2\/pages"}],"about":[{"href":"https:\/\/corecondf.org.br\/transparencia\/wp-json\/wp\/v2\/types\/page"}],"author":[{"embeddable":true,"href":"https:\/\/corecondf.org.br\/transparencia\/wp-json\/wp\/v2\/users\/2"}],"replies":[{"embeddable":true,"href":"https:\/\/corecondf.org.br\/transparencia\/wp-json\/wp\/v2\/comments?post=91"}],"version-history":[{"count":0,"href":"https:\/\/corecondf.org.br\/transparencia\/wp-json\/wp\/v2\/pages\/91\/revisions"}],"up":[{"embeddable":true,"href":"https:\/\/corecondf.org.br\/transparencia\/wp-json\/wp\/v2\/pages\/35"}],"wp:attachment":[{"href":"https:\/\/corecondf.org.br\/transparencia\/wp-json\/wp\/v2\/media?parent=91"}],"curies":[{"name":"wp","href":"https:\/\/api.w.org\/{rel}","templated":true}]}}