{"id":82,"date":"2018-06-28T19:50:35","date_gmt":"2018-06-28T22:50:35","guid":{"rendered":"http:\/\/corecondf.org.br\/transparencia\/?page_id=82"},"modified":"2020-08-17T22:52:48","modified_gmt":"2020-08-18T01:52:48","slug":"legislacao-aplicada","status":"publish","type":"page","link":"https:\/\/corecondf.org.br\/transparencia\/legislacao-aplicada\/","title":{"rendered":"Legisla\u00e7\u00e3o Aplicada"},"content":{"rendered":"<p><span style=\"font-size: 11.0pt; font-family: 'Calibri',sans-serif;\"><a href=\"http:\/\/cofecon.org.br\/transparencia\/index.php\/legislacao-aplicada\/lei-1411\/\" target=\"_blank\" rel=\"noopener noreferrer\"><strong><span style=\"font-family: 'Calibri',sans-serif; color: windowtext; text-decoration: none; text-underline: none;\">Lei n.\u00ba 1.411, de 13 de agosto de 1951<\/span><\/strong><\/a><br \/>\n<span style=\"color: windowtext; text-decoration: none; text-underline: none;\">Disp\u00f5e sobre a Profiss\u00e3o de Economista.<\/span><\/span><\/p>\n<p><span style=\"font-size: 11.0pt; font-family: 'Calibri',sans-serif;\"><a href=\"http:\/\/cofecon.org.br\/transparencia\/index.php\/legislacao-aplicada\/decreto-31794\/\" target=\"_blank\" rel=\"noopener noreferrer\"><strong><span style=\"font-family: 'Calibri',sans-serif; color: windowtext; text-decoration: none; text-underline: none;\">Decreto n.\u00ba 31.794, de 17 de novembro de 1952<\/span><\/strong><\/a><br \/>\n<span style=\"color: windowtext; text-decoration: none; text-underline: none;\">Disp\u00f5e sobre a regulamenta\u00e7\u00e3o do exerc\u00edcio da profiss\u00e3o de economista, regida pela Lei n\u00ba 1.411, de 13.08.1951, e d\u00e1 outras provid\u00eancias.<\/span><\/span><\/p>\n<p><span style=\"font-size: 11.0pt; font-family: 'Calibri',sans-serif;\"><a href=\"http:\/\/cofecon.org.br\/transparencia\/index.php\/legislacao-aplicada\/lei-6021\/\" target=\"_blank\" rel=\"noopener noreferrer\"><strong><span style=\"font-family: 'Calibri',sans-serif; color: windowtext; text-decoration: none; text-underline: none;\">Lei n.\u00ba 6.021, de 03 de janeiro de 1974<\/span><\/strong><\/a><br \/>\n<span style=\"color: windowtext; text-decoration: none; text-underline: none;\">Altera dispositivos da Lei n.\u00ba 1.411, de 13.08.1951, que disp\u00f5e sobre a profiss\u00e3o de economista; atualiza valores das anuidades, taxas e multas, subordinando as a percentuais do maior sal\u00e1rio m\u00ednimo, e altera a denomina\u00e7\u00e3o dos Conselhos Federal e Regionais.<\/span><\/span><\/p>\n<p><span style=\"font-size: 11.0pt; font-family: 'Calibri',sans-serif;\"><a href=\"http:\/\/cofecon.org.br\/transparencia\/index.php\/legislacao-aplicada\/lei-6206\/\" target=\"_blank\" rel=\"noopener noreferrer\"><strong><span style=\"font-family: 'Calibri',sans-serif; color: windowtext; text-decoration: none; text-underline: none;\">Lei n.\u00ba 6.206, de 07 de maio de 1975<\/span><\/strong><\/a><br \/>\n<span style=\"color: windowtext; text-decoration: none; text-underline: none;\">D\u00e1 valor de documento de identidade \u00e0s carteiras expedidas pelos \u00f3rg\u00e3os fiscalizadores de exerc\u00edcio profissional e d\u00e1 outras provid\u00eancias.<\/span><\/span><\/p>\n<p><span style=\"font-size: 11.0pt; font-family: 'Calibri',sans-serif;\"><a href=\"http:\/\/cofecon.org.br\/transparencia\/index.php\/legislacao-aplicada\/lei-6537\/\" target=\"_blank\" rel=\"noopener noreferrer\"><strong><span style=\"font-family: 'Calibri',sans-serif; color: windowtext; text-decoration: none; text-underline: none;\">Lei n.\u00ba 6.537, de 19 de junho de 1978<\/span><\/strong><\/a><br \/>\n<span style=\"color: windowtext; text-decoration: none; text-underline: none;\">Altera dispositivos da Lei n.\u00ba 1.411, de 13.08.1951, que disp\u00f5e sobre a profiss\u00e3o de Economista.<\/span><\/span><\/p>\n<p><span style=\"font-size: 11.0pt; font-family: 'Calibri',sans-serif;\"><a href=\"http:\/\/cofecon.org.br\/transparencia\/index.php\/legislacao-aplicada\/lei-6839\/\" target=\"_blank\" rel=\"noopener noreferrer\"><strong><span style=\"font-family: 'Calibri',sans-serif; color: windowtext; text-decoration: none; text-underline: none;\">Lei n\u00ba 6.839, de 30 de outubro de 1980<\/span><\/strong><\/a><br \/>\n<span style=\"color: windowtext; text-decoration: none; text-underline: none;\">Disp\u00f5e sobre o registro de empresas nas entidades fiscalizadoras do exerc\u00edcio de profiss\u00f5es.<\/span><\/span><\/p>\n<p><span style=\"font-size: 11.0pt; font-family: 'Calibri',sans-serif;\"><a href=\"http:\/\/cofecon.org.br\/transparencia\/files\/normas\/aplicada\/Lei12514.pdf\" target=\"_blank\" rel=\"noopener noreferrer\"><strong><span style=\"font-family: 'Calibri',sans-serif; color: windowtext; text-decoration: none; text-underline: none;\">Lei n.\u00ba 12.514, de 28 de outubro de 2011<\/span><\/strong><\/a><\/p>\n","protected":false},"excerpt":{"rendered":"<p>Lei n.\u00ba 1.411, de 13 de agosto de 1951 Disp\u00f5e sobre a Profiss\u00e3o de Economista. Decreto n.\u00ba 31.794, de 17 de novembro de 1952 Disp\u00f5e sobre a regulamenta\u00e7\u00e3o do exerc\u00edcio da profiss\u00e3o de economista, regida pela Lei n\u00ba 1.411, de 13.08.1951, e d\u00e1 outras provid\u00eancias. Lei n.\u00ba 6.021, de 03 de janeiro de 1974 Altera &hellip; <a href=\"https:\/\/corecondf.org.br\/transparencia\/legislacao-aplicada\/\" class=\"more-link\">Continue reading <span class=\"screen-reader-text\">Legisla\u00e7\u00e3o Aplicada<\/span><\/a><\/p>\n","protected":false},"author":2,"featured_media":0,"parent":0,"menu_order":0,"comment_status":"closed","ping_status":"closed","template":"","meta":{"footnotes":""},"class_list":["post-82","page","type-page","status-publish","hentry"],"_links":{"self":[{"href":"https:\/\/corecondf.org.br\/transparencia\/wp-json\/wp\/v2\/pages\/82","targetHints":{"allow":["GET"]}}],"collection":[{"href":"https:\/\/corecondf.org.br\/transparencia\/wp-json\/wp\/v2\/pages"}],"about":[{"href":"https:\/\/corecondf.org.br\/transparencia\/wp-json\/wp\/v2\/types\/page"}],"author":[{"embeddable":true,"href":"https:\/\/corecondf.org.br\/transparencia\/wp-json\/wp\/v2\/users\/2"}],"replies":[{"embeddable":true,"href":"https:\/\/corecondf.org.br\/transparencia\/wp-json\/wp\/v2\/comments?post=82"}],"version-history":[{"count":0,"href":"https:\/\/corecondf.org.br\/transparencia\/wp-json\/wp\/v2\/pages\/82\/revisions"}],"wp:attachment":[{"href":"https:\/\/corecondf.org.br\/transparencia\/wp-json\/wp\/v2\/media?parent=82"}],"curies":[{"name":"wp","href":"https:\/\/api.w.org\/{rel}","templated":true}]}}