{"id":57,"date":"2018-06-28T19:44:04","date_gmt":"2018-06-28T22:44:04","guid":{"rendered":"http:\/\/corecondf.org.br\/transparencia\/?page_id=57"},"modified":"2024-02-04T16:01:23","modified_gmt":"2024-02-04T19:01:23","slug":"orcamento","status":"publish","type":"page","link":"https:\/\/corecondf.org.br\/transparencia\/orcamento\/","title":{"rendered":"Or\u00e7amento"},"content":{"rendered":"<p><h3>2024<\/h3>\n<p><a href=\"..\/wp-content\/uploads\/docs\/orcamento\/2024\/Orcamento_Relatorio_2024.xls\" target=\"_blank\" rel=\"noopener noreferrer\">Relat\u00f3rio da Proposta Or\u00e7ament\u00e1ria<\/a><br \/>\n<a href=\"..\/wp-content\/uploads\/docs\/orcamento\/2024\/Dotacao_Orcamentaria_2024.xls\" target=\"_blank\" rel=\"noopener noreferrer\">Resumo da Proposta Or\u00e7ament\u00e1ria<\/a>\n<\/p>\n<p><h3>2023<\/h3>\n<p><a href=\"..\/wp-content\/uploads\/docs\/orcamento\/2023\/Orcamento_Relatorio_2023.xls\" target=\"_blank\" rel=\"noopener noreferrer\">Relat\u00f3rio da Proposta Or\u00e7ament\u00e1ria<\/a>\n<\/p>\n<p><h3>2022<\/h3>\n<p><a href=\"..\/wp-content\/uploads\/docs\/orcamento\/2022\/Orcamento_Relatorio_2022.xls\" target=\"_blank\" rel=\"noopener noreferrer\">Relat\u00f3rio da Proposta Or\u00e7ament\u00e1ria<\/a><br \/>\n<a href=\"..\/wp-content\/uploads\/docs\/orcamento\/2022\/Dotacao_Orcamentaria_2022.xls\" target=\"_blank\" rel=\"noopener noreferrer\">Resumo da Proposta Or\u00e7ament\u00e1ria<\/a>\n<\/p>\n<p><h3>2021<\/h3>\n<p><a href=\"..\/wp-content\/uploads\/docs\/orcamento\/2021\/Orcamento_Relatorio_2021.xls\" target=\"_blank\" rel=\"noopener noreferrer\">Relat\u00f3rio da Proposta Or\u00e7ament\u00e1ria<\/a><br \/>\n<a href=\"..\/wp-content\/uploads\/docs\/orcamento\/2021\/Dotacao_Orcamentaria_2021.xls\" target=\"_blank\" rel=\"noopener noreferrer\">Resumo da Proposta Or\u00e7ament\u00e1ria<\/a>\n<\/p>\n<p><h3>2020<\/h3>\n<p><a href=\"..\/wp-content\/uploads\/docs\/orcamento\/proposta-orcamentaria\/2020\/QGReformulacaoOrc2020.pdf\" target=\"_blank\" rel=\"noopener noreferrer\">Quadro Geral de Reformula\u00e7\u00e3o Or\u00e7ament\u00e1ria<\/a>\n<\/p>\n<p><h3>2019<\/h3>\n<p><a href=\"..\/wp-content\/uploads\/docs\/orcamento\/proposta-orcamentaria\/PropostaOrcamentaria2019.pdf\" target=\"_blank\" rel=\"noopener noreferrer\">Proposta Or\u00e7ament\u00e1ria<\/a><br \/>\n<a href=\"..\/wp-content\/uploads\/docs\/orcamento\/BalancoOrcamentario2019.pdf\" target=\"_blank\" rel=\"noopener noreferrer\">Balan\u00e7o Or\u00e7ament\u00e1rio<\/a>\n<\/p>\n<p><h3>2018<\/h3>\n<p><a href=\"..\/wp-content\/uploads\/docs\/orcamento\/proposta-orcamentaria\/PropostaOrcamentaria2018.pdf\" target=\"_blank\" rel=\"noopener noreferrer\">Proposta Or\u00e7ament\u00e1ria<\/a>\n<\/p>\n<p><h3>2017<\/h3>\n<p><a href=\"..\/wp-content\/uploads\/docs\/orcamento\/proposta-orcamentaria\/PropostaOrcamentaria2017.pdf\" target=\"_blank\" rel=\"noopener noreferrer\">Proposta Or\u00e7ament\u00e1ria<\/a>\n<\/p>\n<p><h3>2016<\/h3>\n<p><a href=\"..\/wp-content\/uploads\/docs\/orcamento\/proposta-orcamentaria\/PropostaOrcamentaria2016.pdf\" target=\"_blank\" rel=\"noopener noreferrer\">Proposta Or\u00e7ament\u00e1ria<\/a>\n<\/p>\n<p><h3>2015<\/h3>\n<p><a href=\"..\/wp-content\/uploads\/docs\/orcamento\/proposta-orcamentaria\/PropostaOrcamentaria2015.pdf\" target=\"_blank\" rel=\"noopener noreferrer\">Proposta Or\u00e7ament\u00e1ria<\/a>\n<\/p>\n<p><h3>2014<\/h3>\n<p><a href=\"..\/wp-content\/uploads\/docs\/orcamento\/proposta-orcamentaria\/PropostaOrcamentaria2014.pdf\" target=\"_blank\" rel=\"noopener noreferrer\">Proposta Or\u00e7ament\u00e1ria<\/a>\n<\/p>\n<p><h3>2013<\/h3>\n<p><a href=\"..\/wp-content\/uploads\/docs\/orcamento\/proposta-orcamentaria\/PropostaOrcamentaria2013.pdf\" target=\"_blank\" rel=\"noopener noreferrer\">Proposta Or\u00e7ament\u00e1ria<\/a>\n<\/p>\n<p><h3>2012<\/h3>\n<p><a href=\"..\/wp-content\/uploads\/docs\/orcamento\/proposta-orcamentaria\/PropostaOrcamentaria2012.pdf\" target=\"_blank\" rel=\"noopener noreferrer\">Proposta Or\u00e7ament\u00e1ria<\/a>\n<\/p>\n<p><h3>2011<\/h3>\n<p><a href=\"..\/wp-content\/uploads\/docs\/orcamento\/proposta-orcamentaria\/PropostaOrcamentaria2011.pdf\" target=\"_blank\" rel=\"noopener noreferrer\">Proposta Or\u00e7ament\u00e1ria<\/a>\n<\/p>\n<p><h3>2010<\/h3>\n<p><a href=\"..\/wp-content\/uploads\/docs\/orcamento\/proposta-orcamentaria\/PropostaOrcamentaria2010.pdf\" target=\"_blank\" rel=\"noopener noreferrer\">Proposta Or\u00e7ament\u00e1ria<\/a>\n<\/p>\n<p><h3>2009<\/h3>\n<p><a href=\"..\/wp-content\/uploads\/docs\/orcamento\/proposta-orcamentaria\/PropostaOrcamentaria2009.pdf\" target=\"_blank\" rel=\"noopener noreferrer\">Proposta Or\u00e7ament\u00e1ria<\/a><\/p>\n","protected":false},"excerpt":{"rendered":"<p>2024 Relat\u00f3rio da Proposta Or\u00e7ament\u00e1ria Resumo da Proposta Or\u00e7ament\u00e1ria 2023 Relat\u00f3rio da Proposta Or\u00e7ament\u00e1ria 2022 Relat\u00f3rio da Proposta Or\u00e7ament\u00e1ria Resumo da Proposta Or\u00e7ament\u00e1ria 2021 Relat\u00f3rio da Proposta Or\u00e7ament\u00e1ria Resumo da Proposta Or\u00e7ament\u00e1ria 2020 Quadro Geral de Reformula\u00e7\u00e3o Or\u00e7ament\u00e1ria 2019 Proposta Or\u00e7ament\u00e1ria Balan\u00e7o Or\u00e7ament\u00e1rio 2018 Proposta Or\u00e7ament\u00e1ria 2017 Proposta Or\u00e7ament\u00e1ria 2016 Proposta Or\u00e7ament\u00e1ria 2015 Proposta Or\u00e7ament\u00e1ria &hellip; <a href=\"https:\/\/corecondf.org.br\/transparencia\/orcamento\/\" class=\"more-link\">Continue reading <span class=\"screen-reader-text\">Or\u00e7amento<\/span><\/a><\/p>\n","protected":false},"author":2,"featured_media":0,"parent":0,"menu_order":0,"comment_status":"closed","ping_status":"closed","template":"","meta":{"footnotes":""},"class_list":["post-57","page","type-page","status-publish","hentry"],"_links":{"self":[{"href":"https:\/\/corecondf.org.br\/transparencia\/wp-json\/wp\/v2\/pages\/57","targetHints":{"allow":["GET"]}}],"collection":[{"href":"https:\/\/corecondf.org.br\/transparencia\/wp-json\/wp\/v2\/pages"}],"about":[{"href":"https:\/\/corecondf.org.br\/transparencia\/wp-json\/wp\/v2\/types\/page"}],"author":[{"embeddable":true,"href":"https:\/\/corecondf.org.br\/transparencia\/wp-json\/wp\/v2\/users\/2"}],"replies":[{"embeddable":true,"href":"https:\/\/corecondf.org.br\/transparencia\/wp-json\/wp\/v2\/comments?post=57"}],"version-history":[{"count":7,"href":"https:\/\/corecondf.org.br\/transparencia\/wp-json\/wp\/v2\/pages\/57\/revisions"}],"predecessor-version":[{"id":1579,"href":"https:\/\/corecondf.org.br\/transparencia\/wp-json\/wp\/v2\/pages\/57\/revisions\/1579"}],"wp:attachment":[{"href":"https:\/\/corecondf.org.br\/transparencia\/wp-json\/wp\/v2\/media?parent=57"}],"curies":[{"name":"wp","href":"https:\/\/api.w.org\/{rel}","templated":true}]}}