{"id":55,"date":"2018-06-28T19:43:54","date_gmt":"2018-06-28T22:43:54","guid":{"rendered":"http:\/\/corecondf.org.br\/transparencia\/?page_id=55"},"modified":"2024-01-28T13:39:41","modified_gmt":"2024-01-28T16:39:41","slug":"diarias-e-ajuda-de-custo","status":"publish","type":"page","link":"https:\/\/corecondf.org.br\/transparencia\/diarias-e-ajuda-de-custo\/","title":{"rendered":"Di\u00e1rias e Ajuda de Custo"},"content":{"rendered":"<h3>2023<\/h3>\n<p><a href=\"..\/wp-content\/uploads\/docs\/diarias\/2023\/Fun07.xls\" target=\"_blank\" rel=\"noopener noreferrer\">Di\u00e1rias Funcion\u00e1rios &#8211; Julho<\/a><br \/>\n<a href=\"..\/wp-content\/uploads\/docs\/diarias\/2023\/Fun11.xls\" target=\"_blank\" rel=\"noopener noreferrer\">Di\u00e1rias Funcion\u00e1rios &#8211; Novembro<\/a><br \/>\n<a href=\"..\/wp-content\/uploads\/docs\/diarias\/2023\/Cons07.xls\" target=\"_blank\" rel=\"noopener noreferrer\">Di\u00e1rias Conselheiros &#8211; Julho<\/a><br \/>\n<a href=\"..\/wp-content\/uploads\/docs\/diarias\/2023\/Cons11.xls\" target=\"_blank\" rel=\"noopener noreferrer\">Di\u00e1rias Conselheiros &#8211; Novembro<\/a><br \/>\n<a href=\"..\/wp-content\/uploads\/docs\/diarias\/2023\/Col07.xls\" target=\"_blank\" rel=\"noopener noreferrer\">Di\u00e1rias Colaboradores &#8211; Julho<\/a><br \/>\n<a href=\"..\/wp-content\/uploads\/docs\/diarias\/2023\/Col08.pdf\" target=\"_blank\" rel=\"noopener noreferrer\">Di\u00e1rias Colaboradores &#8211; Agosto<\/a><br \/>\n<a href=\"..\/wp-content\/uploads\/docs\/diarias\/2023\/Col09.xls\" target=\"_blank\" rel=\"noopener noreferrer\">Di\u00e1rias Colaboradores &#8211; Setembro<\/a><\/p>\n<h3>2022<\/h3>\n<p><a href=\"..\/wp-content\/uploads\/docs\/diarias\/2022\/Cons.pdf\" target=\"_blank\" rel=\"noopener noreferrer\">Di\u00e1rias Conselheiros<\/a><br \/>\n<a href=\"..\/wp-content\/uploads\/docs\/diarias\/2022\/Cons08.xls\" target=\"_blank\" rel=\"noopener noreferrer\">Di\u00e1rias Conselheiros &#8211; Agosto<\/a><br \/>\n<a href=\"..\/wp-content\/uploads\/docs\/diarias\/2022\/Cons11.xls\" target=\"_blank\" rel=\"noopener noreferrer\">Di\u00e1rias Conselheiros &#8211; Novembro<\/a><br \/>\n<a href=\"..\/wp-content\/uploads\/docs\/diarias\/2022\/Cons12.xls\" target=\"_blank\" rel=\"noopener noreferrer\">Di\u00e1rias Conselheiros &#8211; Dezembro<\/a><\/p>\n<p><h3>2021<\/h3>\n<p>Sem despesas com di\u00e1rias\n<\/p>\n<p><h3>2020<\/h3>\n<p><a href=\"..\/wp-content\/uploads\/docs\/diarias\/2020.xls\" target=\"_blank\" rel=\"noopener noreferrer\">Di\u00e1rias em Geral<\/a>\n<\/p>\n<p><h3>2019<\/h3>\n<p>Sem despesas com di\u00e1rias\n<\/p>\n<p><h3>2018<\/h3>\n<p><a href=\"..\/wp-content\/uploads\/docs\/diarias\/conselheiros2018.xls\" target=\"_blank\" rel=\"noopener noreferrer\">Di\u00e1rias Conselheiros<\/a>\n<\/p>\n<p><h3>2017<\/h3>\n<p><a href=\"..\/wp-content\/uploads\/docs\/diarias\/conselheiros2017.xls\" target=\"_blank\" rel=\"noopener noreferrer\">Di\u00e1rias Conselheiros<\/a><br \/>\n<a href=\"..\/wp-content\/uploads\/docs\/diarias\/funcionarios2017.xls\" target=\"_blank\" rel=\"noopener noreferrer\">Di\u00e1rias Funcion\u00e1rios<\/a>\n<\/p>\n<p><h3>2016<\/h3>\n<p><a href=\"..\/wp-content\/uploads\/docs\/diarias\/conselheiros2016.xls\" target=\"_blank\" rel=\"noopener noreferrer\">Di\u00e1rias Conselheiros<\/a><br \/>\n<a href=\"..\/wp-content\/uploads\/docs\/diarias\/funcionarios2016.xls\" target=\"_blank\" rel=\"noopener noreferrer\">Di\u00e1rias Funcion\u00e1rios<\/a><br \/>\n<a href=\"..\/wp-content\/uploads\/docs\/diarias\/convidados2016.xls\" target=\"_blank\" rel=\"noopener noreferrer\">Di\u00e1rias Convidados<\/a>\n<\/p>\n<p><h3>2015<\/h3>\n<p><a href=\"..\/wp-content\/uploads\/docs\/diarias\/conselheiros2015.xls\" target=\"_blank\" rel=\"noopener noreferrer\">Di\u00e1rias Conselheiros<\/a><br \/>\n<a href=\"..\/wp-content\/uploads\/docs\/diarias\/funcionarios2015.xls\" target=\"_blank\" rel=\"noopener noreferrer\">Di\u00e1rias Funcion\u00e1rios<\/a><br \/>\n<a href=\"..\/wp-content\/uploads\/docs\/diarias\/convidados2015.xls\" target=\"_blank\" rel=\"noopener noreferrer\">Di\u00e1rias Convidados<\/a><\/p>\n","protected":false},"excerpt":{"rendered":"<p>2023 Di\u00e1rias Funcion\u00e1rios &#8211; Julho Di\u00e1rias Funcion\u00e1rios &#8211; Novembro Di\u00e1rias Conselheiros &#8211; Julho Di\u00e1rias Conselheiros &#8211; Novembro Di\u00e1rias Colaboradores &#8211; Julho Di\u00e1rias Colaboradores &#8211; Agosto Di\u00e1rias Colaboradores &#8211; Setembro 2022 Di\u00e1rias Conselheiros Di\u00e1rias Conselheiros &#8211; Agosto Di\u00e1rias Conselheiros &#8211; Novembro Di\u00e1rias Conselheiros &#8211; Dezembro 2021 Sem despesas com di\u00e1rias 2020 Di\u00e1rias em Geral 2019 Sem &hellip; <a href=\"https:\/\/corecondf.org.br\/transparencia\/diarias-e-ajuda-de-custo\/\" class=\"more-link\">Continue reading <span class=\"screen-reader-text\">Di\u00e1rias e Ajuda de Custo<\/span><\/a><\/p>\n","protected":false},"author":2,"featured_media":0,"parent":0,"menu_order":0,"comment_status":"closed","ping_status":"closed","template":"","meta":{"footnotes":""},"class_list":["post-55","page","type-page","status-publish","hentry"],"_links":{"self":[{"href":"https:\/\/corecondf.org.br\/transparencia\/wp-json\/wp\/v2\/pages\/55","targetHints":{"allow":["GET"]}}],"collection":[{"href":"https:\/\/corecondf.org.br\/transparencia\/wp-json\/wp\/v2\/pages"}],"about":[{"href":"https:\/\/corecondf.org.br\/transparencia\/wp-json\/wp\/v2\/types\/page"}],"author":[{"embeddable":true,"href":"https:\/\/corecondf.org.br\/transparencia\/wp-json\/wp\/v2\/users\/2"}],"replies":[{"embeddable":true,"href":"https:\/\/corecondf.org.br\/transparencia\/wp-json\/wp\/v2\/comments?post=55"}],"version-history":[{"count":4,"href":"https:\/\/corecondf.org.br\/transparencia\/wp-json\/wp\/v2\/pages\/55\/revisions"}],"predecessor-version":[{"id":1574,"href":"https:\/\/corecondf.org.br\/transparencia\/wp-json\/wp\/v2\/pages\/55\/revisions\/1574"}],"wp:attachment":[{"href":"https:\/\/corecondf.org.br\/transparencia\/wp-json\/wp\/v2\/media?parent=55"}],"curies":[{"name":"wp","href":"https:\/\/api.w.org\/{rel}","templated":true}]}}