{"id":232,"date":"2019-01-04T14:00:42","date_gmt":"2019-01-04T16:00:42","guid":{"rendered":"http:\/\/corecondf.org.br\/transparencia\/?page_id=232"},"modified":"2019-10-08T10:13:59","modified_gmt":"2019-10-08T13:13:59","slug":"portarias-2019","status":"publish","type":"page","link":"https:\/\/corecondf.org.br\/transparencia\/atos-normativos\/portarias-2019\/","title":{"rendered":"Portarias 2019"},"content":{"rendered":"\n<p>\u00a0<\/p>\n<table style=\"width: 100%;\" border=\"0\" align=\"center\">\n<tbody>\n<tr style=\"height: 70px;\">\n<th style=\"background-color: #333399; color: #ffffff; height: 70px; text-align: center;\">\n<p align=\"center\"><strong>PORTARIAS<\/strong><\/p>\n<\/th>\n<\/tr>\n<tr style=\"height: 486px;\">\n<td style=\"height: 486px; background-color: #f5f5f5; vertical-align: text-top;\">\n<p align=\"center\"><span style=\"color: #008080;\"><strong>2019<\/strong><\/span><\/p>\n<table style=\"height: 626px;\">\n<tbody>\n<tr>\n<td style=\"width: 70px;\"><strong><span style=\"color: #666699;\">N\u00b0<\/span><\/strong><\/td>\n<td><span style=\"color: #666699;\"><strong>Descri\u00e7\u00e3o<\/strong><\/span><\/td>\n<\/tr>\n<tr>\n<td>001<\/td>\n<td><a href=\"..\/..\/wp-content\/uploads\/docs\/atos-normativos\/portarias\/2019\/Port-0012019.pdf\" target=\"_blank\" rel=\"noopener noreferrer\">Designa composi\u00e7\u00e3o de Licita\u00e7\u00e3o do Exerc\u00edcio de 2019.<\/a><\/td>\n<\/tr>\n<tr>\n<td>002<\/td>\n<td><a href=\"..\/..\/wp-content\/uploads\/docs\/atos-normativos\/portarias\/2019\/Port-0022019.pdf\" target=\"_blank\" rel=\"noopener noreferrer\">Designa composi\u00e7\u00e3o da Comiss\u00e3o de Tomada de Contas do Exerc\u00edcio de 2019.<\/a><\/td>\n<\/tr>\n<tr>\n<td>003<\/td>\n<td><a href=\"..\/..\/wp-content\/uploads\/docs\/atos-normativos\/portarias\/2019\/Port-0032019.pdf\" target=\"_blank\" rel=\"noopener noreferrer\">Designa Daniel dos Passos Soares como Gerente Executivo.<\/a><\/td>\n<\/tr>\n<tr>\n<td>004<\/td>\n<td><a href=\"..\/..\/wp-content\/uploads\/docs\/atos-normativos\/portarias\/2019\/Port-0042019.pdf\" target=\"_blank\" rel=\"noopener noreferrer\">Designa Marianne Dias Pereira como Assessora T\u00e9cnica.<\/a><\/td>\n<\/tr>\n<tr>\n<td>005<\/td>\n<td><a href=\"..\/..\/wp-content\/uploads\/docs\/atos-normativos\/portarias\/2019\/Port-0052019.pdf\" target=\"_blank\" rel=\"noopener noreferrer\">Designa Angeilton Francisco Lima Faleiro como Assessor T\u00e9cnico.<\/a><\/td>\n<\/tr>\n<tr>\n<td>006<\/td>\n<td><a href=\"..\/..\/wp-content\/uploads\/docs\/atos-normativos\/portarias\/2019\/Port-0062019.pdf\" target=\"_blank\" rel=\"noopener noreferrer\">Delega funcion\u00e1rios para movimenta\u00e7\u00e3o de conta corrente e outras provid\u00eancias.<\/a><\/td>\n<\/tr>\n<tr>\n<td>007<\/td>\n<td><a href=\"..\/..\/wp-content\/uploads\/docs\/atos-normativos\/portarias\/2019\/Port-0072019.pdf\" target=\"_blank\" rel=\"noopener noreferrer\">Designa funcion\u00e1rios para movimentar conta corrente do Corecon-DF.<\/a><\/td>\n<\/tr>\n<tr>\n<td>008<\/td>\n<td><a href=\"..\/..\/wp-content\/uploads\/docs\/atos-normativos\/portarias\/2019\/Port-0082019.pdf\" target=\"_blank\" rel=\"noopener noreferrer\">Designa Comiss\u00f5es Tem\u00e1ticas de 2019.<\/a><\/td>\n<\/tr>\n<tr>\n<td>009<\/td>\n<td><a href=\"..\/..\/wp-content\/uploads\/docs\/atos-normativos\/portarias\/2019\/Port-0092019.pdf\" target=\"_blank\" rel=\"noopener noreferrer\">Composi\u00e7\u00e3o Comit\u00ea de \u00c9tica<\/a><\/td>\n<\/tr>\n<tr>\n<td>010<\/td>\n<td><a href=\"..\/..\/wp-content\/uploads\/docs\/atos-normativos\/portarias\/2019\/Port-0102019.pdf\" target=\"_blank\" rel=\"noopener noreferrer\">Substitui\u00e7\u00e3o Angeilton Faleiro &#8211; Assessor T\u00e9cnico<\/a><\/td><\/td>\n<\/tr>\n<tr>\n<td>011<\/td>\n<td><a href=\"..\/..\/wp-content\/uploads\/docs\/atos-normativos\/portarias\/2019\/Port-0112019.pdf\" target=\"_blank\" rel=\"noopener noreferrer\">Designa \u00cdsis de Oliveira Rodrigues para Departamento Financeiro.<\/a><\/td>\n<\/tr>\n<tr>\n<td>012<\/td>\n<td><a href=\"..\/..\/wp-content\/uploads\/docs\/atos-normativos\/portarias\/2019\/Port-0122019.pdf\" target=\"_blank\" rel=\"noopener noreferrer\">Nomea\u00e7\u00e3o da Comiss\u00e3o Eleitoral 2019.<\/a><\/td>\n<\/tr>\n<tr>\n<td>013<\/td>\n<td><a href=\"..\/..\/wp-content\/uploads\/docs\/atos-normativos\/portarias\/2019\/Port-0132019.pdf\" target=\"_blank\" rel=\"noopener noreferrer\">Nomea\u00e7\u00e3o Angeilton Faleiro &#8211; Assessor T\u00e9cnico.<\/a><\/td>\n<\/tr>\n<tr>\n<td>014<\/td>\n<td><a href=\"..\/..\/wp-content\/uploads\/docs\/atos-normativos\/portarias\/2019\/Port-0142019.pdf\" target=\"_blank\" rel=\"noopener noreferrer\">Composi\u00e7\u00e3o da Comiss\u00e3o de Desfazimento e Aliena\u00e7\u00e3o de Bens.<\/a><\/td>\n<\/tr>\n<tr>\n<td>015<\/td>\n<td><a href=\"..\/..\/wp-content\/uploads\/docs\/atos-normativos\/portarias\/2019\/Port-0152019.pdf\" target=\"_blank\" rel=\"noopener noreferrer\">Substitui\u00e7\u00e3o do Gerente Executivo (Angeilton Lima).<\/a><\/td>\n<\/tr>\n<\/tbody>\n<\/table>\n<\/td>\n<\/tr>\n<\/tbody>\n<\/table>\n","protected":false},"excerpt":{"rendered":"<p>\u00a0 PORTARIAS 2019 N\u00b0 Descri\u00e7\u00e3o 001 Designa composi\u00e7\u00e3o de Licita\u00e7\u00e3o do Exerc\u00edcio de 2019. 002 Designa composi\u00e7\u00e3o da Comiss\u00e3o de Tomada de Contas do Exerc\u00edcio de 2019. 003 Designa Daniel dos Passos Soares como Gerente Executivo. 004 Designa Marianne Dias Pereira como Assessora T\u00e9cnica. 005 Designa Angeilton Francisco Lima Faleiro como Assessor T\u00e9cnico. 006 Delega &hellip; <a href=\"https:\/\/corecondf.org.br\/transparencia\/atos-normativos\/portarias-2019\/\" class=\"more-link\">Continue reading <span class=\"screen-reader-text\">Portarias 2019<\/span><\/a><\/p>\n","protected":false},"author":2,"featured_media":0,"parent":35,"menu_order":0,"comment_status":"closed","ping_status":"closed","template":"","meta":{"footnotes":""},"class_list":["post-232","page","type-page","status-publish","hentry"],"_links":{"self":[{"href":"https:\/\/corecondf.org.br\/transparencia\/wp-json\/wp\/v2\/pages\/232","targetHints":{"allow":["GET"]}}],"collection":[{"href":"https:\/\/corecondf.org.br\/transparencia\/wp-json\/wp\/v2\/pages"}],"about":[{"href":"https:\/\/corecondf.org.br\/transparencia\/wp-json\/wp\/v2\/types\/page"}],"author":[{"embeddable":true,"href":"https:\/\/corecondf.org.br\/transparencia\/wp-json\/wp\/v2\/users\/2"}],"replies":[{"embeddable":true,"href":"https:\/\/corecondf.org.br\/transparencia\/wp-json\/wp\/v2\/comments?post=232"}],"version-history":[{"count":0,"href":"https:\/\/corecondf.org.br\/transparencia\/wp-json\/wp\/v2\/pages\/232\/revisions"}],"up":[{"embeddable":true,"href":"https:\/\/corecondf.org.br\/transparencia\/wp-json\/wp\/v2\/pages\/35"}],"wp:attachment":[{"href":"https:\/\/corecondf.org.br\/transparencia\/wp-json\/wp\/v2\/media?parent=232"}],"curies":[{"name":"wp","href":"https:\/\/api.w.org\/{rel}","templated":true}]}}