{"id":228,"date":"2019-01-04T13:39:31","date_gmt":"2019-01-04T15:39:31","guid":{"rendered":"http:\/\/corecondf.org.br\/transparencia\/?page_id=228"},"modified":"2025-01-09T14:43:00","modified_gmt":"2025-01-09T17:43:00","slug":"anuidades-e-emolumentos","status":"publish","type":"page","link":"https:\/\/corecondf.org.br\/transparencia\/anuidades-e-emolumentos\/","title":{"rendered":"Anuidades e Emolumentos"},"content":{"rendered":"<p><strong><u>PESSOA F\u00cdSICA<\/u><\/strong><\/p>\n<p><strong>I.\u00a0<\/strong><strong>Inscri\u00e7\u00f5es:<\/strong><\/p>\n<p>a) Registro de Pessoa F\u00edsica \u2013 R$ 60,00<\/p>\n<p><strong>II. Contribui\u00e7\u00e3o Parafiscal<\/strong><\/p>\n<p>a) Valor base \u2013 R$ 675,00<\/p>\n<p>b) Pagamento antecipado:<\/p>\n<table width=\"0\">\n<tbody>\n<tr>\n<td width=\"170\"><strong>Vencimentos<\/strong><\/td>\n<td width=\"197\"><strong>Descontos (%)<\/strong><\/td>\n<td width=\"198\"><strong>Valor com desconto<\/strong><\/td>\n<\/tr>\n<tr>\n<td width=\"170\">31\/01\/2025<\/td>\n<td width=\"197\">5%<\/td>\n<td width=\"198\">R$ 641,25<\/td>\n<\/tr>\n<\/tbody>\n<\/table>\n<p>&nbsp;<\/p>\n<p>c) Pagamento parcelado, sem desconto, em at\u00e9 3 vezes:<\/p>\n<ul>\n<li>1\u00aa parcela at\u00e9 31 (trinta e um) de janeiro de 2025 = R$ 225,00<\/li>\n<li>2\u00aa parcela at\u00e9 28 (vinte e oito) de fevereiro de 2025 = R$ 225,00<\/li>\n<li>3\u00aa parcela at\u00e9 31 (trinta e um) de mar\u00e7o de 2025 = R$ 225,00<\/li>\n<\/ul>\n<p><strong>III. Emolumentos Diversos:<\/strong><\/p>\n<p>a) Expedi\u00e7\u00e3o de Carteiras de Identidade:<br \/>\nNa inscri\u00e7\u00e3o \u2013 R$ 80,00<br \/>\nSubstitui\u00e7\u00e3o ou 2\u00aa via \u2013 R$ 80,00<\/p>\n<p>b) Taxas e Certid\u00f5es:<br \/>\nTaxa de Cancelamento \u2013 R$ 80,00<\/p>\n<p>c) Certid\u00e3o outros documentos (regularidade de funcionamento, altera\u00e7\u00e3o de nome ou raz\u00e3o social, de registro ou quaisquer outras) e Emiss\u00e3o de Certid\u00e3o de Acervo T\u00e9cnico (ART) \u2013 R$ 130,00<\/p>\n<p>d) Emiss\u00e3o de Certid\u00e3o de Acervo T\u00e9cnico (CAT) \u2013 R$ 130,00<\/p>\n<hr \/>\n<p><strong><u>PESSOA JUR\u00cdDICA<\/u><\/strong><\/p>\n<p><strong>I.\u00a0<\/strong><strong>Inscri\u00e7\u00f5es:<\/strong><\/p>\n<p>a) Definitiva \u2013 R$ 308,88<br \/>\nb) Secund\u00e1ria \u2013 R$ 145,97<\/p>\n<p><strong>II. Contribui\u00e7\u00e3o Parafiscal<\/strong><\/p>\n<p>a) Pagamento Integral at\u00e9 31\/03\/2025 (sem desconto)<\/p>\n<table>\n<tbody>\n<tr>\n<td width=\"366\">Faixas de Capital<\/td>\n<td width=\"104\">Valor \u00danico (Matriz 2025)<\/td>\n<td width=\"95\">Valor \u00danico (Sec. 2025)<\/td>\n<\/tr>\n<tr>\n<td width=\"366\">AT\u00c9 R$10.000,00<\/td>\n<td width=\"104\">R$ 797,11<\/td>\n<td width=\"95\">R$ 398,56<\/td>\n<\/tr>\n<tr>\n<td width=\"366\">ACIMA DE R$10.000,00 AT\u00c9 R$50.000,00<\/td>\n<td width=\"104\">R$ 1.049,01<\/td>\n<td width=\"95\">R$ 524,51<\/td>\n<\/tr>\n<tr>\n<td width=\"366\">ACIMA DE R$50.000,00 AT\u00c9 R$200.000,00<\/td>\n<td width=\"104\">R$ 2.098,02<\/td>\n<td width=\"95\">R$ 1.049,01<\/td>\n<\/tr>\n<tr>\n<td width=\"366\">ACIMA DE R$200.000,00 AT\u00c9 R$500.000,00<\/td>\n<td width=\"104\">R$ 3.147,04<\/td>\n<td width=\"95\">R$ 1.573,52<\/td>\n<\/tr>\n<tr>\n<td width=\"366\">ACIMA DE R$500.000,00 AT\u00c9 R$1.000.000,00<\/td>\n<td width=\"104\">R$ 4.196,04<\/td>\n<td width=\"95\">R$ 2.098,02<\/td>\n<\/tr>\n<tr>\n<td width=\"366\">ACIMA DE R$1.000.000,00 AT\u00c9 R$2.000.000,00<\/td>\n<td width=\"104\">R$ 5.245,03<\/td>\n<td width=\"95\">R$ 2.622,52<\/td>\n<\/tr>\n<tr>\n<td width=\"366\">ACIMA DE R$2.000.000,00 AT\u00c9 R$10.000.000,00<\/td>\n<td width=\"104\">R$ 6.155,97<\/td>\n<td width=\"95\">R$ 3.007,98<\/td>\n<\/tr>\n<tr>\n<td width=\"366\">ACIMA DE R$10.000.000,00<\/td>\n<td width=\"104\">R$ 8.392,10<\/td>\n<td width=\"95\">R$ 4.196,05<\/td>\n<\/tr>\n<\/tbody>\n<\/table>\n<p>b) Pagamento parcelado: Em at\u00e9 3 (tr\u00eas) vezes, sem desconto:<\/p>\n<ul>\n<li>1\u00aa parcela at\u00e9 31 (trinta e um) de janeiro de 2025<\/li>\n<li>2\u00aa parcela at\u00e9 28 (vinte e oito) de fevereiro de 2025<\/li>\n<li>3\u00aa parcela at\u00e9 31 (trinta e um) de mar\u00e7o de 2025<\/li>\n<\/ul>\n<p><strong>III. Emolumentos Diversos:<\/strong><\/p>\n<p>a) Certid\u00e3o de Acervo T\u00e9cnico \u2013 R$ 130,00<br \/>\nb) Certid\u00f5es (regularidade de funcionamento, de altera\u00e7\u00e3o de nome ou raz\u00e3o social, de registro ou quaisquer outras) e Emiss\u00e3o de Certid\u00e3o de Acervo T\u00e9cnico (ART) \u2013 R$ 130,00<\/p>\n<p>&nbsp;<\/p>\n","protected":false},"excerpt":{"rendered":"<p>PESSOA F\u00cdSICA I.\u00a0Inscri\u00e7\u00f5es: a) Registro de Pessoa F\u00edsica \u2013 R$ 60,00 II. Contribui\u00e7\u00e3o Parafiscal a) Valor base \u2013 R$ 675,00 b) Pagamento antecipado: Vencimentos Descontos (%) Valor com desconto 31\/01\/2025 5% R$ 641,25 &nbsp; c) Pagamento parcelado, sem desconto, em at\u00e9 3 vezes: 1\u00aa parcela at\u00e9 31 (trinta e um) de janeiro de 2025 = &hellip; <a href=\"https:\/\/corecondf.org.br\/transparencia\/anuidades-e-emolumentos\/\" class=\"more-link\">Continue reading <span class=\"screen-reader-text\">Anuidades e Emolumentos<\/span><\/a><\/p>\n","protected":false},"author":2,"featured_media":0,"parent":0,"menu_order":0,"comment_status":"closed","ping_status":"closed","template":"","meta":{"footnotes":""},"class_list":["post-228","page","type-page","status-publish","hentry"],"_links":{"self":[{"href":"https:\/\/corecondf.org.br\/transparencia\/wp-json\/wp\/v2\/pages\/228","targetHints":{"allow":["GET"]}}],"collection":[{"href":"https:\/\/corecondf.org.br\/transparencia\/wp-json\/wp\/v2\/pages"}],"about":[{"href":"https:\/\/corecondf.org.br\/transparencia\/wp-json\/wp\/v2\/types\/page"}],"author":[{"embeddable":true,"href":"https:\/\/corecondf.org.br\/transparencia\/wp-json\/wp\/v2\/users\/2"}],"replies":[{"embeddable":true,"href":"https:\/\/corecondf.org.br\/transparencia\/wp-json\/wp\/v2\/comments?post=228"}],"version-history":[{"count":6,"href":"https:\/\/corecondf.org.br\/transparencia\/wp-json\/wp\/v2\/pages\/228\/revisions"}],"predecessor-version":[{"id":1696,"href":"https:\/\/corecondf.org.br\/transparencia\/wp-json\/wp\/v2\/pages\/228\/revisions\/1696"}],"wp:attachment":[{"href":"https:\/\/corecondf.org.br\/transparencia\/wp-json\/wp\/v2\/media?parent=228"}],"curies":[{"name":"wp","href":"https:\/\/api.w.org\/{rel}","templated":true}]}}