{"id":1706,"date":"2025-03-08T16:17:59","date_gmt":"2025-03-08T19:17:59","guid":{"rendered":"https:\/\/corecondf.org.br\/transparencia\/?page_id=1706"},"modified":"2026-04-03T17:11:58","modified_gmt":"2026-04-03T20:11:58","slug":"balancetes-2025","status":"publish","type":"page","link":"https:\/\/corecondf.org.br\/transparencia\/balancetes\/balancetes-2025\/","title":{"rendered":"Balancetes 2025"},"content":{"rendered":"<div align=\"right\"><a class=\"btn btn-primary btn-lg\" href=\"\/transparencia\/balancetes\" type=\"button\">Voltar<\/a><\/div>\n<p><!--h3>Balancetes Anal\u00edticos<\/h3>\n\n\n<a href=\"..\/..\/wp-content\/uploads\/docs\/balancetes\/analiticos\/2025\/ba01.xls\" target=\"_blank\" rel=\"noopener noreferrer\">Janeiro<\/a>\n<a href=\"..\/..\/wp-content\/uploads\/docs\/balancetes\/2025\/ba02.xls\" target=\"_blank\" rel=\"noopener noreferrer\">Fevereiro<\/a>\n<a href=\"..\/..\/wp-content\/uploads\/docs\/balancetes\/2025\/ba03.xls\" target=\"_blank\" rel=\"noopener noreferrer\">Mar\u00e7o<\/a>\n<a href=\"..\/..\/wp-content\/uploads\/docs\/balancetes\/2025\/ba04.xls\" target=\"_blank\" rel=\"noopener noreferrer\">Abril<\/a>\n<a href=\"..\/..\/wp-content\/uploads\/docs\/balancetes\/2025\/ba05.xls\" target=\"_blank\" rel=\"noopener noreferrer\">Maio<\/a>\n<a href=\"..\/..\/wp-content\/uploads\/docs\/balancetes\/2025\/ba06.xls\" target=\"_blank\" rel=\"noopener noreferrer\">Junho<\/a>\n<a href=\"..\/..\/wp-content\/uploads\/docs\/balancetes\/2025\/ba07.xls\" target=\"_blank\" rel=\"noopener noreferrer\">Julho<\/a>\n<a href=\"..\/..\/wp-content\/uploads\/docs\/balancetes\/2025\/ba08.xls\" target=\"_blank\" rel=\"noopener noreferrer\">Agosto<\/a>\n<a href=\"..\/..\/wp-content\/uploads\/docs\/balancetes\/2025\/ba09.xls\" target=\"_blank\" rel=\"noopener noreferrer\">Setembro<\/a>\n<a href=\"..\/..\/wp-content\/uploads\/docs\/balancetes\/2025\/ba10.xls\" target=\"_blank\" rel=\"noopener noreferrer\">Outubro<\/a>\n<a href=\"..\/..\/wp-content\/uploads\/docs\/balancetes\/2025\/ba11.xls\" target=\"_blank\" rel=\"noopener noreferrer\">Novembro<\/a>\n<a href=\"..\/..\/wp-content\/uploads\/docs\/balancetes\/2025\/ba12.xls\" target=\"_blank\" rel=\"noopener noreferrer\">Dezembro<\/a>\n<\/p-->\n<h3>Balancetes Financeiros<\/h3>\n<p><a href=\"..\/..\/wp-content\/uploads\/docs\/balancetes\/2025\/bf01.xlsx\" target=\"_blank\" rel=\"noopener noreferrer\">Janeiro<\/a><br \/>\n<a href=\"..\/..\/wp-content\/uploads\/docs\/balancetes\/2025\/bf02.xlsx\" target=\"_blank\" rel=\"noopener noreferrer\">Fevereiro<\/a><br \/>\n<a href=\"..\/..\/wp-content\/uploads\/docs\/balancetes\/2025\/bf03.xlsx\" target=\"_blank\" rel=\"noopener noreferrer\">Mar\u00e7o<\/a><br \/>\n<a href=\"..\/..\/wp-content\/uploads\/docs\/balancetes\/2025\/bf04.xlsx\" target=\"_blank\" rel=\"noopener noreferrer\">Abril<\/a><br \/>\n<a href=\"..\/..\/wp-content\/uploads\/docs\/balancetes\/2025\/bf05.xlsx\" target=\"_blank\" rel=\"noopener noreferrer\">Maio<\/a><br \/>\n<a href=\"..\/..\/wp-content\/uploads\/docs\/balancetes\/2025\/bf06.xlsx\" target=\"_blank\" rel=\"noopener noreferrer\">Junho<\/a><br \/>\n<a href=\"..\/..\/wp-content\/uploads\/docs\/balancetes\/2025\/bf07.xlsx\" target=\"_blank\" rel=\"noopener noreferrer\">Julho<\/a><br \/>\n<a href=\"..\/..\/wp-content\/uploads\/docs\/balancetes\/2025\/bf08.xlsx\" target=\"_blank\" rel=\"noopener noreferrer\">Agosto<\/a><br \/>\n<a href=\"..\/..\/wp-content\/uploads\/docs\/balancetes\/2025\/bf09.xlsx\" target=\"_blank\" rel=\"noopener noreferrer\">Setembro<\/a><br \/>\n<a href=\"..\/..\/wp-content\/uploads\/docs\/balancetes\/2025\/bf10.xlsx\" target=\"_blank\" rel=\"noopener noreferrer\">Outubro<\/a><br \/>\n<!--a href=\"..\/..\/wp-content\/uploads\/docs\/balancetes\/2025\/bf11.xlsx\" target=\"_blank\" rel=\"noopener noreferrer\">Novembro<\/a--><br \/>\n<a href=\"..\/..\/wp-content\/uploads\/docs\/balancetes\/2025\/bf12.xlsx\" target=\"_blank\" rel=\"noopener noreferrer\">Dezembro<\/a><\/p>\n<h3>Balancetes Patrimoniais<\/h3>\n<p><a href=\"..\/..\/wp-content\/uploads\/docs\/balancetes\/2025\/bp01.xlsx\" target=\"_blank\" rel=\"noopener noreferrer\">Janeiro<\/a><br \/>\n<a href=\"..\/..\/wp-content\/uploads\/docs\/balancetes\/2025\/bp02.xlsx\" target=\"_blank\" rel=\"noopener noreferrer\">Fevereiro<\/a><br \/>\n<a href=\"..\/..\/wp-content\/uploads\/docs\/balancetes\/2025\/bp03.xlsx\" target=\"_blank\" rel=\"noopener noreferrer\">Mar\u00e7o<\/a><br \/>\n<a href=\"..\/..\/wp-content\/uploads\/docs\/balancetes\/2025\/bp04.xlsx\" target=\"_blank\" rel=\"noopener noreferrer\">Abril<\/a><br \/>\n<a href=\"..\/..\/wp-content\/uploads\/docs\/balancetes\/2025\/bp05.xlsx\" target=\"_blank\" rel=\"noopener noreferrer\">Maio<\/a><br \/>\n<a href=\"..\/..\/wp-content\/uploads\/docs\/balancetes\/2025\/bp06.xlsx\" target=\"_blank\" rel=\"noopener noreferrer\">Junho<\/a><br \/>\n<a href=\"..\/..\/wp-content\/uploads\/docs\/balancetes\/2025\/bp07.xlsx\" target=\"_blank\" rel=\"noopener noreferrer\">Julho<\/a><br \/>\n<a href=\"..\/..\/wp-content\/uploads\/docs\/balancetes\/2025\/bp08.xlsx\" target=\"_blank\" rel=\"noopener noreferrer\">Agosto<\/a><br \/>\n<a href=\"..\/..\/wp-content\/uploads\/docs\/balancetes\/2025\/bp09.xlsx\" target=\"_blank\" rel=\"noopener noreferrer\">Setembro<\/a><br \/>\n<a href=\"..\/..\/wp-content\/uploads\/docs\/balancetes\/2025\/bp10.xlsx\" target=\"_blank\" rel=\"noopener noreferrer\">Outubro<\/a><br \/>\n<!--a href=\"..\/..\/wp-content\/uploads\/docs\/balancetes\/2025\/bp11.xlsx\" target=\"_blank\" rel=\"noopener noreferrer\">Novembro<\/a--><br \/>\n<a href=\"..\/..\/wp-content\/uploads\/docs\/balancetes\/2025\/bp12.xlsx\" target=\"_blank\" rel=\"noopener noreferrer\">Dezembro<\/a><\/p>\n<h3>Balancetes Or\u00e7ament\u00e1rios<\/h3>\n<p><a href=\"..\/..\/wp-content\/uploads\/docs\/balancetes\/2025\/bo01.xlsx\" target=\"_blank\" rel=\"noopener noreferrer\">Janeiro<\/a><br \/>\n<a href=\"..\/..\/wp-content\/uploads\/docs\/balancetes\/2025\/bo02.xlsx\" target=\"_blank\" rel=\"noopener noreferrer\">Fevereiro<\/a><br \/>\n<a href=\"..\/..\/wp-content\/uploads\/docs\/balancetes\/2025\/bo03.xlsx\" target=\"_blank\" rel=\"noopener noreferrer\">Mar\u00e7o<\/a><br \/>\n<a href=\"..\/..\/wp-content\/uploads\/docs\/balancetes\/2025\/bo04.xlsx\" target=\"_blank\" rel=\"noopener noreferrer\">Abril<\/a><br \/>\n<a href=\"..\/..\/wp-content\/uploads\/docs\/balancetes\/2025\/bo05.xlsx\" target=\"_blank\" rel=\"noopener noreferrer\">Maio<\/a><br \/>\n<a href=\"..\/..\/wp-content\/uploads\/docs\/balancetes\/2025\/bo06.xlsx\" target=\"_blank\" rel=\"noopener noreferrer\">Junho<\/a><br \/>\n<a href=\"..\/..\/wp-content\/uploads\/docs\/balancetes\/2025\/bo07.xlsx\" target=\"_blank\" rel=\"noopener noreferrer\">Julho<\/a><br \/>\n<a href=\"..\/..\/wp-content\/uploads\/docs\/balancetes\/2025\/bo08.xlsx\" target=\"_blank\" rel=\"noopener noreferrer\">Agosto<\/a><br \/>\n<a href=\"..\/..\/wp-content\/uploads\/docs\/balancetes\/2025\/bo09.xlsx\" target=\"_blank\" rel=\"noopener noreferrer\">Setembro<\/a><br \/>\n<a href=\"..\/..\/wp-content\/uploads\/docs\/balancetes\/2025\/bo10.xlsx\" target=\"_blank\" rel=\"noopener noreferrer\">Outubro<\/a><br \/>\n<!--a href=\"..\/..\/wp-content\/uploads\/docs\/balancetes\/2025\/bo11.xlsx\" target=\"_blank\" rel=\"noopener noreferrer\">Novembro<\/a--><br \/>\n<a href=\"..\/..\/wp-content\/uploads\/docs\/balancetes\/2025\/bo12.xlsx\" target=\"_blank\" rel=\"noopener noreferrer\">Dezembro<\/a><\/p>\n<h3>Balancetes Patrimoniais Comparados<\/h3>\n<p><a href=\"..\/..\/wp-content\/uploads\/docs\/balancetes\/2025\/bpc01.xlsx\" target=\"_blank\" rel=\"noopener noreferrer\">Janeiro<\/a><br \/>\n<a href=\"..\/..\/wp-content\/uploads\/docs\/balancetes\/2025\/bpc02.xlsx\" target=\"_blank\" rel=\"noopener noreferrer\">Fevereiro<\/a><br \/>\n<a href=\"..\/..\/wp-content\/uploads\/docs\/balancetes\/2025\/bpc03.xlsx\" target=\"_blank\" rel=\"noopener noreferrer\">Mar\u00e7o<\/a><br \/>\n<a href=\"..\/..\/wp-content\/uploads\/docs\/balancetes\/2025\/bpc04.xlsx\" target=\"_blank\" rel=\"noopener noreferrer\">Abril<\/a><br \/>\n<a href=\"..\/..\/wp-content\/uploads\/docs\/balancetes\/2025\/bpc05.xlsx\" target=\"_blank\" rel=\"noopener noreferrer\">Maio<\/a><br \/>\n<a href=\"..\/..\/wp-content\/uploads\/docs\/balancetes\/2025\/bpc06.xlsx\" target=\"_blank\" rel=\"noopener noreferrer\">Junho<\/a><br \/>\n<a href=\"..\/..\/wp-content\/uploads\/docs\/balancetes\/2025\/bpc07.xlsx\" target=\"_blank\" rel=\"noopener noreferrer\">Julho<\/a><br \/>\n<a href=\"..\/..\/wp-content\/uploads\/docs\/balancetes\/2025\/bpc08.xlsx\" target=\"_blank\" rel=\"noopener noreferrer\">Agosto<\/a><br \/>\n<a href=\"..\/..\/wp-content\/uploads\/docs\/balancetes\/2025\/bpc09.xlsx\" target=\"_blank\" rel=\"noopener noreferrer\">Setembro<\/a><br \/>\n<a href=\"..\/..\/wp-content\/uploads\/docs\/balancetes\/2025\/bpc10.xlsx\" target=\"_blank\" rel=\"noopener noreferrer\">Outubro<\/a><br \/>\n<!--a href=\"..\/..\/wp-content\/uploads\/docs\/balancetes\/2025\/bpc11.xlsx\" target=\"_blank\" rel=\"noopener noreferrer\">Novembro<\/a--><br \/>\n<a href=\"..\/..\/wp-content\/uploads\/docs\/balancetes\/2025\/bpc12.xlsx\" target=\"_blank\" rel=\"noopener noreferrer\">Dezembro<\/a><\/p>\n<h3>Balancetes de Verifica\u00e7\u00f5es<\/h3>\n<p><a href=\"..\/..\/wp-content\/uploads\/docs\/balancetes\/2025\/dv01.xlsx\" target=\"_blank\" rel=\"noopener noreferrer\">Janeiro<\/a><br \/>\n<a href=\"..\/..\/wp-content\/uploads\/docs\/balancetes\/2025\/dv02.xlsx\" target=\"_blank\" rel=\"noopener noreferrer\">Fevereiro<\/a><br \/>\n<a href=\"..\/..\/wp-content\/uploads\/docs\/balancetes\/2025\/dv03.xlsx\" target=\"_blank\" rel=\"noopener noreferrer\">Mar\u00e7o<\/a><br \/>\n<a href=\"..\/..\/wp-content\/uploads\/docs\/balancetes\/2025\/dv04.xlsx\" target=\"_blank\" rel=\"noopener noreferrer\">Abril<\/a><br \/>\n<a href=\"..\/..\/wp-content\/uploads\/docs\/balancetes\/2025\/dv05.xlsx\" target=\"_blank\" rel=\"noopener noreferrer\">Maio<\/a><br \/>\n<a href=\"..\/..\/wp-content\/uploads\/docs\/balancetes\/2025\/dv06.xlsx\" target=\"_blank\" rel=\"noopener noreferrer\">Junho<\/a><br \/>\n<a href=\"..\/..\/wp-content\/uploads\/docs\/balancetes\/2025\/dv07.xlsx\" target=\"_blank\" rel=\"noopener noreferrer\">Julho<\/a><br \/>\n<a href=\"..\/..\/wp-content\/uploads\/docs\/balancetes\/2025\/dv08.xlsx\" target=\"_blank\" rel=\"noopener noreferrer\">Agosto<\/a><br \/>\n<a href=\"..\/..\/wp-content\/uploads\/docs\/balancetes\/2025\/dv09.xlsx\" target=\"_blank\" rel=\"noopener noreferrer\">Setembro<\/a><br \/>\n<a href=\"..\/..\/wp-content\/uploads\/docs\/balancetes\/2025\/dv10.xlsx\" target=\"_blank\" rel=\"noopener noreferrer\">Outubro<\/a><br \/>\n<!--a href=\"..\/..\/wp-content\/uploads\/docs\/balancetes\/2025\/dv11.xlsx\" target=\"_blank\" rel=\"noopener noreferrer\">Novembro<\/a--><br \/>\n<a href=\"..\/..\/wp-content\/uploads\/docs\/balancetes\/2025\/dv12.xlsx\" target=\"_blank\" rel=\"noopener noreferrer\">Dezembro<\/a><\/p>\n<h3>Demonstrativos de Fluxo de Caixa<\/h3>\n<p><a href=\"..\/..\/wp-content\/uploads\/docs\/balancetes\/2025\/dfc01.xlsx\" target=\"_blank\" rel=\"noopener noreferrer\">Janeiro<\/a><br \/>\n<a href=\"..\/..\/wp-content\/uploads\/docs\/balancetes\/2025\/dfc02.xlsx\" target=\"_blank\" rel=\"noopener noreferrer\">Fevereiro<\/a><br \/>\n<a href=\"..\/..\/wp-content\/uploads\/docs\/balancetes\/2025\/dfc03.xlsx\" target=\"_blank\" rel=\"noopener noreferrer\">Mar\u00e7o<\/a><br \/>\n<a href=\"..\/..\/wp-content\/uploads\/docs\/balancetes\/2025\/dfc04.xlsx\" target=\"_blank\" rel=\"noopener noreferrer\">Abril<\/a><br \/>\n<a href=\"..\/..\/wp-content\/uploads\/docs\/balancetes\/2025\/dfc05.xlsx\" target=\"_blank\" rel=\"noopener noreferrer\">Maio<\/a><br \/>\n<a href=\"..\/..\/wp-content\/uploads\/docs\/balancetes\/2025\/dfc06.xlsx\" target=\"_blank\" rel=\"noopener noreferrer\">Junho<\/a><br \/>\n<a href=\"..\/..\/wp-content\/uploads\/docs\/balancetes\/2025\/dfc07.xlsx\" target=\"_blank\" rel=\"noopener noreferrer\">Julho<\/a><br \/>\n<a href=\"..\/..\/wp-content\/uploads\/docs\/balancetes\/2025\/dfc08.xlsx\" target=\"_blank\" rel=\"noopener noreferrer\">Agosto<\/a><br \/>\n<a href=\"..\/..\/wp-content\/uploads\/docs\/balancetes\/2025\/dfc09.xlsx\" target=\"_blank\" rel=\"noopener noreferrer\">Setembro<\/a><br \/>\n<a href=\"..\/..\/wp-content\/uploads\/docs\/balancetes\/2025\/dfc10.xlsx\" target=\"_blank\" rel=\"noopener noreferrer\">Outubro<\/a><br \/>\n<!--a href=\"..\/..\/wp-content\/uploads\/docs\/balancetes\/2025\/dfc11.xlsx\" target=\"_blank\" rel=\"noopener noreferrer\">Novembro<\/a--><br \/>\n<a href=\"..\/..\/wp-content\/uploads\/docs\/balancetes\/2025\/dfc12.xlsx\" target=\"_blank\" rel=\"noopener noreferrer\">Dezembro<\/a><\/p>\n<h3>Demonstrativos de Varia\u00e7\u00f5es Patrimoniais<\/h3>\n<p><a href=\"..\/..\/wp-content\/uploads\/docs\/balancetes\/2025\/dvp01.xlsx\" target=\"_blank\" rel=\"noopener noreferrer\">Janeiro<\/a><br \/>\n<a href=\"..\/..\/wp-content\/uploads\/docs\/balancetes\/2025\/dvp02.xlsx\" target=\"_blank\" rel=\"noopener noreferrer\">Fevereiro<\/a><br \/>\n<a href=\"..\/..\/wp-content\/uploads\/docs\/balancetes\/2025\/dvp03.xlsx\" target=\"_blank\" rel=\"noopener noreferrer\">Mar\u00e7o<\/a><br \/>\n<a href=\"..\/..\/wp-content\/uploads\/docs\/balancetes\/2025\/dvp04.xlsx\" target=\"_blank\" rel=\"noopener noreferrer\">Abril<\/a><br \/>\n<a href=\"..\/..\/wp-content\/uploads\/docs\/balancetes\/2025\/dvp05.xlsx\" target=\"_blank\" rel=\"noopener noreferrer\">Maio<\/a><br \/>\n<a href=\"..\/..\/wp-content\/uploads\/docs\/balancetes\/2025\/dvp06.xlsx\" target=\"_blank\" rel=\"noopener noreferrer\">Junho<\/a><br \/>\n<a href=\"..\/..\/wp-content\/uploads\/docs\/balancetes\/2025\/dvp07.xlsx\" target=\"_blank\" rel=\"noopener noreferrer\">Julho<\/a><br \/>\n<a href=\"..\/..\/wp-content\/uploads\/docs\/balancetes\/2025\/dvp08.xlsx\" target=\"_blank\" rel=\"noopener noreferrer\">Agosto<\/a><br \/>\n<a href=\"..\/..\/wp-content\/uploads\/docs\/balancetes\/2025\/dvp09.xlsx\" target=\"_blank\" rel=\"noopener noreferrer\">Setembro<\/a><br \/>\n<a href=\"..\/..\/wp-content\/uploads\/docs\/balancetes\/2025\/dvp10.xlsx\" target=\"_blank\" rel=\"noopener noreferrer\">Outubro<\/a><br \/>\n<!--a href=\"..\/..\/wp-content\/uploads\/docs\/balancetes\/2025\/dvp11.xlsx\" target=\"_blank\" rel=\"noopener noreferrer\">Novembro<\/a--><br \/>\n<a href=\"..\/..\/wp-content\/uploads\/docs\/balancetes\/2025\/dvp12.xlsx\" target=\"_blank\" rel=\"noopener noreferrer\">Dezembro<\/a><\/p>\n","protected":false},"excerpt":{"rendered":"<p>Voltar Balancetes Financeiros Janeiro Fevereiro Mar\u00e7o Abril Maio Junho Julho Agosto Setembro Outubro Dezembro Balancetes Patrimoniais Janeiro Fevereiro Mar\u00e7o Abril Maio Junho Julho Agosto Setembro Outubro Dezembro Balancetes Or\u00e7ament\u00e1rios Janeiro Fevereiro Mar\u00e7o Abril Maio Junho Julho Agosto Setembro Outubro Dezembro Balancetes Patrimoniais Comparados Janeiro Fevereiro Mar\u00e7o Abril Maio Junho Julho Agosto Setembro Outubro Dezembro Balancetes &hellip; <a href=\"https:\/\/corecondf.org.br\/transparencia\/balancetes\/balancetes-2025\/\" class=\"more-link\">Continue reading <span class=\"screen-reader-text\">Balancetes 2025<\/span><\/a><\/p>\n","protected":false},"author":2,"featured_media":0,"parent":53,"menu_order":0,"comment_status":"closed","ping_status":"closed","template":"","meta":{"footnotes":""},"class_list":["post-1706","page","type-page","status-publish","hentry"],"_links":{"self":[{"href":"https:\/\/corecondf.org.br\/transparencia\/wp-json\/wp\/v2\/pages\/1706","targetHints":{"allow":["GET"]}}],"collection":[{"href":"https:\/\/corecondf.org.br\/transparencia\/wp-json\/wp\/v2\/pages"}],"about":[{"href":"https:\/\/corecondf.org.br\/transparencia\/wp-json\/wp\/v2\/types\/page"}],"author":[{"embeddable":true,"href":"https:\/\/corecondf.org.br\/transparencia\/wp-json\/wp\/v2\/users\/2"}],"replies":[{"embeddable":true,"href":"https:\/\/corecondf.org.br\/transparencia\/wp-json\/wp\/v2\/comments?post=1706"}],"version-history":[{"count":15,"href":"https:\/\/corecondf.org.br\/transparencia\/wp-json\/wp\/v2\/pages\/1706\/revisions"}],"predecessor-version":[{"id":1784,"href":"https:\/\/corecondf.org.br\/transparencia\/wp-json\/wp\/v2\/pages\/1706\/revisions\/1784"}],"up":[{"embeddable":true,"href":"https:\/\/corecondf.org.br\/transparencia\/wp-json\/wp\/v2\/pages\/53"}],"wp:attachment":[{"href":"https:\/\/corecondf.org.br\/transparencia\/wp-json\/wp\/v2\/media?parent=1706"}],"curies":[{"name":"wp","href":"https:\/\/api.w.org\/{rel}","templated":true}]}}