{"id":170,"date":"2018-12-20T01:07:37","date_gmt":"2018-12-20T03:07:37","guid":{"rendered":"http:\/\/corecondf.org.br\/transparencia\/?page_id=170"},"modified":"2018-12-20T01:07:37","modified_gmt":"2018-12-20T03:07:37","slug":"balancetes-2016","status":"publish","type":"page","link":"https:\/\/corecondf.org.br\/transparencia\/balancetes\/balancetes-2016\/","title":{"rendered":"Balancetes 2016"},"content":{"rendered":"<p><h3>Balancetes Anal\u00edticos<\/h3>\n<p><a href=\"..\/..\/wp-content\/uploads\/docs\/balancetes\/analiticos\/2016\/Balancete01.2016.pdf\" target=\"_blank\" rel=\"noopener\">Janeiro<\/a><br \/>\n<a href=\"..\/..\/wp-content\/uploads\/docs\/balancetes\/analiticos\/2016\/Balancete02.2016.pdf\" target=\"_blank\" rel=\"noopener\">Fevereiro<\/a><br \/>\n<a href=\"..\/..\/wp-content\/uploads\/docs\/balancetes\/analiticos\/2016\/Balancete03.2016.pdf\" target=\"_blank\" rel=\"noopener\">Mar\u00e7o<\/a><br \/>\n<a href=\"..\/..\/wp-content\/uploads\/docs\/balancetes\/analiticos\/2016\/Balancete04.2016.pdf\" target=\"_blank\" rel=\"noopener\">Abril<\/a><br \/>\n<a href=\"..\/..\/wp-content\/uploads\/docs\/balancetes\/analiticos\/2016\/Balancete05.2016.pdf\" target=\"_blank\" rel=\"noopener\">Maio<\/a><br \/>\n<a href=\"..\/..\/wp-content\/uploads\/docs\/balancetes\/analiticos\/2016\/Balancete06.2016.pdf\" target=\"_blank\" rel=\"noopener\">Junho<\/a><br \/>\n<a href=\"..\/..\/wp-content\/uploads\/docs\/balancetes\/analiticos\/2016\/Balancete07.2016.pdf\" target=\"_blank\" rel=\"noopener\">Julho<\/a><br \/>\n<a href=\"..\/..\/wp-content\/uploads\/docs\/balancetes\/analiticos\/2016\/Balancete08.2016.pdf\" target=\"_blank\" rel=\"noopener\">Agosto<\/a><br \/>\n<a href=\"..\/..\/wp-content\/uploads\/docs\/balancetes\/analiticos\/2016\/Balancete09.2016.pdf\" target=\"_blank\" rel=\"noopener\">Setembro<\/a><br \/>\n<a href=\"..\/..\/wp-content\/uploads\/docs\/balancetes\/analiticos\/2016\/Balancete10.2016.pdf\" target=\"_blank\" rel=\"noopener\">Outubro<\/a><br \/>\n<a href=\"..\/..\/wp-content\/uploads\/docs\/balancetes\/analiticos\/2016\/Balancete11.2016.pdf\" target=\"_blank\" rel=\"noopener\">Novembro<\/a><br \/>\n<a href=\"..\/..\/wp-content\/uploads\/docs\/balancetes\/analiticos\/2016\/Balancete12.2016.pdf\" target=\"_blank\" rel=\"noopener\">Dezembro<\/a>\n<\/p>\n<p>&nbsp;<\/p>\n<p><h3>Balancetes Financeiros<\/h3>\n<p><a href=\"..\/..\/wp-content\/uploads\/docs\/balancetes\/financeiros\/2016\/BalancoFinanceiro01.2016.pdf\" target=\"_blank\" rel=\"noopener\">Janeiro<\/a><br \/>\n<a href=\"..\/..\/wp-content\/uploads\/docs\/balancetes\/financeiros\/2016\/BalancoFinanceiro02.2016.pdf\" target=\"_blank\" rel=\"noopener\">Fevereiro<\/a><br \/>\n<a href=\"..\/..\/wp-content\/uploads\/docs\/balancetes\/financeiros\/2016\/BalancoFinanceiro03.2016.pdf\" target=\"_blank\" rel=\"noopener\">Mar\u00e7o<\/a><br \/>\n<a href=\"..\/..\/wp-content\/uploads\/docs\/balancetes\/financeiros\/2016\/BalancoFinanceiro04.2016.pdf\" target=\"_blank\" rel=\"noopener\">Abril<\/a><br \/>\n<a href=\"..\/..\/wp-content\/uploads\/docs\/balancetes\/financeiros\/2016\/BalancoFinanceiro05.2016.pdf\" target=\"_blank\" rel=\"noopener\">Maio<\/a><br \/>\n<a href=\"..\/..\/wp-content\/uploads\/docs\/balancetes\/financeiros\/2016\/BalancoFinanceiro06.2016.pdf\" target=\"_blank\" rel=\"noopener\">Junho<\/a><br \/>\n<a href=\"..\/..\/wp-content\/uploads\/docs\/balancetes\/financeiros\/2016\/BalancoFinanceiro07.2016.pdf\" target=\"_blank\" rel=\"noopener\">Julho<\/a><br \/>\n<a href=\"..\/..\/wp-content\/uploads\/docs\/balancetes\/financeiros\/2016\/BalancoFinanceiro08.2016.pdf\" target=\"_blank\" rel=\"noopener\">Agosto<\/a><br \/>\n<a href=\"..\/..\/wp-content\/uploads\/docs\/balancetes\/financeiros\/2016\/BalancoFinanceiro09.2016.pdf\" target=\"_blank\" rel=\"noopener\">Setembro<\/a><br \/>\n<a href=\"..\/..\/wp-content\/uploads\/docs\/balancetes\/financeiros\/2016\/BalancoFinanceiro10.2016.pdf\" target=\"_blank\" rel=\"noopener\">Outubro<\/a><br \/>\n<a href=\"..\/..\/wp-content\/uploads\/docs\/balancetes\/financeiros\/2016\/BalancoFinanceiro11.2016.pdf\" target=\"_blank\" rel=\"noopener\">Novembro<\/a><br \/>\n<a href=\"..\/..\/wp-content\/uploads\/docs\/balancetes\/financeiros\/2016\/BalancoFinanceiro12.2016.pdf\" target=\"_blank\" rel=\"noopener\">Dezembro<\/a>\n<\/p>\n<p>&nbsp;<\/p>\n<p><h3>Balancetes Patrimoniais<\/h3>\n<p><a href=\"..\/..\/wp-content\/uploads\/docs\/balancetes\/patrimoniais\/2016\/BalancoPatrimonial01.2016.pdf\" target=\"_blank\" rel=\"noopener\">Janeiro<\/a><br \/>\n<a href=\"..\/..\/wp-content\/uploads\/docs\/balancetes\/patrimoniais\/2016\/BalancoPatrimonial02.2016.pdf\" target=\"_blank\" rel=\"noopener\">Fevereiro<\/a><br \/>\n<a href=\"..\/..\/wp-content\/uploads\/docs\/balancetes\/patrimoniais\/2016\/BalancoPatrimonial03.2016.pdf\" target=\"_blank\" rel=\"noopener\">Mar\u00e7o<\/a><br \/>\n<a href=\"..\/..\/wp-content\/uploads\/docs\/balancetes\/patrimoniais\/2016\/BalancoPatrimonial04.2016.pdf\" target=\"_blank\" rel=\"noopener\">Abril<\/a><br \/>\n<a href=\"..\/..\/wp-content\/uploads\/docs\/balancetes\/patrimoniais\/2016\/BalancoPatrimonial05.2016.pdf\" target=\"_blank\" rel=\"noopener\">Maio<\/a><br \/>\n<a href=\"..\/..\/wp-content\/uploads\/docs\/balancetes\/patrimoniais\/2016\/BalancoPatrimonial06.2016.pdf\" target=\"_blank\" rel=\"noopener\">Junho<\/a><br \/>\n<a href=\"..\/..\/wp-content\/uploads\/docs\/balancetes\/patrimoniais\/2016\/BalancoPatrimonial07.2016.pdf\" target=\"_blank\" rel=\"noopener\">Julho<\/a><br \/>\n<a href=\"..\/..\/wp-content\/uploads\/docs\/balancetes\/patrimoniais\/2016\/BalancoPatrimonial08.2016.pdf\" target=\"_blank\" rel=\"noopener\">Agosto<\/a><br \/>\n<a href=\"..\/..\/wp-content\/uploads\/docs\/balancetes\/patrimoniais\/2016\/BalancoPatrimonial09.2016.pdf\" target=\"_blank\" rel=\"noopener\">Setembro<\/a><br \/>\n<a href=\"..\/..\/wp-content\/uploads\/docs\/balancetes\/patrimoniais\/2016\/BalancoPatrimonial10.2016.pdf\" target=\"_blank\" rel=\"noopener\">Outubro<\/a><br \/>\n<a href=\"..\/..\/wp-content\/uploads\/docs\/balancetes\/patrimoniais\/2016\/BalancoPatrimonial11.2016.pdf\" target=\"_blank\" rel=\"noopener\">Novembro<\/a><br \/>\n<a href=\"..\/..\/wp-content\/uploads\/docs\/balancetes\/patrimoniais\/2016\/BalancoPatrimonial12.2016.pdf\" target=\"_blank\" rel=\"noopener\">Dezembro<\/a><\/p>\n","protected":false},"excerpt":{"rendered":"<p>Balancetes Anal\u00edticos Janeiro Fevereiro Mar\u00e7o Abril Maio Junho Julho Agosto Setembro Outubro Novembro Dezembro &nbsp; Balancetes Financeiros Janeiro Fevereiro Mar\u00e7o Abril Maio Junho Julho Agosto Setembro Outubro Novembro Dezembro &nbsp; Balancetes Patrimoniais Janeiro Fevereiro Mar\u00e7o Abril Maio Junho Julho Agosto Setembro Outubro Novembro Dezembro<\/p>\n","protected":false},"author":2,"featured_media":0,"parent":53,"menu_order":0,"comment_status":"closed","ping_status":"closed","template":"","meta":{"footnotes":""},"class_list":["post-170","page","type-page","status-publish","hentry"],"_links":{"self":[{"href":"https:\/\/corecondf.org.br\/transparencia\/wp-json\/wp\/v2\/pages\/170","targetHints":{"allow":["GET"]}}],"collection":[{"href":"https:\/\/corecondf.org.br\/transparencia\/wp-json\/wp\/v2\/pages"}],"about":[{"href":"https:\/\/corecondf.org.br\/transparencia\/wp-json\/wp\/v2\/types\/page"}],"author":[{"embeddable":true,"href":"https:\/\/corecondf.org.br\/transparencia\/wp-json\/wp\/v2\/users\/2"}],"replies":[{"embeddable":true,"href":"https:\/\/corecondf.org.br\/transparencia\/wp-json\/wp\/v2\/comments?post=170"}],"version-history":[{"count":0,"href":"https:\/\/corecondf.org.br\/transparencia\/wp-json\/wp\/v2\/pages\/170\/revisions"}],"up":[{"embeddable":true,"href":"https:\/\/corecondf.org.br\/transparencia\/wp-json\/wp\/v2\/pages\/53"}],"wp:attachment":[{"href":"https:\/\/corecondf.org.br\/transparencia\/wp-json\/wp\/v2\/media?parent=170"}],"curies":[{"name":"wp","href":"https:\/\/api.w.org\/{rel}","templated":true}]}}