{"id":1655,"date":"2025-01-08T16:49:03","date_gmt":"2025-01-08T19:49:03","guid":{"rendered":"https:\/\/corecondf.org.br\/transparencia\/?page_id=1655"},"modified":"2025-03-17T00:03:22","modified_gmt":"2025-03-17T03:03:22","slug":"portarias-2025","status":"publish","type":"page","link":"https:\/\/corecondf.org.br\/transparencia\/atos-normativos\/portarias-2025\/","title":{"rendered":"Portarias 2025"},"content":{"rendered":"<div align=\"right\"><a class=\"btn btn-primary btn-lg\" href=\"\/transparencia\/atos-normativos\/\" type=\"button\">Voltar<\/a><\/div>\n<p>&nbsp;<\/p>\n<table style=\"width: 100%;\" border=\"0\" align=\"center\">\n<tbody>\n<tr style=\"height: 70px;\">\n<th style=\"background-color: #333399; color: #ffffff; height: 70px; text-align: center;\">\n<p align=\"center\"><strong>PORTARIAS<\/strong><\/p>\n<\/th>\n<\/tr>\n<tr style=\"height: 486px;\">\n<td style=\"height: 486px; background-color: #f5f5f5; vertical-align: text-top;\">\n<p align=\"center\"><span style=\"color: #008080;\"><strong>2025<\/strong><\/span><\/p>\n<table>\n<tbody>\n<tr>\n<td style=\"width: 70px;\"><strong><span style=\"color: #666699;\">N\u00b0<\/span><\/strong><\/td>\n<td><span style=\"color: #666699;\"><strong>Descri\u00e7\u00e3o<\/strong><\/span><\/td>\n<\/tr>\n<tr>\n<td>001<\/td>\n<td><a href=\"..\/..\/wp-content\/uploads\/docs\/atos-normativos\/portarias\/2025\/01.pdf\" target=\"_blank\" rel=\"noopener noreferrer\">Composi\u00e7\u00e3o da Comiss\u00e3o de Licita\u00e7\u00e3o.<\/a><\/td>\n<\/tr>\n<tr>\n<td>002<\/td>\n<td><a href=\"..\/..\/wp-content\/uploads\/docs\/atos-normativos\/portarias\/2025\/02.pdf\" target=\"_blank\" rel=\"noopener noreferrer\">Composi\u00e7\u00e3o da Comiss\u00e3o de Tomada de Contas.<\/a><\/td>\n<\/tr>\n<tr>\n<td>003<\/td>\n<td><a href=\"..\/..\/wp-content\/uploads\/docs\/atos-normativos\/portarias\/2025\/03.pdf\" target=\"_blank\" rel=\"noopener noreferrer\">Nomeia Daniel Soares Gerente Executivo.<\/a><\/td>\n<\/tr>\n<tr>\n<td>004<\/td>\n<td><a href=\"..\/..\/wp-content\/uploads\/docs\/atos-normativos\/portarias\/2025\/04.pdf\" target=\"_blank\" rel=\"noopener noreferrer\">Nomeia Angeilton Faleiro Assessor T\u00e9cnico.<\/a><\/td>\n<\/tr>\n<tr>\n<td>005<\/td>\n<td><a href=\"..\/..\/wp-content\/uploads\/docs\/atos-normativos\/portarias\/2025\/05.pdf\" target=\"_blank\" rel=\"noopener noreferrer\">Delega\u00e7\u00e3o de poderes ao Gerente Executivo.<\/a><\/td>\n<\/tr>\n<tr>\n<td>006<\/td>\n<td><a href=\"..\/..\/wp-content\/uploads\/docs\/atos-normativos\/portarias\/2025\/06.pdf\" target=\"_blank\" rel=\"noopener noreferrer\">Delega\u00e7\u00e3o de poder para movimentar conta banc\u00e1ria do Corecon-DF<\/a><\/td>\n<\/tr>\n<tr>\n<td>007<\/td>\n<td><a href=\"..\/..\/wp-content\/uploads\/docs\/atos-normativos\/portarias\/2025\/07.pdf\" target=\"_blank\" rel=\"noopener noreferrer\">Comiss\u00f5es tem\u00e1ticas 2025<\/a><\/td>\n<\/tr>\n<\/tbody>\n<\/table>\n<\/td>\n<\/tr>\n<\/tbody>\n<\/table>\n","protected":false},"excerpt":{"rendered":"<p>Voltar &nbsp; PORTARIAS 2025 N\u00b0 Descri\u00e7\u00e3o 001 Composi\u00e7\u00e3o da Comiss\u00e3o de Licita\u00e7\u00e3o. 002 Composi\u00e7\u00e3o da Comiss\u00e3o de Tomada de Contas. 003 Nomeia Daniel Soares Gerente Executivo. 004 Nomeia Angeilton Faleiro Assessor T\u00e9cnico. 005 Delega\u00e7\u00e3o de poderes ao Gerente Executivo. 006 Delega\u00e7\u00e3o de poder para movimentar conta banc\u00e1ria do Corecon-DF 007 Comiss\u00f5es tem\u00e1ticas 2025<\/p>\n","protected":false},"author":2,"featured_media":0,"parent":35,"menu_order":0,"comment_status":"closed","ping_status":"closed","template":"","meta":{"footnotes":""},"class_list":["post-1655","page","type-page","status-publish","hentry"],"_links":{"self":[{"href":"https:\/\/corecondf.org.br\/transparencia\/wp-json\/wp\/v2\/pages\/1655","targetHints":{"allow":["GET"]}}],"collection":[{"href":"https:\/\/corecondf.org.br\/transparencia\/wp-json\/wp\/v2\/pages"}],"about":[{"href":"https:\/\/corecondf.org.br\/transparencia\/wp-json\/wp\/v2\/types\/page"}],"author":[{"embeddable":true,"href":"https:\/\/corecondf.org.br\/transparencia\/wp-json\/wp\/v2\/users\/2"}],"replies":[{"embeddable":true,"href":"https:\/\/corecondf.org.br\/transparencia\/wp-json\/wp\/v2\/comments?post=1655"}],"version-history":[{"count":9,"href":"https:\/\/corecondf.org.br\/transparencia\/wp-json\/wp\/v2\/pages\/1655\/revisions"}],"predecessor-version":[{"id":1719,"href":"https:\/\/corecondf.org.br\/transparencia\/wp-json\/wp\/v2\/pages\/1655\/revisions\/1719"}],"up":[{"embeddable":true,"href":"https:\/\/corecondf.org.br\/transparencia\/wp-json\/wp\/v2\/pages\/35"}],"wp:attachment":[{"href":"https:\/\/corecondf.org.br\/transparencia\/wp-json\/wp\/v2\/media?parent=1655"}],"curies":[{"name":"wp","href":"https:\/\/api.w.org\/{rel}","templated":true}]}}