{"id":152,"date":"2018-11-29T10:08:05","date_gmt":"2018-11-29T12:08:05","guid":{"rendered":"http:\/\/corecondf.org.br\/transparencia\/?page_id=152"},"modified":"2018-11-29T10:19:57","modified_gmt":"2018-11-29T12:19:57","slug":"editais-e-resultados","status":"publish","type":"page","link":"https:\/\/corecondf.org.br\/transparencia\/editais-e-resultados\/","title":{"rendered":"Editais e Resultados"},"content":{"rendered":"<p>Confira os editais abaixo das licita\u00e7\u00f5es de compra de materiais e contrata\u00e7\u00e3o de servi\u00e7os realizados pelo CORECON-DF e todos os requisitos exigidos para a participa\u00e7\u00e3o.<\/p>\n<h3>2018<\/h3>\n<p><strong>Chamamento P\u00fablico Aluguel-Venda &#8211; Salas &#8211; CORECON-DF<\/strong><br \/>\n<a href=\"..\/wp-content\/uploads\/docs\/licitacoes\/chamamento\/2018\/CP-Edital.pdf\" target=\"_blank\" rel=\"noopener\">1. Edital <\/a><br \/>\n<a href=\"..\/wp-content\/uploads\/docs\/licitacoes\/chamamento\/2018\/CP-PublicacaoDOE.pdf\" target=\"_blank\" rel=\"noopener\">2. Publica\u00e7\u00e3o no DOE<\/a><\/p>\n<div id=\"icpbravoaccess_loaded\"><\/div>\n","protected":false},"excerpt":{"rendered":"<p>Confira os editais abaixo das licita\u00e7\u00f5es de compra de materiais e contrata\u00e7\u00e3o de servi\u00e7os realizados pelo CORECON-DF e todos os requisitos exigidos para a participa\u00e7\u00e3o. 2018 Chamamento P\u00fablico Aluguel-Venda &#8211; Salas &#8211; CORECON-DF 1. Edital 2. Publica\u00e7\u00e3o no DOE<\/p>\n","protected":false},"author":2,"featured_media":0,"parent":0,"menu_order":0,"comment_status":"closed","ping_status":"closed","template":"","meta":{"footnotes":""},"class_list":["post-152","page","type-page","status-publish","hentry"],"_links":{"self":[{"href":"https:\/\/corecondf.org.br\/transparencia\/wp-json\/wp\/v2\/pages\/152","targetHints":{"allow":["GET"]}}],"collection":[{"href":"https:\/\/corecondf.org.br\/transparencia\/wp-json\/wp\/v2\/pages"}],"about":[{"href":"https:\/\/corecondf.org.br\/transparencia\/wp-json\/wp\/v2\/types\/page"}],"author":[{"embeddable":true,"href":"https:\/\/corecondf.org.br\/transparencia\/wp-json\/wp\/v2\/users\/2"}],"replies":[{"embeddable":true,"href":"https:\/\/corecondf.org.br\/transparencia\/wp-json\/wp\/v2\/comments?post=152"}],"version-history":[{"count":0,"href":"https:\/\/corecondf.org.br\/transparencia\/wp-json\/wp\/v2\/pages\/152\/revisions"}],"wp:attachment":[{"href":"https:\/\/corecondf.org.br\/transparencia\/wp-json\/wp\/v2\/media?parent=152"}],"curies":[{"name":"wp","href":"https:\/\/api.w.org\/{rel}","templated":true}]}}