{"id":1458,"date":"2023-01-10T23:44:42","date_gmt":"2023-01-11T02:44:42","guid":{"rendered":"https:\/\/corecondf.org.br\/transparencia\/?page_id=1458"},"modified":"2023-09-19T08:01:32","modified_gmt":"2023-09-19T11:01:32","slug":"portarias-2023","status":"publish","type":"page","link":"https:\/\/corecondf.org.br\/transparencia\/atos-normativos\/portarias-2023\/","title":{"rendered":"Portarias 2023"},"content":{"rendered":"<div align=\"right\"><a type=\"button\" class=\"btn btn-primary btn-lg\" href=\"\/transparencia\/atos-normativos\/\">Voltar<\/a><\/div>\n<p><\/p>\n<table style=\"width: 100%;\" border=\"0\" align=\"center\">\n<tbody>\n<tr style=\"height: 70px;\">\n<th style=\"background-color: #333399; color: #ffffff; height: 70px; text-align: center;\">\n<p align=\"center\"><strong>PORTARIAS<\/strong><\/p>\n<\/th>\n<\/tr>\n<tr style=\"height: 486px;\">\n<td style=\"height: 486px; background-color: #f5f5f5; vertical-align: text-top;\">\n<p align=\"center\"><span style=\"color: #008080;\"><strong>2023<\/strong><\/span><\/p>\n<table>\n<tbody>\n<tr>\n<td style=\"width: 70px;\"><strong><span style=\"color: #666699;\">N\u00b0<\/span><\/strong><\/td>\n<td><span style=\"color: #666699;\"><strong>Descri\u00e7\u00e3o<\/strong><\/span><\/td>\n<\/tr>\n<tr>\n<td>001<\/td>\n<td><a href=\"..\/..\/wp-content\/uploads\/docs\/atos-normativos\/portarias\/2023\/01.pdf\" target=\"_blank\" rel=\"noopener noreferrer\">Composi\u00e7\u00e3o da Comiss\u00e3o de Licita\u00e7\u00e3o.<\/a><\/td>\n<\/tr>\n<tr>\n<td>002<\/td>\n<td><a href=\"..\/..\/wp-content\/uploads\/docs\/atos-normativos\/portarias\/2023\/02.pdf\" target=\"_blank\" rel=\"noopener noreferrer\">Composi\u00e7\u00e3o da Comiss\u00e3o de Tomada de Contas.<\/a><\/td>\n<\/tr>\n<tr>\n<td>003<\/td>\n<td><a href=\"..\/..\/wp-content\/uploads\/docs\/atos-normativos\/portarias\/2023\/03.pdf\" target=\"_blank\" rel=\"noopener noreferrer\">Nomeia Daniel Soares Gerente Executivo.<\/a><\/td>\n<\/tr>\n<tr>\n<td>004<\/td>\n<td><a href=\"..\/..\/wp-content\/uploads\/docs\/atos-normativos\/portarias\/2023\/04.pdf\" target=\"_blank\" rel=\"noopener noreferrer\">Nomeia Marianne Pereira Assessora T\u00e9cnica.<\/a><\/td>\n<\/tr>\n<tr>\n<td>005<\/td>\n<td><a href=\"..\/..\/wp-content\/uploads\/docs\/atos-normativos\/portarias\/2023\/05.pdf\" target=\"_blank\" rel=\"noopener noreferrer\">Nomeia Angeilton Faleiro Assessor T\u00e9cnico.<\/a><\/td>\n<\/tr>\n<tr>\n<td>006<\/td>\n<td><a href=\"..\/..\/wp-content\/uploads\/docs\/atos-normativos\/portarias\/2023\/06.pdf\" target=\"_blank\" rel=\"noopener noreferrer\">Delega\u00e7\u00e3o de poderes ao Gerente Executivo.<\/a><\/td>\n<\/tr>\n<tr>\n<td>007<\/td>\n<td><a href=\"..\/..\/wp-content\/uploads\/docs\/atos-normativos\/portarias\/2023\/07.pdf\" target=\"_blank\" rel=\"noopener noreferrer\">Delega\u00e7\u00e3o de poder para movimenta\u00e7\u00e3o de conta banc\u00e1ria do Corecon-DF.<\/a><\/td>\n<\/tr>\n<tr>\n<td>008<\/td>\n<td><a href=\"..\/..\/wp-content\/uploads\/docs\/atos-normativos\/portarias\/2023\/08.pdf\" target=\"_blank\" rel=\"noopener noreferrer\">Aumento no limite de libera\u00e7\u00e3o para movimentar conta banc\u00e1ria do Corecon-DF.<\/a><\/td>\n<\/tr>\n<tr>\n<td>009<\/td>\n<td><a href=\"..\/..\/wp-content\/uploads\/docs\/atos-normativos\/portarias\/2023\/09.pdf\" target=\"_blank\" rel=\"noopener noreferrer\">Comiss\u00f5es Tem\u00e1ticas.<\/a><\/td>\n<\/tr>\n<tr>\n<td>010<\/td>\n<td><a href=\"..\/..\/wp-content\/uploads\/docs\/atos-normativos\/portarias\/2023\/10.pdf\" target=\"_blank\" rel=\"noopener noreferrer\">Nomea\u00e7\u00e3o Comiss\u00e3o Julgadora do XXVII Pr\u00eamio Corecon-DF de Monografia em Economia.<\/a><\/td>\n<\/tr>\n<tr>\n<td>011<\/td>\n<td><a href=\"..\/..\/wp-content\/uploads\/docs\/atos-normativos\/portarias\/2023\/11.pdf\" target=\"_blank\" rel=\"noopener noreferrer\">Nomea\u00e7\u00e3o da Comiss\u00e3o Eleitoral 2023.<\/a><\/td>\n<\/tr>\n<tr>\n<td>012<\/td>\n<td><a href=\"..\/..\/wp-content\/uploads\/docs\/atos-normativos\/portarias\/2023\/12.pdf\" target=\"_blank\" rel=\"noopener noreferrer\">Designa agentes contrata\u00e7\u00e3o, pregoeiros e equipe de apoio.<\/a><\/td>\n<\/tr>\n<\/tbody>\n<\/table>\n<\/td>\n<\/tr>\n<\/tbody>\n<\/table>\n","protected":false},"excerpt":{"rendered":"<p>Voltar PORTARIAS 2023 N\u00b0 Descri\u00e7\u00e3o 001 Composi\u00e7\u00e3o da Comiss\u00e3o de Licita\u00e7\u00e3o. 002 Composi\u00e7\u00e3o da Comiss\u00e3o de Tomada de Contas. 003 Nomeia Daniel Soares Gerente Executivo. 004 Nomeia Marianne Pereira Assessora T\u00e9cnica. 005 Nomeia Angeilton Faleiro Assessor T\u00e9cnico. 006 Delega\u00e7\u00e3o de poderes ao Gerente Executivo. 007 Delega\u00e7\u00e3o de poder para movimenta\u00e7\u00e3o de conta banc\u00e1ria do Corecon-DF. &hellip; <a href=\"https:\/\/corecondf.org.br\/transparencia\/atos-normativos\/portarias-2023\/\" class=\"more-link\">Continue reading <span class=\"screen-reader-text\">Portarias 2023<\/span><\/a><\/p>\n","protected":false},"author":2,"featured_media":0,"parent":35,"menu_order":0,"comment_status":"closed","ping_status":"closed","template":"","meta":{"footnotes":""},"class_list":["post-1458","page","type-page","status-publish","hentry"],"_links":{"self":[{"href":"https:\/\/corecondf.org.br\/transparencia\/wp-json\/wp\/v2\/pages\/1458","targetHints":{"allow":["GET"]}}],"collection":[{"href":"https:\/\/corecondf.org.br\/transparencia\/wp-json\/wp\/v2\/pages"}],"about":[{"href":"https:\/\/corecondf.org.br\/transparencia\/wp-json\/wp\/v2\/types\/page"}],"author":[{"embeddable":true,"href":"https:\/\/corecondf.org.br\/transparencia\/wp-json\/wp\/v2\/users\/2"}],"replies":[{"embeddable":true,"href":"https:\/\/corecondf.org.br\/transparencia\/wp-json\/wp\/v2\/comments?post=1458"}],"version-history":[{"count":7,"href":"https:\/\/corecondf.org.br\/transparencia\/wp-json\/wp\/v2\/pages\/1458\/revisions"}],"predecessor-version":[{"id":1526,"href":"https:\/\/corecondf.org.br\/transparencia\/wp-json\/wp\/v2\/pages\/1458\/revisions\/1526"}],"up":[{"embeddable":true,"href":"https:\/\/corecondf.org.br\/transparencia\/wp-json\/wp\/v2\/pages\/35"}],"wp:attachment":[{"href":"https:\/\/corecondf.org.br\/transparencia\/wp-json\/wp\/v2\/media?parent=1458"}],"curies":[{"name":"wp","href":"https:\/\/api.w.org\/{rel}","templated":true}]}}