{"id":1379,"date":"2022-05-02T11:38:23","date_gmt":"2022-05-02T14:38:23","guid":{"rendered":"https:\/\/corecondf.org.br\/transparencia\/?page_id=1379"},"modified":"2023-02-11T12:09:28","modified_gmt":"2023-02-11T15:09:28","slug":"resolucoes-2022","status":"publish","type":"page","link":"https:\/\/corecondf.org.br\/transparencia\/atos-normativos\/resolucoes-2022\/","title":{"rendered":"Resolu\u00e7\u00f5es 2022"},"content":{"rendered":"<div align=\"right\"><a class=\"btn btn-primary btn-lg\" href=\"\/transparencia\/atos-normativos\/\" type=\"button\">Voltar<\/a><\/div>\n<p>&nbsp;<\/p>\n<table style=\"width: 100%;\" border=\"0\" align=\"center\">\n<tbody>\n<tr style=\"height: 70px;\">\n<th style=\"background-color: #333399; color: #ffffff; height: 70px; text-align: center;\">\n<p align=\"center\"><strong>RESOLU\u00c7\u00d5ES<\/strong><\/p>\n<\/th>\n<\/tr>\n<tr style=\"height: 486px;\">\n<td style=\"height: 486px; background-color: #f5f5f5; vertical-align: text-top;\">\n<p align=\"center\"><span style=\"color: #008080;\"><strong>2022<\/strong><\/span><\/p>\n<table><!-- style=\"height: 626px;\" --><\/p>\n<tbody>\n<tr>\n<td style=\"width: 70px;\"><strong><span style=\"color: #666699;\">N\u00b0<\/span><\/strong><\/td>\n<td><span style=\"color: #666699;\"><strong>Descri\u00e7\u00e3o<\/strong><\/span><\/td>\n<\/tr>\n<tr>\n<td>535<\/td>\n<td><a href=\"..\/..\/wp-content\/uploads\/docs\/atos-normativos\/resolucoes\/2022\/535.pdf\" target=\"_blank\" rel=\"noopener noreferrer\">Processo Presta\u00e7\u00e3o de Contas &#8211; 2021.<\/a><\/td>\n<\/tr>\n<tr>\n<td>536<\/td>\n<td><a href=\"..\/..\/wp-content\/uploads\/docs\/atos-normativos\/resolucoes\/2022\/536.pdf\" target=\"_blank\" rel=\"noopener noreferrer\">Ades\u00e3o ao Terceira prorroga\u00e7\u00e3o de prazos para ades\u00e3o ao VIII Programa Nacional de Recupera\u00e7\u00e3o de Cr\u00e9ditos.<\/a><\/td>\n<\/tr>\n<tr>\n<td>537<\/td>\n<td><a href=\"..\/..\/wp-content\/uploads\/docs\/atos-normativos\/resolucoes\/2022\/537.pdf\" target=\"_blank\" rel=\"noopener noreferrer\">Altera dispositivos da Resolu\u00e7\u00e3o n\u00b0 506.<\/a><\/td>\n<\/tr>\n<tr>\n<td>538<\/td>\n<td><a href=\"..\/..\/wp-content\/uploads\/docs\/atos-normativos\/resolucoes\/2022\/538.pdf\" target=\"_blank\" rel=\"noopener noreferrer\">Balancete 1\u00b0 Trimestre 2022.<\/a><\/td>\n<\/tr>\n<tr>\n<td>539<\/td>\n<td><a href=\"..\/..\/wp-content\/uploads\/docs\/atos-normativos\/resolucoes\/2022\/539.pdf\" target=\"_blank\" rel=\"noopener noreferrer\">Balancete do 2\u00b0 Trimestre 2022.<\/a><\/td>\n<\/tr>\n<tr>\n<td>540<\/td>\n<td><a href=\"..\/..\/wp-content\/uploads\/docs\/atos-normativos\/resolucoes\/2022\/540.pdf\" target=\"_blank\" rel=\"noopener noreferrer\">Anuidades e emolumentos 2023.<\/a><\/td>\n<\/tr>\n<tr>\n<td>541<\/td>\n<td><a href=\"..\/..\/wp-content\/uploads\/docs\/atos-normativos\/resolucoes\/2022\/541.pdf\" target=\"_blank\" rel=\"noopener noreferrer\">Ades\u00e3o a quarta prorroga\u00e7\u00e3o de prazos para ades\u00e3o ao VIII RECRED.<\/a><\/td>\n<\/tr>\n<tr>\n<td>542<\/td>\n<td><a href=\"..\/..\/wp-content\/uploads\/docs\/atos-normativos\/resolucoes\/2022\/542.pdf\" target=\"_blank\" rel=\"noopener noreferrer\">Balancetes do 3\u00b0 Trimestre de 2022.<\/a><\/td>\n<\/tr>\n<tr>\n<td>543<\/td>\n<td><a href=\"..\/..\/wp-content\/uploads\/docs\/atos-normativos\/resolucoes\/2022\/543.pdf\" target=\"_blank\" rel=\"noopener noreferrer\">Proposta Or\u00e7ament\u00e1ria de 2023.<\/a><\/td>\n<\/tr>\n<\/tbody>\n<\/table>\n<\/td>\n<\/tr>\n<\/tbody>\n<\/table>\n","protected":false},"excerpt":{"rendered":"<p>Voltar &nbsp; RESOLU\u00c7\u00d5ES 2022 N\u00b0 Descri\u00e7\u00e3o 535 Processo Presta\u00e7\u00e3o de Contas &#8211; 2021. 536 Ades\u00e3o ao Terceira prorroga\u00e7\u00e3o de prazos para ades\u00e3o ao VIII Programa Nacional de Recupera\u00e7\u00e3o de Cr\u00e9ditos. 537 Altera dispositivos da Resolu\u00e7\u00e3o n\u00b0 506. 538 Balancete 1\u00b0 Trimestre 2022. 539 Balancete do 2\u00b0 Trimestre 2022. 540 Anuidades e emolumentos 2023. 541 Ades\u00e3o &hellip; <a href=\"https:\/\/corecondf.org.br\/transparencia\/atos-normativos\/resolucoes-2022\/\" class=\"more-link\">Continue reading <span class=\"screen-reader-text\">Resolu\u00e7\u00f5es 2022<\/span><\/a><\/p>\n","protected":false},"author":2,"featured_media":0,"parent":35,"menu_order":0,"comment_status":"closed","ping_status":"closed","template":"","meta":{"footnotes":""},"class_list":["post-1379","page","type-page","status-publish","hentry"],"_links":{"self":[{"href":"https:\/\/corecondf.org.br\/transparencia\/wp-json\/wp\/v2\/pages\/1379","targetHints":{"allow":["GET"]}}],"collection":[{"href":"https:\/\/corecondf.org.br\/transparencia\/wp-json\/wp\/v2\/pages"}],"about":[{"href":"https:\/\/corecondf.org.br\/transparencia\/wp-json\/wp\/v2\/types\/page"}],"author":[{"embeddable":true,"href":"https:\/\/corecondf.org.br\/transparencia\/wp-json\/wp\/v2\/users\/2"}],"replies":[{"embeddable":true,"href":"https:\/\/corecondf.org.br\/transparencia\/wp-json\/wp\/v2\/comments?post=1379"}],"version-history":[{"count":6,"href":"https:\/\/corecondf.org.br\/transparencia\/wp-json\/wp\/v2\/pages\/1379\/revisions"}],"predecessor-version":[{"id":1465,"href":"https:\/\/corecondf.org.br\/transparencia\/wp-json\/wp\/v2\/pages\/1379\/revisions\/1465"}],"up":[{"embeddable":true,"href":"https:\/\/corecondf.org.br\/transparencia\/wp-json\/wp\/v2\/pages\/35"}],"wp:attachment":[{"href":"https:\/\/corecondf.org.br\/transparencia\/wp-json\/wp\/v2\/media?parent=1379"}],"curies":[{"name":"wp","href":"https:\/\/api.w.org\/{rel}","templated":true}]}}