{"id":1356,"date":"2022-01-04T17:03:23","date_gmt":"2022-01-04T20:03:23","guid":{"rendered":"https:\/\/corecondf.org.br\/transparencia\/?page_id=1356"},"modified":"2022-10-18T20:15:10","modified_gmt":"2022-10-18T23:15:10","slug":"portarias-2022","status":"publish","type":"page","link":"https:\/\/corecondf.org.br\/transparencia\/atos-normativos\/portarias-2022\/","title":{"rendered":"Portarias 2022"},"content":{"rendered":"<div align=\"right\"><a type=\"button\" class=\"btn btn-primary btn-lg\" href=\"\/transparencia\/atos-normativos\/\">Voltar<\/a><\/div>\n<p><\/p>\n<table style=\"width: 100%;\" border=\"0\" align=\"center\">\n<tbody>\n<tr style=\"height: 70px;\">\n<th style=\"background-color: #333399; color: #ffffff; height: 70px; text-align: center;\">\n<p align=\"center\"><strong>PORTARIAS<\/strong><\/p>\n<\/th>\n<\/tr>\n<tr style=\"height: 486px;\">\n<td style=\"height: 486px; background-color: #f5f5f5; vertical-align: text-top;\">\n<p align=\"center\"><span style=\"color: #008080;\"><strong>2022<\/strong><\/span><\/p>\n<table>\n<tbody>\n<tr>\n<td style=\"width: 70px;\"><strong><span style=\"color: #666699;\">N\u00b0<\/span><\/strong><\/td>\n<td><span style=\"color: #666699;\"><strong>Descri\u00e7\u00e3o<\/strong><\/span><\/td>\n<\/tr>\n<tr>\n<td>001<\/td>\n<td><a href=\"..\/..\/wp-content\/uploads\/docs\/atos-normativos\/portarias\/2022\/Port-0012022.pdf\" target=\"_blank\" rel=\"noopener noreferrer\">Composi\u00e7\u00e3o da Comiss\u00e3o de Licita\u00e7\u00e3o.<\/a><\/td>\n<\/tr>\n<tr>\n<td>002<\/td>\n<td><a href=\"..\/..\/wp-content\/uploads\/docs\/atos-normativos\/portarias\/2022\/Port-0022022.pdf\" target=\"_blank\" rel=\"noopener noreferrer\">Composi\u00e7\u00e3o da Comiss\u00e3o de Tomada de Contas.<\/a><\/td>\n<\/tr>\n<tr>\n<td>003<\/td>\n<td><a href=\"..\/..\/wp-content\/uploads\/docs\/atos-normativos\/portarias\/2022\/Port-0032022.pdf\" target=\"_blank\" rel=\"noopener noreferrer\">Nomeia Daniel Soares Gerente Executivo.<\/a><\/td>\n<\/tr>\n<tr>\n<td>004<\/td>\n<td><a href=\"..\/..\/wp-content\/uploads\/docs\/atos-normativos\/portarias\/2022\/Port-0042022.pdf\" target=\"_blank\" rel=\"noopener noreferrer\">Nomeia Marianne Pereira Assessora T\u00e9cnica.<\/a><\/td>\n<\/tr>\n<tr>\n<td>005<\/td>\n<td><a href=\"..\/..\/wp-content\/uploads\/docs\/atos-normativos\/portarias\/2022\/Port-0052022.pdf\" target=\"_blank\" rel=\"noopener noreferrer\">Nomeia Angeilton Faleiro Assessor T\u00e9cnico.<\/a><\/td>\n<\/tr>\n<tr>\n<td>006<\/td>\n<td><a href=\"..\/..\/wp-content\/uploads\/docs\/atos-normativos\/portarias\/2022\/Port-0062022.pdf\" target=\"_blank\" rel=\"noopener noreferrer\">Delega\u00e7\u00e3o de poderes ao Gerente Executivo.<\/a><\/td>\n<\/tr>\n<tr>\n<td>007<\/td>\n<td><a href=\"..\/..\/wp-content\/uploads\/docs\/atos-normativos\/portarias\/2022\/Port-0072022.pdf\" target=\"_blank\" rel=\"noopener noreferrer\">Delega\u00e7\u00e3o de poder para movimenta\u00e7\u00e3o de conta banc\u00e1ria do Corecon-DF.<\/a><\/td>\n<\/tr>\n<tr>\n<td>008<\/td>\n<td><a href=\"..\/..\/wp-content\/uploads\/docs\/atos-normativos\/portarias\/2022\/Port-0082022.pdf\" target=\"_blank\" rel=\"noopener noreferrer\">Nomea\u00e7\u00e3o da Comiss\u00e3o Eleitoral 2022.<\/a><\/td>\n<\/tr>\n<\/tbody>\n<\/table>\n<\/td>\n<\/tr>\n<\/tbody>\n<\/table>\n","protected":false},"excerpt":{"rendered":"<p>Voltar PORTARIAS 2022 N\u00b0 Descri\u00e7\u00e3o 001 Composi\u00e7\u00e3o da Comiss\u00e3o de Licita\u00e7\u00e3o. 002 Composi\u00e7\u00e3o da Comiss\u00e3o de Tomada de Contas. 003 Nomeia Daniel Soares Gerente Executivo. 004 Nomeia Marianne Pereira Assessora T\u00e9cnica. 005 Nomeia Angeilton Faleiro Assessor T\u00e9cnico. 006 Delega\u00e7\u00e3o de poderes ao Gerente Executivo. 007 Delega\u00e7\u00e3o de poder para movimenta\u00e7\u00e3o de conta banc\u00e1ria do Corecon-DF. &hellip; <a href=\"https:\/\/corecondf.org.br\/transparencia\/atos-normativos\/portarias-2022\/\" class=\"more-link\">Continue reading <span class=\"screen-reader-text\">Portarias 2022<\/span><\/a><\/p>\n","protected":false},"author":2,"featured_media":0,"parent":35,"menu_order":0,"comment_status":"closed","ping_status":"closed","template":"","meta":{"footnotes":""},"class_list":["post-1356","page","type-page","status-publish","hentry"],"_links":{"self":[{"href":"https:\/\/corecondf.org.br\/transparencia\/wp-json\/wp\/v2\/pages\/1356","targetHints":{"allow":["GET"]}}],"collection":[{"href":"https:\/\/corecondf.org.br\/transparencia\/wp-json\/wp\/v2\/pages"}],"about":[{"href":"https:\/\/corecondf.org.br\/transparencia\/wp-json\/wp\/v2\/types\/page"}],"author":[{"embeddable":true,"href":"https:\/\/corecondf.org.br\/transparencia\/wp-json\/wp\/v2\/users\/2"}],"replies":[{"embeddable":true,"href":"https:\/\/corecondf.org.br\/transparencia\/wp-json\/wp\/v2\/comments?post=1356"}],"version-history":[{"count":3,"href":"https:\/\/corecondf.org.br\/transparencia\/wp-json\/wp\/v2\/pages\/1356\/revisions"}],"predecessor-version":[{"id":1419,"href":"https:\/\/corecondf.org.br\/transparencia\/wp-json\/wp\/v2\/pages\/1356\/revisions\/1419"}],"up":[{"embeddable":true,"href":"https:\/\/corecondf.org.br\/transparencia\/wp-json\/wp\/v2\/pages\/35"}],"wp:attachment":[{"href":"https:\/\/corecondf.org.br\/transparencia\/wp-json\/wp\/v2\/media?parent=1356"}],"curies":[{"name":"wp","href":"https:\/\/api.w.org\/{rel}","templated":true}]}}