{"id":1316,"date":"2021-05-21T11:01:03","date_gmt":"2021-05-21T14:01:03","guid":{"rendered":"https:\/\/corecondf.org.br\/transparencia\/?page_id=1316"},"modified":"2022-06-04T23:16:39","modified_gmt":"2022-06-05T02:16:39","slug":"balancetes-2021","status":"publish","type":"page","link":"https:\/\/corecondf.org.br\/transparencia\/balancetes\/balancetes-2021\/","title":{"rendered":"Balancetes 2021"},"content":{"rendered":"<div align=\"right\"><a type=\"button\" class=\"btn btn-primary btn-lg\" href=\"\/transparencia\/balancetes\">Voltar<\/a><\/div>\n<p><\/p>\n<h3>Balancetes Anal\u00edticos<\/h3>\n<p><a href=\"..\/..\/wp-content\/uploads\/docs\/balancetes\/analiticos\/2021\/ba01.xls\" target=\"_blank\" rel=\"noopener noreferrer\">Janeiro<\/a><br \/>\n<a href=\"..\/..\/wp-content\/uploads\/docs\/balancetes\/analiticos\/2021\/ba02.xls\" target=\"_blank\" rel=\"noopener noreferrer\">Fevereiro<\/a><br \/>\n<a href=\"..\/..\/wp-content\/uploads\/docs\/balancetes\/analiticos\/2021\/ba03.xls\" target=\"_blank\" rel=\"noopener noreferrer\">Mar\u00e7o<\/a><br \/>\n<a href=\"..\/..\/wp-content\/uploads\/docs\/balancetes\/analiticos\/2021\/ba04.pdf\" target=\"_blank\" rel=\"noopener noreferrer\">Abril<\/a><br \/>\n<a href=\"..\/..\/wp-content\/uploads\/docs\/balancetes\/analiticos\/2021\/ba05.pdf\" target=\"_blank\" rel=\"noopener noreferrer\">Maio<\/a><br \/>\n<a href=\"..\/..\/wp-content\/uploads\/docs\/balancetes\/analiticos\/2021\/ba06.pdf\" target=\"_blank\" rel=\"noopener noreferrer\">Junho<\/a><br \/>\n<a href=\"..\/..\/wp-content\/uploads\/docs\/balancetes\/analiticos\/2021\/ba07.pdf\" target=\"_blank\" rel=\"noopener noreferrer\">Julho<\/a><br \/>\n<a href=\"..\/..\/wp-content\/uploads\/docs\/balancetes\/analiticos\/2021\/ba08.pdf\" target=\"_blank\" rel=\"noopener noreferrer\">Agosto<\/a><br \/>\n<a href=\"..\/..\/wp-content\/uploads\/docs\/balancetes\/analiticos\/2021\/ba09.pdf\" target=\"_blank\" rel=\"noopener noreferrer\">Setembro<\/a><br \/>\n<!--a href=\"..\/..\/wp-content\/uploads\/docs\/balancetes\/analiticos\/2021\/ba10.xls\" target=\"_blank\" rel=\"noopener noreferrer\">Outubro<\/a><br \/>\n<a href=\"..\/..\/wp-content\/uploads\/docs\/balancetes\/analiticos\/2021\/ba11.xls\" target=\"_blank\" rel=\"noopener noreferrer\">Novembro<\/a><br \/>\n<a href=\"..\/..\/wp-content\/uploads\/docs\/balancetes\/analiticos\/2021\/ba12.xls\" target=\"_blank\" rel=\"noopener noreferrer\">Dezembro<\/a><br--><\/p>\n<h3>Balancetes Financeiros<\/h3>\n<p><a href=\"..\/..\/wp-content\/uploads\/docs\/balancetes\/financeiros\/2021\/bf01.xls\" target=\"_blank\" rel=\"noopener noreferrer\">Janeiro<\/a><br \/>\n<a href=\"..\/..\/wp-content\/uploads\/docs\/balancetes\/financeiros\/2021\/bf02.xls\" target=\"_blank\" rel=\"noopener noreferrer\">Fevereiro<\/a><br \/>\n<a href=\"..\/..\/wp-content\/uploads\/docs\/balancetes\/financeiros\/2021\/bf03.xls\" target=\"_blank\" rel=\"noopener noreferrer\">Mar\u00e7o<\/a><br \/>\n<a href=\"..\/..\/wp-content\/uploads\/docs\/balancetes\/financeiros\/2021\/bf04.pdf\" target=\"_blank\" rel=\"noopener noreferrer\">Abril<\/a><br \/>\n<a href=\"..\/..\/wp-content\/uploads\/docs\/balancetes\/financeiros\/2021\/bf05.pdf\" target=\"_blank\" rel=\"noopener noreferrer\">Maio<\/a><br \/>\n<a href=\"..\/..\/wp-content\/uploads\/docs\/balancetes\/financeiros\/2021\/bf06.pdf\" target=\"_blank\" rel=\"noopener noreferrer\">Junho<\/a><br \/>\n<a href=\"..\/..\/wp-content\/uploads\/docs\/balancetes\/financeiros\/2021\/bf07.pdf\" target=\"_blank\" rel=\"noopener noreferrer\">Julho<\/a><br \/>\n<a href=\"..\/..\/wp-content\/uploads\/docs\/balancetes\/financeiros\/2021\/bf08.pdf\" target=\"_blank\" rel=\"noopener noreferrer\">Agosto<\/a><br \/>\n<a href=\"..\/..\/wp-content\/uploads\/docs\/balancetes\/financeiros\/2021\/bf09.pdf\" target=\"_blank\" rel=\"noopener noreferrer\">Setembro<\/a><br \/>\n<a href=\"..\/..\/wp-content\/uploads\/docs\/balancetes\/financeiros\/2021\/bf10.xls\" target=\"_blank\" rel=\"noopener noreferrer\">Outembro<\/a><br \/>\n<a href=\"..\/..\/wp-content\/uploads\/docs\/balancetes\/financeiros\/2021\/bf11.xls\" target=\"_blank\" rel=\"noopener noreferrer\">Novembro<\/a><br \/>\n<a href=\"..\/..\/wp-content\/uploads\/docs\/balancetes\/financeiros\/2021\/bf12.xls\" target=\"_blank\" rel=\"noopener noreferrer\">Dezembro<\/a><\/p>\n<h3>Balancetes Patrimoniais<\/h3>\n<p><a href=\"..\/..\/wp-content\/uploads\/docs\/balancetes\/patrimoniais\/2021\/bp01.xls\" target=\"_blank\" rel=\"noopener noreferrer\">Janeiro<\/a><br \/>\n<a href=\"..\/..\/wp-content\/uploads\/docs\/balancetes\/patrimoniais\/2021\/bp02.xls\" target=\"_blank\" rel=\"noopener noreferrer\">Fevereiro<\/a><br \/>\n<a href=\"..\/..\/wp-content\/uploads\/docs\/balancetes\/patrimoniais\/2021\/bp03.xls\" target=\"_blank\" rel=\"noopener noreferrer\">Mar\u00e7o<\/a><br \/>\n<a href=\"..\/..\/wp-content\/uploads\/docs\/balancetes\/patrimoniais\/2021\/bp04.pdf\" target=\"_blank\" rel=\"noopener noreferrer\">Abril<\/a><br \/>\n<a href=\"..\/..\/wp-content\/uploads\/docs\/balancetes\/patrimoniais\/2021\/bp05.pdf\" target=\"_blank\" rel=\"noopener noreferrer\">Maio<\/a><br \/>\n<a href=\"..\/..\/wp-content\/uploads\/docs\/balancetes\/patrimoniais\/2021\/bp06.pdf\" target=\"_blank\" rel=\"noopener noreferrer\">Junho<\/a><br \/>\n<a href=\"..\/..\/wp-content\/uploads\/docs\/balancetes\/patrimoniais\/2021\/bp07.pdf\" target=\"_blank\" rel=\"noopener noreferrer\">Julho<\/a><br \/>\n<a href=\"..\/..\/wp-content\/uploads\/docs\/balancetes\/patrimoniais\/2021\/bp08.pdf\" target=\"_blank\" rel=\"noopener noreferrer\">Agosto<\/a><br \/>\n<a href=\"..\/..\/wp-content\/uploads\/docs\/balancetes\/patrimoniais\/2021\/bp09.pdf\" target=\"_blank\" rel=\"noopener noreferrer\">Setembro<\/a><br \/>\n<a href=\"..\/..\/wp-content\/uploads\/docs\/balancetes\/patrimoniais\/2021\/bp10.xls\" target=\"_blank\" rel=\"noopener noreferrer\">Outembro<\/a><br \/>\n<a href=\"..\/..\/wp-content\/uploads\/docs\/balancetes\/patrimoniais\/2021\/bp11.xls\" target=\"_blank\" rel=\"noopener noreferrer\">Novembro<\/a><br \/>\n<a href=\"..\/..\/wp-content\/uploads\/docs\/balancetes\/patrimoniais\/2021\/bp12.xls\" target=\"_blank\" rel=\"noopener noreferrer\">Dezembro<\/a><\/p>\n<h3>Balancetes Or\u00e7ament\u00e1rios<\/h3>\n<p>\n<a href=\"..\/..\/wp-content\/uploads\/docs\/balancetes\/2021\/bo10.xls\" target=\"_blank\" rel=\"noopener noreferrer\">Outembro<\/a><br \/>\n<a href=\"..\/..\/wp-content\/uploads\/docs\/balancetes\/2021\/bo11.xls\" target=\"_blank\" rel=\"noopener noreferrer\">Novembro<\/a><br \/>\n<a href=\"..\/..\/wp-content\/uploads\/docs\/balancetes\/2021\/bo12.xls\" target=\"_blank\" rel=\"noopener noreferrer\">Dezembro<\/a>\n<\/p>\n<h3>Balancetes Patrimoniais Comparados<\/h3>\n<p>\n<a href=\"..\/..\/wp-content\/uploads\/docs\/balancetes\/2021\/bpc10.xls\" target=\"_blank\" rel=\"noopener noreferrer\">Outembro<\/a><br \/>\n<a href=\"..\/..\/wp-content\/uploads\/docs\/balancetes\/2021\/bpc11.xls\" target=\"_blank\" rel=\"noopener noreferrer\">Novembro<\/a><br \/>\n<a href=\"..\/..\/wp-content\/uploads\/docs\/balancetes\/2021\/bpc12.xls\" target=\"_blank\" rel=\"noopener noreferrer\">Dezembro<\/a>\n<\/p>\n<h3>Demonstrativos de Fluxo de Caixa<\/h3>\n<p>\n<a href=\"..\/..\/wp-content\/uploads\/docs\/balancetes\/2021\/dfc10.xls\" target=\"_blank\" rel=\"noopener noreferrer\">Outembro<\/a><br \/>\n<a href=\"..\/..\/wp-content\/uploads\/docs\/balancetes\/2021\/dfc11.xls\" target=\"_blank\" rel=\"noopener noreferrer\">Novembro<\/a><br \/>\n<a href=\"..\/..\/wp-content\/uploads\/docs\/balancetes\/2021\/dfc12.xls\" target=\"_blank\" rel=\"noopener noreferrer\">Dezembro<\/a>\n<\/p>\n<h3>Demonstrativos de Varia\u00e7\u00f5es Patrimoniais<\/h3>\n<p>\n<a href=\"..\/..\/wp-content\/uploads\/docs\/balancetes\/2021\/dvp10.xls\" target=\"_blank\" rel=\"noopener noreferrer\">Outembro<\/a><br \/>\n<a href=\"..\/..\/wp-content\/uploads\/docs\/balancetes\/2021\/dvp11.xls\" target=\"_blank\" rel=\"noopener noreferrer\">Novembro<\/a><br \/>\n<a href=\"..\/..\/wp-content\/uploads\/docs\/balancetes\/2021\/dvp12.xls\" target=\"_blank\" rel=\"noopener noreferrer\">Dezembro<\/a><\/p>\n","protected":false},"excerpt":{"rendered":"<p>Voltar Balancetes Anal\u00edticos Janeiro Fevereiro Mar\u00e7o Abril Maio Junho Julho Agosto Setembro Balancetes Financeiros Janeiro Fevereiro Mar\u00e7o Abril Maio Junho Julho Agosto Setembro Outembro Novembro Dezembro Balancetes Patrimoniais Janeiro Fevereiro Mar\u00e7o Abril Maio Junho Julho Agosto Setembro Outembro Novembro Dezembro Balancetes Or\u00e7ament\u00e1rios Outembro Novembro Dezembro Balancetes Patrimoniais Comparados Outembro Novembro Dezembro Demonstrativos de Fluxo de &hellip; <a href=\"https:\/\/corecondf.org.br\/transparencia\/balancetes\/balancetes-2021\/\" class=\"more-link\">Continue reading <span class=\"screen-reader-text\">Balancetes 2021<\/span><\/a><\/p>\n","protected":false},"author":2,"featured_media":0,"parent":53,"menu_order":0,"comment_status":"closed","ping_status":"closed","template":"","meta":{"footnotes":""},"class_list":["post-1316","page","type-page","status-publish","hentry"],"_links":{"self":[{"href":"https:\/\/corecondf.org.br\/transparencia\/wp-json\/wp\/v2\/pages\/1316","targetHints":{"allow":["GET"]}}],"collection":[{"href":"https:\/\/corecondf.org.br\/transparencia\/wp-json\/wp\/v2\/pages"}],"about":[{"href":"https:\/\/corecondf.org.br\/transparencia\/wp-json\/wp\/v2\/types\/page"}],"author":[{"embeddable":true,"href":"https:\/\/corecondf.org.br\/transparencia\/wp-json\/wp\/v2\/users\/2"}],"replies":[{"embeddable":true,"href":"https:\/\/corecondf.org.br\/transparencia\/wp-json\/wp\/v2\/comments?post=1316"}],"version-history":[{"count":4,"href":"https:\/\/corecondf.org.br\/transparencia\/wp-json\/wp\/v2\/pages\/1316\/revisions"}],"predecessor-version":[{"id":1384,"href":"https:\/\/corecondf.org.br\/transparencia\/wp-json\/wp\/v2\/pages\/1316\/revisions\/1384"}],"up":[{"embeddable":true,"href":"https:\/\/corecondf.org.br\/transparencia\/wp-json\/wp\/v2\/pages\/53"}],"wp:attachment":[{"href":"https:\/\/corecondf.org.br\/transparencia\/wp-json\/wp\/v2\/media?parent=1316"}],"curies":[{"name":"wp","href":"https:\/\/api.w.org\/{rel}","templated":true}]}}