{"id":1305,"date":"2021-04-18T12:05:11","date_gmt":"2021-04-18T15:05:11","guid":{"rendered":"https:\/\/corecondf.org.br\/transparencia\/?page_id=1305"},"modified":"2021-12-08T20:42:37","modified_gmt":"2021-12-08T23:42:37","slug":"resolucoes-2021","status":"publish","type":"page","link":"https:\/\/corecondf.org.br\/transparencia\/atos-normativos\/resolucoes-2021\/","title":{"rendered":"Resolu\u00e7\u00f5es 2021"},"content":{"rendered":"<div align=\"right\"><a class=\"btn btn-primary btn-lg\" href=\"\/transparencia\/atos-normativos\/\" type=\"button\">Voltar<\/a><\/div>\r\n&nbsp;\r\n<table style=\"width: 100%;\" border=\"0\" align=\"center\">\r\n<tbody>\r\n<tr style=\"height: 70px;\">\r\n<th style=\"background-color: #333399; color: #ffffff; height: 70px; text-align: center;\">\r\n<p align=\"center\"><strong>RESOLU\u00c7\u00d5ES<\/strong><\/p>\r\n<\/th>\r\n<\/tr>\r\n<tr style=\"height: 486px;\">\r\n<td style=\"height: 486px; background-color: #f5f5f5; vertical-align: text-top;\">\r\n<p align=\"center\"><span style=\"color: #008080;\"><strong>2021<\/strong><\/span><\/p>\r\n\r\n<table><!-- style=\"height: 626px;\" -->\r\n<tbody>\r\n<tr>\r\n<td style=\"width: 70px;\"><strong><span style=\"color: #666699;\">N\u00b0<\/span><\/strong><\/td>\r\n<td><span style=\"color: #666699;\"><strong>Descri\u00e7\u00e3o<\/strong><\/span><\/td>\r\n<\/tr>\r\n<tr>\r\n<td>526<\/td>\r\n<td><a href=\"..\/..\/wp-content\/uploads\/docs\/atos-normativos\/resolucoes\/2021\/Res526-2021.pdf\" target=\"_blank\" rel=\"noopener noreferrer\">Processo Presta\u00e7\u00e3o de Contas &#8211; 2020.<\/a><\/td>\r\n<\/tr>\r\n<tr>\r\n<td>527<\/td>\r\n<td><a href=\"..\/..\/wp-content\/uploads\/docs\/atos-normativos\/resolucoes\/2021\/Res527-2021.pdf\" target=\"_blank\" rel=\"noopener noreferrer\">Prorroga\u00e7\u00e3o do VIII Programa de Recupera\u00e7\u00e3o de Cr\u00e9ditos.<\/a><\/td>\r\n<\/tr>\r\n<tr>\r\n<td>528<\/td>\r\n<td><a href=\"..\/..\/wp-content\/uploads\/docs\/atos-normativos\/resolucoes\/2021\/Res528-2021.pdf\" target=\"_blank\" rel=\"noopener noreferrer\">Institui\u00e7\u00e3o dos Cadernos de Economia e altera disposi\u00e7\u00f5es relativas ao Blog de Economia.<\/a><\/td>\r\n<\/tr>\r\n<tr>\r\n<td>529<\/td>\r\n<td><a href=\"..\/..\/wp-content\/uploads\/docs\/atos-normativos\/resolucoes\/2021\/Res529-2021.pdf\" target=\"_blank\" rel=\"noopener noreferrer\">Balancete do 1\u00b0 Trimestre &#8211; 2021.<\/a><\/td>\r\n<\/tr>\r\n<tr>\r\n<td>530<\/td>\r\n<td><a href=\"..\/..\/wp-content\/uploads\/docs\/atos-normativos\/resolucoes\/2021\/Res530-2021.pdf\" target=\"_blank\" rel=\"noopener noreferrer\">Balancete do 2\u00b0 Trimestre &#8211; 2021.<\/a><\/td>\r\n<\/tr>\r\n<tr>\r\n<td>531<\/td>\r\n<td><a href=\"..\/..\/wp-content\/uploads\/docs\/atos-normativos\/resolucoes\/2021\/Res531-2021.pdf\" target=\"_blank\" rel=\"noopener noreferrer\">Segunda prorroga\u00e7\u00e3o do prazo para ades\u00e3o ao VIII RECRED.<\/a><\/td>\r\n<\/tr>\r\n<tr>\r\n<td>532<\/td>\r\n<td><a href=\"..\/..\/wp-content\/uploads\/docs\/atos-normativos\/resolucoes\/2021\/Res532-2021.pdf\" target=\"_blank\" rel=\"noopener noreferrer\">Anuidades e Emolumentos para 2022.<\/a><\/td>\r\n<\/tr>\r\n<tr>\r\n<td>533<\/td>\r\n<td><a href=\"..\/..\/wp-content\/uploads\/docs\/atos-normativos\/resolucoes\/2021\/Res533-2021.pdf\" target=\"_blank\" rel=\"noopener noreferrer\">Balancete do 3\u00b0 Trimestre &#8211; 2021.<\/a><\/td>\r\n<\/tr>\r\n<tr>\r\n<td>534<\/td>\r\n<td><a href=\"..\/..\/wp-content\/uploads\/docs\/atos-normativos\/resolucoes\/2021\/Res534-2021.pdf\" target=\"_blank\" rel=\"noopener noreferrer\">Proposta Or\u00e7ament\u00e1ria &#8211; 2022.<\/a><\/td>\r\n<\/tr>\r\n<\/tbody>\r\n<\/table>\r\n<\/td>\r\n<\/tr>\r\n<\/tbody>\r\n<\/table>\r\n<!-- \/wp:post-content -->","protected":false},"excerpt":{"rendered":"<p>Voltar &nbsp; RESOLU\u00c7\u00d5ES 2021 N\u00b0 Descri\u00e7\u00e3o 526 Processo Presta\u00e7\u00e3o de Contas &#8211; 2020. 527 Prorroga\u00e7\u00e3o do VIII Programa de Recupera\u00e7\u00e3o de Cr\u00e9ditos. 528 Institui\u00e7\u00e3o dos Cadernos de Economia e altera disposi\u00e7\u00f5es relativas ao Blog de Economia. 529 Balancete do 1\u00b0 Trimestre &#8211; 2021. 530 Balancete do 2\u00b0 Trimestre &#8211; 2021. 531 Segunda prorroga\u00e7\u00e3o do prazo &hellip; <a href=\"https:\/\/corecondf.org.br\/transparencia\/atos-normativos\/resolucoes-2021\/\" class=\"more-link\">Continue reading <span class=\"screen-reader-text\">Resolu\u00e7\u00f5es 2021<\/span><\/a><\/p>\n","protected":false},"author":2,"featured_media":0,"parent":35,"menu_order":0,"comment_status":"closed","ping_status":"closed","template":"","meta":{"footnotes":""},"class_list":["post-1305","page","type-page","status-publish","hentry"],"_links":{"self":[{"href":"https:\/\/corecondf.org.br\/transparencia\/wp-json\/wp\/v2\/pages\/1305","targetHints":{"allow":["GET"]}}],"collection":[{"href":"https:\/\/corecondf.org.br\/transparencia\/wp-json\/wp\/v2\/pages"}],"about":[{"href":"https:\/\/corecondf.org.br\/transparencia\/wp-json\/wp\/v2\/types\/page"}],"author":[{"embeddable":true,"href":"https:\/\/corecondf.org.br\/transparencia\/wp-json\/wp\/v2\/users\/2"}],"replies":[{"embeddable":true,"href":"https:\/\/corecondf.org.br\/transparencia\/wp-json\/wp\/v2\/comments?post=1305"}],"version-history":[{"count":0,"href":"https:\/\/corecondf.org.br\/transparencia\/wp-json\/wp\/v2\/pages\/1305\/revisions"}],"up":[{"embeddable":true,"href":"https:\/\/corecondf.org.br\/transparencia\/wp-json\/wp\/v2\/pages\/35"}],"wp:attachment":[{"href":"https:\/\/corecondf.org.br\/transparencia\/wp-json\/wp\/v2\/media?parent=1305"}],"curies":[{"name":"wp","href":"https:\/\/api.w.org\/{rel}","templated":true}]}}