{"id":1255,"date":"2021-01-08T11:09:42","date_gmt":"2021-01-08T14:09:42","guid":{"rendered":"https:\/\/corecondf.org.br\/transparencia\/?page_id=1255"},"modified":"2021-04-04T18:23:24","modified_gmt":"2021-04-04T21:23:24","slug":"balancetes-2020","status":"publish","type":"page","link":"https:\/\/corecondf.org.br\/transparencia\/balancetes\/balancetes-2020\/","title":{"rendered":"Balancetes 2020"},"content":{"rendered":"<div align=\"right\"><a type=\"button\" class=\"btn btn-primary btn-lg\" href=\"\/transparencia\/balancetes\">Voltar<\/a><\/div>\n<p><\/p>\n<h3>Balancetes Anal\u00edticos<\/h3>\n<p><a href=\"..\/..\/wp-content\/uploads\/docs\/balancetes\/analiticos\/2020\/ba01.xls\" target=\"_blank\" rel=\"noopener noreferrer\">Janeiro<\/a><br \/>\n<a href=\"..\/..\/wp-content\/uploads\/docs\/balancetes\/analiticos\/2020\/ba02.xls\" target=\"_blank\" rel=\"noopener noreferrer\">Fevereiro<\/a><br \/>\n<a href=\"..\/..\/wp-content\/uploads\/docs\/balancetes\/analiticos\/2020\/ba03.xls\" target=\"_blank\" rel=\"noopener noreferrer\">Mar\u00e7o<\/a><br \/>\n<a href=\"..\/..\/wp-content\/uploads\/docs\/balancetes\/analiticos\/2020\/ba04.xls\" target=\"_blank\" rel=\"noopener noreferrer\">Abril<\/a><br \/>\n<a href=\"..\/..\/wp-content\/uploads\/docs\/balancetes\/analiticos\/2020\/ba05.xls\" target=\"_blank\" rel=\"noopener noreferrer\">Maio<\/a><br \/>\n<a href=\"..\/..\/wp-content\/uploads\/docs\/balancetes\/analiticos\/2020\/ba06.xls\" target=\"_blank\" rel=\"noopener noreferrer\">Junho<\/a><br \/>\n<a href=\"..\/..\/wp-content\/uploads\/docs\/balancetes\/analiticos\/2020\/ba07.xls\" target=\"_blank\" rel=\"noopener noreferrer\">Julho<\/a><br \/>\n<a href=\"..\/..\/wp-content\/uploads\/docs\/balancetes\/analiticos\/2020\/ba08.xls\" target=\"_blank\" rel=\"noopener noreferrer\">Agosto<\/a><br \/>\n<a href=\"..\/..\/wp-content\/uploads\/docs\/balancetes\/analiticos\/2020\/ba09.xls\" target=\"_blank\" rel=\"noopener noreferrer\">Setembro<\/a><br \/>\n<a href=\"..\/..\/wp-content\/uploads\/docs\/balancetes\/analiticos\/2020\/ba10.xls\" target=\"_blank\" rel=\"noopener noreferrer\">Outubro<\/a><br \/>\n<a href=\"..\/..\/wp-content\/uploads\/docs\/balancetes\/analiticos\/2020\/ba11.xls\" target=\"_blank\" rel=\"noopener noreferrer\">Novembro<\/a><br \/>\n<a href=\"..\/..\/wp-content\/uploads\/docs\/balancetes\/analiticos\/2020\/ba12.xls\" target=\"_blank\" rel=\"noopener noreferrer\">Dezembro<\/a><\/p>\n<h3>Balancetes Financeiros<\/h3>\n<p><a href=\"..\/..\/wp-content\/uploads\/docs\/balancetes\/financeiros\/2020\/bf01.xls\" target=\"_blank\" rel=\"noopener noreferrer\">Janeiro<\/a><br \/>\n<a href=\"..\/..\/wp-content\/uploads\/docs\/balancetes\/financeiros\/2020\/bf02.xls\" target=\"_blank\" rel=\"noopener noreferrer\">Fevereiro<\/a><br \/>\n<a href=\"..\/..\/wp-content\/uploads\/docs\/balancetes\/financeiros\/2020\/bf03.xls\" target=\"_blank\" rel=\"noopener noreferrer\">Mar\u00e7o<\/a><br \/>\n<a href=\"..\/..\/wp-content\/uploads\/docs\/balancetes\/financeiros\/2020\/bf04.xls\" target=\"_blank\" rel=\"noopener noreferrer\">Abril<\/a><br \/>\n<a href=\"..\/..\/wp-content\/uploads\/docs\/balancetes\/financeiros\/2020\/bf05.xls\" target=\"_blank\" rel=\"noopener noreferrer\">Maio<\/a><br \/>\n<a href=\"..\/..\/wp-content\/uploads\/docs\/balancetes\/financeiros\/2020\/bf06.xls\" target=\"_blank\" rel=\"noopener noreferrer\">Junho<\/a><br \/>\n<a href=\"..\/..\/wp-content\/uploads\/docs\/balancetes\/financeiros\/2020\/bf07.xls\" target=\"_blank\" rel=\"noopener noreferrer\">Julho<\/a><br \/>\n<a href=\"..\/..\/wp-content\/uploads\/docs\/balancetes\/financeiros\/2020\/bf08.xls\" target=\"_blank\" rel=\"noopener noreferrer\">Agosto<\/a><br \/>\n<a href=\"..\/..\/wp-content\/uploads\/docs\/balancetes\/financeiros\/2020\/bf09.xls\" target=\"_blank\" rel=\"noopener noreferrer\">Setembro<\/a><br \/>\n<a href=\"..\/..\/wp-content\/uploads\/docs\/balancetes\/financeiros\/2020\/bf10.xls\" target=\"_blank\" rel=\"noopener noreferrer\">Outembro<\/a><br \/>\n<a href=\"..\/..\/wp-content\/uploads\/docs\/balancetes\/financeiros\/2020\/bf11.xls\" target=\"_blank\" rel=\"noopener noreferrer\">Novembro<\/a><br \/>\n<a href=\"..\/..\/wp-content\/uploads\/docs\/balancetes\/financeiros\/2020\/bf12.xls\" target=\"_blank\" rel=\"noopener noreferrer\">Dezembro<\/a><\/p>\n<h3>Balancetes Patrimoniais<\/h3>\n<p><a href=\"..\/..\/wp-content\/uploads\/docs\/balancetes\/patrimoniais\/2020\/bp01.xls\" target=\"_blank\" rel=\"noopener noreferrer\">Janeiro<\/a><br \/>\n<a href=\"..\/..\/wp-content\/uploads\/docs\/balancetes\/patrimoniais\/2020\/bp02.xls\" target=\"_blank\" rel=\"noopener noreferrer\">Fevereiro<\/a><br \/>\n<a href=\"..\/..\/wp-content\/uploads\/docs\/balancetes\/patrimoniais\/2020\/bp03.xls\" target=\"_blank\" rel=\"noopener noreferrer\">Mar\u00e7o<\/a><br \/>\n<a href=\"..\/..\/wp-content\/uploads\/docs\/balancetes\/patrimoniais\/2020\/bp04.xls\" target=\"_blank\" rel=\"noopener noreferrer\">Abril<\/a><br \/>\n<a href=\"..\/..\/wp-content\/uploads\/docs\/balancetes\/patrimoniais\/2020\/bp05.xls\" target=\"_blank\" rel=\"noopener noreferrer\">Maio<\/a><br \/>\n<a href=\"..\/..\/wp-content\/uploads\/docs\/balancetes\/patrimoniais\/2020\/bp06.xls\" target=\"_blank\" rel=\"noopener noreferrer\">Junho<\/a><br \/>\n<a href=\"..\/..\/wp-content\/uploads\/docs\/balancetes\/patrimoniais\/2020\/bp07.xls\" target=\"_blank\" rel=\"noopener noreferrer\">Julho<\/a><br \/>\n<a href=\"..\/..\/wp-content\/uploads\/docs\/balancetes\/patrimoniais\/2020\/bp08.xls\" target=\"_blank\" rel=\"noopener noreferrer\">Agosto<\/a><br \/>\n<a href=\"..\/..\/wp-content\/uploads\/docs\/balancetes\/patrimoniais\/2020\/bp09.xls\" target=\"_blank\" rel=\"noopener noreferrer\">Setembro<\/a><br \/>\n<a href=\"..\/..\/wp-content\/uploads\/docs\/balancetes\/patrimoniais\/2020\/bp10.xls\" target=\"_blank\" rel=\"noopener noreferrer\">Outembro<\/a><br \/>\n<a href=\"..\/..\/wp-content\/uploads\/docs\/balancetes\/patrimoniais\/2020\/bp11.xls\" target=\"_blank\" rel=\"noopener noreferrer\">Novembro<\/a><br \/>\n<a href=\"..\/..\/wp-content\/uploads\/docs\/balancetes\/patrimoniais\/2020\/bp12.xls\" target=\"_blank\" rel=\"noopener noreferrer\">Dezembro<\/a><\/p>\n","protected":false},"excerpt":{"rendered":"<p>Voltar Balancetes Anal\u00edticos Janeiro Fevereiro Mar\u00e7o Abril Maio Junho Julho Agosto Setembro Outubro Novembro Dezembro Balancetes Financeiros Janeiro Fevereiro Mar\u00e7o Abril Maio Junho Julho Agosto Setembro Outembro Novembro Dezembro Balancetes Patrimoniais Janeiro Fevereiro Mar\u00e7o Abril Maio Junho Julho Agosto Setembro Outembro Novembro Dezembro<\/p>\n","protected":false},"author":2,"featured_media":0,"parent":53,"menu_order":0,"comment_status":"closed","ping_status":"closed","template":"","meta":{"footnotes":""},"class_list":["post-1255","page","type-page","status-publish","hentry"],"_links":{"self":[{"href":"https:\/\/corecondf.org.br\/transparencia\/wp-json\/wp\/v2\/pages\/1255","targetHints":{"allow":["GET"]}}],"collection":[{"href":"https:\/\/corecondf.org.br\/transparencia\/wp-json\/wp\/v2\/pages"}],"about":[{"href":"https:\/\/corecondf.org.br\/transparencia\/wp-json\/wp\/v2\/types\/page"}],"author":[{"embeddable":true,"href":"https:\/\/corecondf.org.br\/transparencia\/wp-json\/wp\/v2\/users\/2"}],"replies":[{"embeddable":true,"href":"https:\/\/corecondf.org.br\/transparencia\/wp-json\/wp\/v2\/comments?post=1255"}],"version-history":[{"count":0,"href":"https:\/\/corecondf.org.br\/transparencia\/wp-json\/wp\/v2\/pages\/1255\/revisions"}],"up":[{"embeddable":true,"href":"https:\/\/corecondf.org.br\/transparencia\/wp-json\/wp\/v2\/pages\/53"}],"wp:attachment":[{"href":"https:\/\/corecondf.org.br\/transparencia\/wp-json\/wp\/v2\/media?parent=1255"}],"curies":[{"name":"wp","href":"https:\/\/api.w.org\/{rel}","templated":true}]}}