{"id":1245,"date":"2021-01-04T19:17:28","date_gmt":"2021-01-04T22:17:28","guid":{"rendered":"https:\/\/corecondf.org.br\/transparencia\/?page_id=1245"},"modified":"2021-12-08T20:58:12","modified_gmt":"2021-12-08T23:58:12","slug":"portarias-2021","status":"publish","type":"page","link":"https:\/\/corecondf.org.br\/transparencia\/atos-normativos\/portarias-2021\/","title":{"rendered":"Portarias 2021"},"content":{"rendered":"<div align=\"right\"><a type=\"button\" class=\"btn btn-primary btn-lg\" href=\"\/transparencia\/atos-normativos\/\">Voltar<\/a><\/div>\n<p><\/p>\n<table style=\"width: 100%;\" border=\"0\" align=\"center\">\n<tbody>\n<tr style=\"height: 70px;\">\n<th style=\"background-color: #333399; color: #ffffff; height: 70px; text-align: center;\">\n<p align=\"center\"><strong>PORTARIAS<\/strong><\/p>\n<\/th>\n<\/tr>\n<tr style=\"height: 486px;\">\n<td style=\"height: 486px; background-color: #f5f5f5; vertical-align: text-top;\">\n<p align=\"center\"><span style=\"color: #008080;\"><strong>2021<\/strong><\/span><\/p>\n<table>\n<tbody>\n<tr>\n<td style=\"width: 70px;\"><strong><span style=\"color: #666699;\">N\u00b0<\/span><\/strong><\/td>\n<td><span style=\"color: #666699;\"><strong>Descri\u00e7\u00e3o<\/strong><\/span><\/td>\n<\/tr>\n<tr>\n<td>001<\/td>\n<td><a href=\"..\/..\/wp-content\/uploads\/docs\/atos-normativos\/portarias\/2021\/Port-0012021.pdf\" target=\"_blank\" rel=\"noopener noreferrer\">Designa funcion\u00e1rios para movimentar conta corrente do Corecon-DF.<\/a><\/td>\n<\/tr>\n<tr>\n<td>002<\/td>\n<td><a href=\"..\/..\/wp-content\/uploads\/docs\/atos-normativos\/portarias\/2021\/Port-0022021.pdf\" target=\"_blank\" rel=\"noopener noreferrer\">Composi\u00e7\u00e3o da Comiss\u00e3o de Licita\u00e7\u00e3o.<\/a><\/td>\n<\/tr>\n<tr>\n<td>003<\/td>\n<td><a href=\"..\/..\/wp-content\/uploads\/docs\/atos-normativos\/portarias\/2021\/Port-0032021.pdf\" target=\"_blank\" rel=\"noopener noreferrer\">Composi\u00e7\u00e3o da Comiss\u00e3o de Tomada de Contas.<\/a><\/td>\n<\/tr>\n<tr>\n<td>004<\/td>\n<td><a href=\"..\/..\/wp-content\/uploads\/docs\/atos-normativos\/portarias\/2021\/Port-0042021.pdf\" target=\"_blank\" rel=\"noopener noreferrer\">Nomeia Daniel Soares Gerente Executivo.<\/a><\/td>\n<\/tr>\n<tr>\n<td>005<\/td>\n<td><a href=\"..\/..\/wp-content\/uploads\/docs\/atos-normativos\/portarias\/2021\/Port-0052021.pdf\" target=\"_blank\" rel=\"noopener noreferrer\">Nomeia Marianne Pereira Assessora T\u00e9cnica.<\/a><\/td>\n<\/tr>\n<tr>\n<td>006<\/td>\n<td><a href=\"..\/..\/wp-content\/uploads\/docs\/atos-normativos\/portarias\/2021\/Port-0062021.pdf\" target=\"_blank\" rel=\"noopener noreferrer\">Nomeia Angeilton Faleiro Assessor T\u00e9cnico.<\/a><\/td>\n<\/tr>\n<tr>\n<td>007<\/td>\n<td><a href=\"..\/..\/wp-content\/uploads\/docs\/atos-normativos\/portarias\/2021\/Port-0072021.pdf\" target=\"_blank\" rel=\"noopener noreferrer\">Delega\u00e7\u00e3o de poderes ao Gerente Executivo.<\/a><\/td>\n<\/tr>\n<tr>\n<td>008<\/td>\n<td><a href=\"..\/..\/wp-content\/uploads\/docs\/atos-normativos\/portarias\/2021\/Port-0082021.pdf\" target=\"_blank\" rel=\"noopener noreferrer\">Delega\u00e7\u00e3o de poder para movimenta\u00e7\u00e3o de conta banc\u00e1ria do Corecon-DF.<\/a><\/td>\n<\/tr>\n<tr>\n<td>009<\/td>\n<td><a href=\"..\/..\/wp-content\/uploads\/docs\/atos-normativos\/portarias\/2021\/Port-0092021.pdf\" target=\"_blank\" rel=\"noopener noreferrer\">Composi\u00e7\u00e3o Tem\u00e1ticas<\/a><\/td>\n<\/tr>\n<tr>\n<td>010<\/td>\n<td><a href=\"..\/..\/wp-content\/uploads\/docs\/atos-normativos\/portarias\/2021\/Port-0102021.pdf\" target=\"_blank\" rel=\"noopener noreferrer\">Designar a composi\u00e7\u00e3o do Comit\u00ea de Gest\u00e3o do Blog e dos Cadernos de Economia do Exerc\u00edcio de 2021.<\/a><\/td>\n<\/tr>\n<tr>\n<td>011<\/td>\n<td><a href=\"..\/..\/wp-content\/uploads\/docs\/atos-normativos\/portarias\/2021\/Port-0112021.pdf\" target=\"_blank\" rel=\"noopener noreferrer\">Nomea\u00e7\u00e3o da Comiss\u00e3o Eleitoral 2021.<\/a><\/td>\n<\/tr>\n<tr>\n<td>012<\/td>\n<td><a href=\"..\/..\/wp-content\/uploads\/docs\/atos-normativos\/portarias\/2021\/Port-0122021.pdf\" target=\"_blank\" rel=\"noopener noreferrer\">Substitui\u00e7\u00e3o do Gerente Executivo (Angeilton Lima).<\/a><\/td>\n<\/tr>\n<\/tbody>\n<\/table>\n<\/td>\n<\/tr>\n<\/tbody>\n<\/table>\n","protected":false},"excerpt":{"rendered":"<p>Voltar PORTARIAS 2021 N\u00b0 Descri\u00e7\u00e3o 001 Designa funcion\u00e1rios para movimentar conta corrente do Corecon-DF. 002 Composi\u00e7\u00e3o da Comiss\u00e3o de Licita\u00e7\u00e3o. 003 Composi\u00e7\u00e3o da Comiss\u00e3o de Tomada de Contas. 004 Nomeia Daniel Soares Gerente Executivo. 005 Nomeia Marianne Pereira Assessora T\u00e9cnica. 006 Nomeia Angeilton Faleiro Assessor T\u00e9cnico. 007 Delega\u00e7\u00e3o de poderes ao Gerente Executivo. 008 Delega\u00e7\u00e3o &hellip; <a href=\"https:\/\/corecondf.org.br\/transparencia\/atos-normativos\/portarias-2021\/\" class=\"more-link\">Continue reading <span class=\"screen-reader-text\">Portarias 2021<\/span><\/a><\/p>\n","protected":false},"author":2,"featured_media":0,"parent":35,"menu_order":0,"comment_status":"closed","ping_status":"closed","template":"","meta":{"footnotes":""},"class_list":["post-1245","page","type-page","status-publish","hentry"],"_links":{"self":[{"href":"https:\/\/corecondf.org.br\/transparencia\/wp-json\/wp\/v2\/pages\/1245","targetHints":{"allow":["GET"]}}],"collection":[{"href":"https:\/\/corecondf.org.br\/transparencia\/wp-json\/wp\/v2\/pages"}],"about":[{"href":"https:\/\/corecondf.org.br\/transparencia\/wp-json\/wp\/v2\/types\/page"}],"author":[{"embeddable":true,"href":"https:\/\/corecondf.org.br\/transparencia\/wp-json\/wp\/v2\/users\/2"}],"replies":[{"embeddable":true,"href":"https:\/\/corecondf.org.br\/transparencia\/wp-json\/wp\/v2\/comments?post=1245"}],"version-history":[{"count":0,"href":"https:\/\/corecondf.org.br\/transparencia\/wp-json\/wp\/v2\/pages\/1245\/revisions"}],"up":[{"embeddable":true,"href":"https:\/\/corecondf.org.br\/transparencia\/wp-json\/wp\/v2\/pages\/35"}],"wp:attachment":[{"href":"https:\/\/corecondf.org.br\/transparencia\/wp-json\/wp\/v2\/media?parent=1245"}],"curies":[{"name":"wp","href":"https:\/\/api.w.org\/{rel}","templated":true}]}}