{"id":1186,"date":"2020-04-06T14:33:58","date_gmt":"2020-04-06T17:33:58","guid":{"rendered":"http:\/\/corecondf.org.br\/transparencia\/?page_id=1186"},"modified":"2022-10-18T20:25:29","modified_gmt":"2022-10-18T23:25:29","slug":"resolucoes-2020","status":"publish","type":"page","link":"https:\/\/corecondf.org.br\/transparencia\/atos-normativos\/resolucoes-2020\/","title":{"rendered":"Resolu\u00e7\u00f5es 2020"},"content":{"rendered":"<div align=\"right\"><a type=\"button\" class=\"btn btn-primary btn-lg\" href=\"\/transparencia\/atos-normativos\/\">Voltar<\/a><\/div><br>\r\n<table style=\"width: 100%;\" border=\"0\" align=\"center\">\r\n<tbody>\r\n<tr style=\"height: 70px;\">\r\n<th style=\"background-color: #333399; color: #ffffff; height: 70px; text-align: center;\">\r\n<p align=\"center\"><strong>RESOLU\u00c7\u00d5ES<\/strong><\/p>\r\n<\/th>\r\n<\/tr>\r\n<tr style=\"height: 486px;\">\r\n<td style=\"height: 486px; background-color: #f5f5f5; vertical-align: text-top;\">\r\n<p align=\"center\"><span style=\"color: #008080;\"><strong>2020<\/strong><\/span><\/p>\r\n<p> <\/p>\r\n<table><!-- style=\"height: 626px;\" -->\r\n<tbody>\r\n<tr>\r\n<td style=\"width: 70px;\"><strong><span style=\"color: #666699;\">N\u00b0<\/span><\/strong><\/td>\r\n<td><span style=\"color: #666699;\"><strong>Descri\u00e7\u00e3o<\/strong><\/span><\/td>\r\n<\/tr>\r\n<tr>\r\n<td>515<\/td>\r\n<td><a href=\"..\/..\/wp-content\/uploads\/docs\/atos-normativos\/resolucoes\/2020\/Res515-2020.pdf\" target=\"_blank\" rel=\"noopener noreferrer\">Processo de Presta\u00e7\u00e3o de Contas &#8211; 2019.<\/a><\/td>\r\n<\/tr>\r\n<tr>\r\n<td>516<\/td>\r\n<td><a href=\"..\/..\/wp-content\/uploads\/docs\/atos-normativos\/resolucoes\/2020\/Res516-2020.pdf\" target=\"_blank\" rel=\"noopener noreferrer\">VIII Programa de Recuperac\u0327a\u0303o de Cre\u0301dito.<\/a><\/td>\r\n<\/tr>\r\n<tr>\r\n<td>517<\/td>\r\n<td><a href=\"..\/..\/wp-content\/uploads\/docs\/atos-normativos\/resolucoes\/2020\/Res517-2020.pdf\" target=\"_blank\" rel=\"noopener noreferrer\">Disp\u00f5e sobre a n\u00e3o incid\u00eancia de juros, multa e corre\u00e7\u00e3o monet\u00e1ria.<\/a><\/td>\r\n<\/tr>\r\n<tr>\r\n<td>518<\/td>\r\n<td><a href=\"..\/..\/wp-content\/uploads\/docs\/atos-normativos\/resolucoes\/2020\/Res518-2020.pdf\" target=\"_blank\" rel=\"noopener noreferrer\">Disp\u00f5e sobre Blog do Economista.<\/a><\/td>\r\n<\/tr>\r\n<tr>\r\n<td>519<\/td>\r\n<td><a href=\"..\/..\/wp-content\/uploads\/docs\/atos-normativos\/resolucoes\/2020\/Res519-2020.pdf\" target=\"_blank\" rel=\"noopener noreferrer\">Designa comiss\u00e3o eleitoral para o calend\u00e1rio de 2020.<\/a><\/td>\r\n<\/tr>\r\n<tr>\r\n<td>520<\/td>\r\n<td><a href=\"..\/..\/wp-content\/uploads\/docs\/atos-normativos\/resolucoes\/2020\/Res520-2020.pdf\" target=\"_blank\" rel=\"noopener noreferrer\">Prorroga o prazo de n\u00e3o incid\u00eancia de encargos morat\u00f3rios sobre d\u00e9bitos.<\/a><\/td>\r\n<\/tr>\r\n<tr>\r\n<td>521<\/td>\r\n<td><a href=\"..\/..\/wp-content\/uploads\/docs\/atos-normativos\/resolucoes\/2020\/Res521-2020.pdf\" target=\"_blank\" rel=\"noopener noreferrer\">Balancetes do 1\u00ba Trimestre de 2020.<\/a><\/td>\r\n<\/tr>\r\n<tr>\r\n<td>522<\/td>\r\n<td><a href=\"..\/..\/wp-content\/uploads\/docs\/atos-normativos\/resolucoes\/2020\/Res522-2020.pdf\" target=\"_blank\" rel=\"noopener noreferrer\">Anuidades e Emolumentos para 2021.<\/a><\/td>\r\n<\/tr>\r\n<tr>\r\n<td>523<\/td>\r\n<td><a href=\"..\/..\/wp-content\/uploads\/docs\/atos-normativos\/resolucoes\/2020\/Res523-2020.pdf\" target=\"_blank\" rel=\"noopener noreferrer\">Balancetes do 2\u00ba Trimestre de 2020.<\/a><\/td>\r\n<\/tr>\r\n<tr>\r\n<td>524<\/td>\r\n<td><a href=\"..\/..\/wp-content\/uploads\/docs\/atos-normativos\/resolucoes\/2020\/Res524-2020.pdf\" target=\"_blank\" rel=\"noopener noreferrer\">Balancetes do 3\u00ba Trimestre de 2020.<\/a><\/td>\r\n<\/tr>\r\n<tr>\r\n<td>525<\/td>\r\n<td><a href=\"..\/..\/wp-content\/uploads\/docs\/atos-normativos\/resolucoes\/2020\/Res525-2020.pdf\" target=\"_blank\" rel=\"noopener noreferrer\">Porposta Or\u00e7ament\u00e1ria de 2021.<\/a><\/td>\r\n<\/tr>\r\n<\/tbody>\r\n<\/table>\r\n<\/td>\r\n<\/tr>\r\n<\/tbody>\r\n<\/table>\r\n<!-- \/wp:post-content -->","protected":false},"excerpt":{"rendered":"<p>Voltar RESOLU\u00c7\u00d5ES 2020 N\u00b0 Descri\u00e7\u00e3o 515 Processo de Presta\u00e7\u00e3o de Contas &#8211; 2019. 516 VIII Programa de Recuperac\u0327a\u0303o de Cre\u0301dito. 517 Disp\u00f5e sobre a n\u00e3o incid\u00eancia de juros, multa e corre\u00e7\u00e3o monet\u00e1ria. 518 Disp\u00f5e sobre Blog do Economista. 519 Designa comiss\u00e3o eleitoral para o calend\u00e1rio de 2020. 520 Prorroga o prazo de n\u00e3o incid\u00eancia de &hellip; <a href=\"https:\/\/corecondf.org.br\/transparencia\/atos-normativos\/resolucoes-2020\/\" class=\"more-link\">Continue reading <span class=\"screen-reader-text\">Resolu\u00e7\u00f5es 2020<\/span><\/a><\/p>\n","protected":false},"author":2,"featured_media":0,"parent":35,"menu_order":0,"comment_status":"closed","ping_status":"closed","template":"","meta":{"footnotes":""},"class_list":["post-1186","page","type-page","status-publish","hentry"],"_links":{"self":[{"href":"https:\/\/corecondf.org.br\/transparencia\/wp-json\/wp\/v2\/pages\/1186","targetHints":{"allow":["GET"]}}],"collection":[{"href":"https:\/\/corecondf.org.br\/transparencia\/wp-json\/wp\/v2\/pages"}],"about":[{"href":"https:\/\/corecondf.org.br\/transparencia\/wp-json\/wp\/v2\/types\/page"}],"author":[{"embeddable":true,"href":"https:\/\/corecondf.org.br\/transparencia\/wp-json\/wp\/v2\/users\/2"}],"replies":[{"embeddable":true,"href":"https:\/\/corecondf.org.br\/transparencia\/wp-json\/wp\/v2\/comments?post=1186"}],"version-history":[{"count":1,"href":"https:\/\/corecondf.org.br\/transparencia\/wp-json\/wp\/v2\/pages\/1186\/revisions"}],"predecessor-version":[{"id":1422,"href":"https:\/\/corecondf.org.br\/transparencia\/wp-json\/wp\/v2\/pages\/1186\/revisions\/1422"}],"up":[{"embeddable":true,"href":"https:\/\/corecondf.org.br\/transparencia\/wp-json\/wp\/v2\/pages\/35"}],"wp:attachment":[{"href":"https:\/\/corecondf.org.br\/transparencia\/wp-json\/wp\/v2\/media?parent=1186"}],"curies":[{"name":"wp","href":"https:\/\/api.w.org\/{rel}","templated":true}]}}