{"id":113,"date":"2018-07-14T15:35:05","date_gmt":"2018-07-14T18:35:05","guid":{"rendered":"http:\/\/corecondf.org.br\/transparencia\/?page_id=113"},"modified":"2018-07-14T15:53:37","modified_gmt":"2018-07-14T18:53:37","slug":"resolucoes-2016","status":"publish","type":"page","link":"https:\/\/corecondf.org.br\/transparencia\/atos-normativos\/resolucoes-2016\/","title":{"rendered":"Resolu\u00e7\u00f5es 2016"},"content":{"rendered":"<p>&nbsp;<\/p>\n<table style=\"width: 100%;\" border=\"0\" align=\"center\">\n<tbody>\n<tr style=\"height: 70px;\">\n<th style=\"background-color: #333399; color: #ffffff; height: 70px; text-align: center;\">\n<p align=\"center\"><strong>RESOLU\u00c7\u00d5ES<\/strong><\/p>\n<\/th>\n<\/tr>\n<tr style=\"height: 486px;\">\n<td style=\"height: 486px; background-color: #f5f5f5; vertical-align: text-top;\">\n<p align=\"center\"><span style=\"color: #008080;\"><strong>2016<\/strong><\/span><\/p>\n<table> <!-- style=\"height: 626px;\" --> <\/p>\n<tbody>\n<tr>\n<td style=\"width: 70px;\"><strong><span style=\"color: #666699;\">N\u00b0<\/span><\/strong><\/td>\n<td><span style=\"color: #666699;\"><strong>Descri\u00e7\u00e3o<\/strong><\/span><\/td>\n<\/tr>\n<tr>\n<td>476<\/td>\n<td><a href=\"..\/..\/wp-content\/uploads\/docs\/atos-normativos\/resolucoes\/2016\/Res476-2016.pdf\" target=\"_blank\" rel=\"noopener\">Aprova Presta\u00e7\u00e3o de Contas do Exerc\u00edcio de 2015.<\/a><\/td>\n<\/tr>\n<tr>\n<td>477<\/td>\n<td><a href=\"..\/..\/wp-content\/uploads\/docs\/atos-normativos\/resolucoes\/2016\/Res477-2016.pdf\" target=\"_blank\" rel=\"noopener\">Cria o registro ativo com desconto.<\/a><\/td>\n<\/tr>\n<tr>\n<td>478<\/td>\n<td><a href=\"..\/..\/wp-content\/uploads\/docs\/atos-normativos\/resolucoes\/2016\/Res478-2016.pdf\" target=\"_blank\" rel=\"noopener\">Limites de multas.<\/a><\/td>\n<\/tr>\n<tr>\n<td>479<\/td>\n<td><a href=\"..\/..\/wp-content\/uploads\/docs\/atos-normativos\/resolucoes\/2016\/Res479-2016.pdf\" target=\"_blank\" rel=\"noopener\">Aprova Balancete do 1\u00b0Trimestre do Exerc\u00edcio de 2016.<\/a><\/td>\n<\/tr>\n<tr>\n<td>480<\/td>\n<td><a href=\"..\/..\/wp-content\/uploads\/docs\/atos-normativos\/resolucoes\/2016\/Res480-2016.pdf\" target=\"_blank\" rel=\"noopener\">V Programa de Recupera\u00e7\u00e3o de Cr\u00e9dito.<\/a><\/td>\n<\/tr>\n<tr>\n<td>481<\/td>\n<td><a href=\"..\/..\/wp-content\/uploads\/docs\/atos-normativos\/resolucoes\/2016\/Res481-2016.pdf\" target=\"_blank\" rel=\"noopener\">Oferta de cursos pelo Corecon-DF.<\/a><\/td>\n<\/tr>\n<tr>\n<td>482<\/td>\n<td><a href=\"..\/..\/wp-content\/uploads\/docs\/atos-normativos\/resolucoes\/2016\/Res482-2016.pdf\" target=\"_blank\" rel=\"noopener\">Aprova Balancete do 2\u00b0 Trimestre do Exerc\u00edcio de 2016.<\/a><\/td>\n<\/tr>\n<tr>\n<td>483<\/td>\n<td><a href=\"..\/..\/wp-content\/uploads\/docs\/atos-normativos\/resolucoes\/2016\/Res483-2016.pdf\" target=\"_blank\" rel=\"noopener\">Designa\u00e7\u00e3o da Comiss\u00e3o Eleitoral de 2016.<\/a><\/td>\n<\/tr>\n<tr>\n<td>484<\/td>\n<td><a href=\"..\/..\/wp-content\/uploads\/docs\/atos-normativos\/resolucoes\/2016\/Res484-2016.pdf\" target=\"_blank\" rel=\"noopener\">Aprova Reformula\u00e7\u00e3o Or\u00e7ament\u00e1ria do Exerc\u00edcio de 2016.<\/a><\/td>\n<\/tr>\n<tr>\n<td>485<\/td>\n<td><a href=\"..\/..\/wp-content\/uploads\/docs\/atos-normativos\/resolucoes\/2016\/Res485-2016.pdf\" target=\"_blank\" rel=\"noopener\">Aprova Balancete do 3\u00b0 Trimestre do Exerc\u00edcio de 2016.<\/a><\/td>\n<\/tr>\n<tr>\n<td>486<\/td>\n<td><a href=\"..\/..\/wp-content\/uploads\/docs\/atos-normativos\/resolucoes\/2016\/Res486-2016.pdf\" target=\"_blank\" rel=\"noopener\">Aprova Proposta Or\u00e7ament\u00e1ria do Exerc\u00edcio de 2017.<\/a><\/td>\n<\/tr>\n<tr>\n<td>487<\/td>\n<td><a href=\"..\/..\/wp-content\/uploads\/docs\/atos-normativos\/resolucoes\/2016\/Res487-2016.pdf\" target=\"_blank\" rel=\"noopener\">Anuidades e Emolumentos para 2017.<\/a><\/td>\n<\/tr>\n<tr>\n<td>488<\/td>\n<td><a href=\"..\/..\/wp-content\/uploads\/docs\/atos-normativos\/resolucoes\/2016\/Res488-2016.pdf\" target=\"_blank\" rel=\"noopener\">Prorroga\u00e7\u00e3o do V Programa de Recupera\u00e7\u00e3o de Cr\u00e9dito.<\/a><\/td>\n<\/tr>\n<\/tbody>\n<\/table>\n<\/td>\n<\/tr>\n<\/tbody>\n<\/table>\n","protected":false},"excerpt":{"rendered":"<p>&nbsp; RESOLU\u00c7\u00d5ES 2016 N\u00b0 Descri\u00e7\u00e3o 476 Aprova Presta\u00e7\u00e3o de Contas do Exerc\u00edcio de 2015. 477 Cria o registro ativo com desconto. 478 Limites de multas. 479 Aprova Balancete do 1\u00b0Trimestre do Exerc\u00edcio de 2016. 480 V Programa de Recupera\u00e7\u00e3o de Cr\u00e9dito. 481 Oferta de cursos pelo Corecon-DF. 482 Aprova Balancete do 2\u00b0 Trimestre do Exerc\u00edcio &hellip; <a href=\"https:\/\/corecondf.org.br\/transparencia\/atos-normativos\/resolucoes-2016\/\" class=\"more-link\">Continue reading <span class=\"screen-reader-text\">Resolu\u00e7\u00f5es 2016<\/span><\/a><\/p>\n","protected":false},"author":2,"featured_media":0,"parent":35,"menu_order":0,"comment_status":"closed","ping_status":"closed","template":"","meta":{"footnotes":""},"class_list":["post-113","page","type-page","status-publish","hentry"],"_links":{"self":[{"href":"https:\/\/corecondf.org.br\/transparencia\/wp-json\/wp\/v2\/pages\/113","targetHints":{"allow":["GET"]}}],"collection":[{"href":"https:\/\/corecondf.org.br\/transparencia\/wp-json\/wp\/v2\/pages"}],"about":[{"href":"https:\/\/corecondf.org.br\/transparencia\/wp-json\/wp\/v2\/types\/page"}],"author":[{"embeddable":true,"href":"https:\/\/corecondf.org.br\/transparencia\/wp-json\/wp\/v2\/users\/2"}],"replies":[{"embeddable":true,"href":"https:\/\/corecondf.org.br\/transparencia\/wp-json\/wp\/v2\/comments?post=113"}],"version-history":[{"count":0,"href":"https:\/\/corecondf.org.br\/transparencia\/wp-json\/wp\/v2\/pages\/113\/revisions"}],"up":[{"embeddable":true,"href":"https:\/\/corecondf.org.br\/transparencia\/wp-json\/wp\/v2\/pages\/35"}],"wp:attachment":[{"href":"https:\/\/corecondf.org.br\/transparencia\/wp-json\/wp\/v2\/media?parent=113"}],"curies":[{"name":"wp","href":"https:\/\/api.w.org\/{rel}","templated":true}]}}