{"id":1125,"date":"2019-07-07T22:33:02","date_gmt":"2019-07-08T01:33:02","guid":{"rendered":"http:\/\/corecondf.org.br\/transparencia\/?page_id=1125"},"modified":"2020-06-17T21:13:32","modified_gmt":"2020-06-18T00:13:32","slug":"balancetes-2019","status":"publish","type":"page","link":"https:\/\/corecondf.org.br\/transparencia\/balancetes\/balancetes-2019\/","title":{"rendered":"Balancetes 2019"},"content":{"rendered":"\r\n<p>&nbsp;<\/p>\r\n<h3>Balancetes Anal\u00edticos<\/h3>\r\n<p><a href=\"..\/..\/wp-content\/uploads\/docs\/balancetes\/analiticos\/2019\/Balancete01.2019.pdf\" target=\"_blank\" rel=\"noopener noreferrer\">Janeiro<\/a><br><a href=\"..\/..\/wp-content\/uploads\/docs\/balancetes\/analiticos\/2019\/Balancete02.2019.pdf\" target=\"_blank\" rel=\"noopener noreferrer\">Fevereiro<\/a><br><a href=\"..\/..\/wp-content\/uploads\/docs\/balancetes\/analiticos\/2019\/Balancete03.2019.pdf\" target=\"_blank\" rel=\"noopener noreferrer\">Mar\u00e7o<\/a><br><a href=\"..\/..\/wp-content\/uploads\/docs\/balancetes\/analiticos\/2019\/Balancete04.2019.pdf\" target=\"_blank\" rel=\"noopener noreferrer\">Abril<\/a><br><a href=\"..\/..\/wp-content\/uploads\/docs\/balancetes\/analiticos\/2019\/Balancete05.2019.pdf\" target=\"_blank\" rel=\"noopener noreferrer\">Maio<\/a><br><a href=\"..\/..\/wp-content\/uploads\/docs\/balancetes\/analiticos\/2019\/Balancete06.2019.pdf\" target=\"_blank\" rel=\"noopener noreferrer\">Junho<\/a><br><a href=\"..\/..\/wp-content\/uploads\/docs\/balancetes\/analiticos\/2019\/Balancete07.2019.pdf\" target=\"_blank\" rel=\"noopener noreferrer\">Julho<\/a><br><a href=\"..\/..\/wp-content\/uploads\/docs\/balancetes\/analiticos\/2019\/Balancete08.2019.pdf\" target=\"_blank\" rel=\"noopener noreferrer\">Agosto<\/a><br><a href=\"..\/..\/wp-content\/uploads\/docs\/balancetes\/analiticos\/2019\/Balancete09.2019.pdf\" target=\"_blank\" rel=\"noopener noreferrer\">Setembro<\/a><br>\r\n<a href=\"..\/..\/wp-content\/uploads\/docs\/balancetes\/analiticos\/2019\/Balancete10.2019.pdf\" target=\"_blank\" rel=\"noopener noreferrer\">Outubro<\/a><br>\r\n<a href=\"..\/..\/wp-content\/uploads\/docs\/balancetes\/analiticos\/2019\/Balancete11.2019.pdf\" target=\"_blank\" rel=\"noopener noreferrer\">Novembro<\/a><br>\r\n<a href=\"..\/..\/wp-content\/uploads\/docs\/balancetes\/analiticos\/2019\/Balancete12.2019.pdf\" target=\"_blank\" rel=\"noopener noreferrer\">Dezembro<\/a><br><\/p> \r\n<h3>Balancetes Financeiros<\/h3>\r\n<p><a href=\"..\/..\/wp-content\/uploads\/docs\/balancetes\/financeiros\/2019\/BalancoFinanceiro01.2019.pdf\" target=\"_blank\" rel=\"noopener noreferrer\">Janeiro<\/a><br><a href=\"..\/..\/wp-content\/uploads\/docs\/balancetes\/financeiros\/2019\/BalancoFinanceiro02.2019.pdf\" target=\"_blank\" rel=\"noopener noreferrer\">Fevereiro<\/a><br><a href=\"..\/..\/wp-content\/uploads\/docs\/balancetes\/financeiros\/2019\/BalancoFinanceiro03.2019.pdf\" target=\"_blank\" rel=\"noopener noreferrer\">Mar\u00e7o<\/a><br><a href=\"..\/..\/wp-content\/uploads\/docs\/balancetes\/financeiros\/2019\/BalancoFinanceiro04.2019.pdf\" target=\"_blank\" rel=\"noopener noreferrer\">Abril<\/a><br><a href=\"..\/..\/wp-content\/uploads\/docs\/balancetes\/financeiros\/2019\/BalancoFinanceiro05.2019.pdf\" target=\"_blank\" rel=\"noopener noreferrer\">Maio<\/a><br><a href=\"..\/..\/wp-content\/uploads\/docs\/balancetes\/financeiros\/2019\/BalancoFinanceiro06.2019.pdf\" target=\"_blank\" rel=\"noopener noreferrer\">Junho<\/a><br> <a href=\"..\/..\/wp-content\/uploads\/docs\/balancetes\/financeiros\/2019\/BalancoFinanceiro07.2019.pdf\" target=\"_blank\" rel=\"noopener noreferrer\">Julho<\/a><br><a href=\"..\/..\/wp-content\/uploads\/docs\/balancetes\/financeiros\/2019\/BalancoFinanceiro08.2019.pdf\" target=\"_blank\" rel=\"noopener noreferrer\">Agosto<\/a><br><a href=\"..\/..\/wp-content\/uploads\/docs\/balancetes\/financeiros\/2019\/BalancoFinanceiro09.2019.pdf\" target=\"_blank\" rel=\"noopener noreferrer\">Setembro<\/a><br\/>\r\n<a href=\"..\/..\/wp-content\/uploads\/docs\/balancetes\/financeiros\/2019\/BalancoFinanceiro10.2019.pdf\" target=\"_blank\" rel=\"noopener noreferrer\">Outembro<\/a><br\/>\r\n<a href=\"..\/..\/wp-content\/uploads\/docs\/balancetes\/financeiros\/2019\/BalancoFinanceiro11.2019.pdf\" target=\"_blank\" rel=\"noopener noreferrer\">Novembro<\/a><br\/>\r\n<a href=\"..\/..\/wp-content\/uploads\/docs\/balancetes\/financeiros\/2019\/BalancoFinanceiro12.2019.pdf\" target=\"_blank\" rel=\"noopener noreferrer\">Dezembro<\/a><br\/>\r\n<a href=\"..\/..\/wp-content\/uploads\/docs\/balancetes\/financeiros\/2019\/BalancoFinanceiro2019.pdf\" target=\"_blank\" rel=\"noopener noreferrer\">Balan\u00e7o Financeiro 2019<\/a><br\/><\/p> \r\n<h3>Balancetes Patrimoniais<\/h3>\r\n<p><a href=\"..\/..\/wp-content\/uploads\/docs\/balancetes\/patrimoniais\/2019\/BalancoPatrimonial01.2019.pdf\" target=\"_blank\" rel=\"noopener noreferrer\">Janeiro<\/a><br><a href=\"..\/..\/wp-content\/uploads\/docs\/balancetes\/patrimoniais\/2019\/BalancoPatrimonial02.2019.pdf\" target=\"_blank\" rel=\"noopener noreferrer\">Fevereiro<\/a><br><a href=\"..\/..\/wp-content\/uploads\/docs\/balancetes\/patrimoniais\/2019\/BalancoPatrimonial03.2019.pdf\" target=\"_blank\" rel=\"noopener noreferrer\">Mar\u00e7o<\/a><br><a href=\"..\/..\/wp-content\/uploads\/docs\/balancetes\/patrimoniais\/2019\/BalancoPatrimonial04.2019.pdf\" target=\"_blank\" rel=\"noopener noreferrer\">Abril<\/a><br><a href=\"..\/..\/wp-content\/uploads\/docs\/balancetes\/patrimoniais\/2019\/BalancoPatrimonial05.2019.pdf\" target=\"_blank\" rel=\"noopener noreferrer\">Maio<\/a><br><a href=\"..\/..\/wp-content\/uploads\/docs\/balancetes\/patrimoniais\/2019\/BalancoPatrimonial06.2019.pdf\" target=\"_blank\" rel=\"noopener noreferrer\">Junho<\/a><br>\r\n<a href=\"..\/..\/wp-content\/uploads\/docs\/balancetes\/patrimoniais\/2019\/BalancoPatrimonial07.2019.pdf\" target=\"_blank\" rel=\"noopener noreferrer\">Julho<\/a><br><a href=\"..\/..\/wp-content\/uploads\/docs\/balancetes\/patrimoniais\/2019\/BalancoPatrimonial08.2019.pdf\" target=\"_blank\" rel=\"noopener noreferrer\">Agosto<\/a><br><a href=\"..\/..\/wp-content\/uploads\/docs\/balancetes\/patrimoniais\/2019\/BalancoPatrimonial09.2019.pdf\" target=\"_blank\" rel=\"noopener noreferrer\">Setembro<\/a><br>\r\n<a href=\"..\/..\/wp-content\/uploads\/docs\/balancetes\/patrimoniais\/2019\/BalancoPatrimonial10.2019.pdf\" target=\"_blank\" rel=\"noopener noreferrer\">Outembro<\/a><br>\r\n<a href=\"..\/..\/wp-content\/uploads\/docs\/balancetes\/patrimoniais\/2019\/BalancoPatrimonial11.2019.pdf\" target=\"_blank\" rel=\"noopener noreferrer\">Novembro<\/a><br>\r\n<a href=\"..\/..\/wp-content\/uploads\/docs\/balancetes\/patrimoniais\/2019\/BalancoPatrimonial12.2019.pdf\" target=\"_blank\" rel=\"noopener noreferrer\">Dezembro<\/a><br>\r\n<a href=\"..\/..\/wp-content\/uploads\/docs\/balancetes\/patrimoniais\/2019\/BalancoPatrimonial2019.pdf\" target=\"_blank\" rel=\"noopener noreferrer\">Balan\u00e7o Patrimonial 2019<\/a><br>\r\n<a href=\"..\/..\/wp-content\/uploads\/docs\/balancetes\/patrimoniais\/2019\/DemonstrativoVariacoesPatrimoniais2019.pdf\" target=\"_blank\" rel=\"noopener noreferrer\">Demonstrativo das Varia\u00e7\u00f5es Patrimoniais 2019<\/a><br><\/p>\r\n","protected":false},"excerpt":{"rendered":"<p>&nbsp; Balancetes Anal\u00edticos JaneiroFevereiroMar\u00e7oAbrilMaioJunhoJulhoAgostoSetembro Outubro Novembro Dezembro Balancetes Financeiros JaneiroFevereiroMar\u00e7oAbrilMaioJunho JulhoAgostoSetembro Outembro Novembro Dezembro Balan\u00e7o Financeiro 2019 Balancetes Patrimoniais JaneiroFevereiroMar\u00e7oAbrilMaioJunho JulhoAgostoSetembro Outembro Novembro Dezembro Balan\u00e7o Patrimonial 2019 Demonstrativo das Varia\u00e7\u00f5es Patrimoniais 2019<\/p>\n","protected":false},"author":2,"featured_media":0,"parent":53,"menu_order":0,"comment_status":"closed","ping_status":"closed","template":"","meta":{"footnotes":""},"class_list":["post-1125","page","type-page","status-publish","hentry"],"_links":{"self":[{"href":"https:\/\/corecondf.org.br\/transparencia\/wp-json\/wp\/v2\/pages\/1125","targetHints":{"allow":["GET"]}}],"collection":[{"href":"https:\/\/corecondf.org.br\/transparencia\/wp-json\/wp\/v2\/pages"}],"about":[{"href":"https:\/\/corecondf.org.br\/transparencia\/wp-json\/wp\/v2\/types\/page"}],"author":[{"embeddable":true,"href":"https:\/\/corecondf.org.br\/transparencia\/wp-json\/wp\/v2\/users\/2"}],"replies":[{"embeddable":true,"href":"https:\/\/corecondf.org.br\/transparencia\/wp-json\/wp\/v2\/comments?post=1125"}],"version-history":[{"count":0,"href":"https:\/\/corecondf.org.br\/transparencia\/wp-json\/wp\/v2\/pages\/1125\/revisions"}],"up":[{"embeddable":true,"href":"https:\/\/corecondf.org.br\/transparencia\/wp-json\/wp\/v2\/pages\/53"}],"wp:attachment":[{"href":"https:\/\/corecondf.org.br\/transparencia\/wp-json\/wp\/v2\/media?parent=1125"}],"curies":[{"name":"wp","href":"https:\/\/api.w.org\/{rel}","templated":true}]}}