{"id":1107,"date":"2019-02-02T13:18:19","date_gmt":"2019-02-02T15:18:19","guid":{"rendered":"http:\/\/corecondf.org.br\/transparencia\/?page_id=1107"},"modified":"2022-10-18T20:23:18","modified_gmt":"2022-10-18T23:23:18","slug":"resolucoes-2019","status":"publish","type":"page","link":"https:\/\/corecondf.org.br\/transparencia\/atos-normativos\/resolucoes-2019\/","title":{"rendered":"Resolu\u00e7\u00f5es 2019"},"content":{"rendered":"\r\n<table style=\"width: 100%;\" border=\"0\" align=\"center\">\r\n<tbody>\r\n<tr style=\"height: 70px;\">\r\n<th style=\"background-color: #333399; color: #ffffff; height: 70px; text-align: center;\">\r\n<p align=\"center\"><strong>RESOLU\u00c7\u00d5ES<\/strong><\/p>\r\n<\/th>\r\n<\/tr>\r\n<tr style=\"height: 486px;\">\r\n<td style=\"height: 486px; background-color: #f5f5f5; vertical-align: text-top;\">\r\n<p align=\"center\"><span style=\"color: #008080;\"><strong>2019<\/strong><\/span><\/p>\r\n<p> <\/p>\r\n<table><!-- style=\"height: 626px;\" -->\r\n<tbody>\r\n<tr>\r\n<td style=\"width: 70px;\"><strong><span style=\"color: #666699;\">N\u00b0<\/span><\/strong><\/td>\r\n<td><span style=\"color: #666699;\"><strong>Descri\u00e7\u00e3o<\/strong><\/span><\/td>\r\n<\/tr>\r\n<tr>\r\n<td>506<\/td>\r\n<td><a href=\"..\/..\/wp-content\/uploads\/docs\/atos-normativos\/resolucoes\/2019\/Res506-2019.pdf\" target=\"_blank\" rel=\"noopener noreferrer\">Isen\u00e7\u00e3o da primeira anuidade de pessoa f\u00edsica.<\/a><\/td>\r\n<\/tr>\r\n<tr>\r\n<td>507<\/td>\r\n<td><a href=\"..\/..\/wp-content\/uploads\/docs\/atos-normativos\/resolucoes\/2019\/Res507-2019.pdf\" target=\"_blank\" rel=\"noopener noreferrer\">Aprova Presta\u00e7\u00e3o de Contas do Exerc\u00edcio de 2017.<\/a><\/td>\r\n<\/tr>\r\n<tr>\r\n<td>508<\/td>\r\n<td><a href=\"..\/..\/wp-content\/uploads\/docs\/atos-normativos\/resolucoes\/2019\/Res508-2019.pdf\" target=\"_blank\" rel=\"noopener noreferrer\">Processo do Balancete do 1\u00ba Trimestre de 2019.<\/a><\/td>\r\n<\/tr>\r\n<tr>\r\n<td>509<\/td>\r\n<td><a href=\"..\/..\/wp-content\/uploads\/docs\/atos-normativos\/resolucoes\/2019\/Res509-2019.pdf\" target=\"_blank\" rel=\"noopener noreferrer\">Programa de Recupera\u00e7\u00e3o de Cr\u00e9dito Execu\u00e7\u00f5es Fiscais.<\/a><\/td>\r\n<\/tr>\r\n<tr>\r\n<td>510<\/td>\r\n<td><a href=\"..\/..\/wp-content\/uploads\/docs\/atos-normativos\/resolucoes\/2019\/Res510-2019.pdf\" target=\"_blank\" rel=\"noopener noreferrer\">Processo do Balancete do 2\u00ba Trimestre de 2019.<\/a><\/td>\r\n<\/tr>\r\n<tr>\r\n<td>511<\/td>\r\n<td><a href=\"..\/..\/wp-content\/uploads\/docs\/atos-normativos\/resolucoes\/2019\/Res511-2019.pdf\" target=\"_blank\" rel=\"noopener noreferrer\">Resolu\u00e7\u00e3o n\u00ba 511-2019   &#8211; Anuidades e Emolumentos para 2020.<\/a><\/td>\r\n<\/tr>\r\n<tr>\r\n<td>512<\/td>\r\n<td><a href=\"..\/..\/wp-content\/uploads\/docs\/atos-normativos\/resolucoes\/2019\/Res512-2019.pdf\" target=\"_blank\" rel=\"noopener noreferrer\">Processo do Balancetes do 3\u00ba Trimestre de 2019.<\/a><\/td>\r\n<\/tr>\r\n<tr>\r\n<td>513<\/td>\r\n<td><a href=\"..\/..\/wp-content\/uploads\/docs\/atos-normativos\/resolucoes\/2019\/Res513-2019.pdf\" target=\"_blank\" rel=\"noopener noreferrer\">Processo de Proposta 2020.<\/a><\/td>\r\n<\/tr>\r\n<tr>\r\n<td>514<\/td>\r\n<td><a href=\"..\/..\/wp-content\/uploads\/docs\/atos-normativos\/resolucoes\/2019\/Res514-2019.pdf\" target=\"_blank\" rel=\"noopener noreferrer\">Dossi\u00ea do Processo Eleitoral do Exerc\u00edcio de 2019.<\/a><\/td>\r\n<\/tr>\r\n<\/tbody>\r\n<\/table>\r\n<\/td>\r\n<\/tr>\r\n<\/tbody>\r\n<\/table>\r\n","protected":false},"excerpt":{"rendered":"<p>RESOLU\u00c7\u00d5ES 2019 N\u00b0 Descri\u00e7\u00e3o 506 Isen\u00e7\u00e3o da primeira anuidade de pessoa f\u00edsica. 507 Aprova Presta\u00e7\u00e3o de Contas do Exerc\u00edcio de 2017. 508 Processo do Balancete do 1\u00ba Trimestre de 2019. 509 Programa de Recupera\u00e7\u00e3o de Cr\u00e9dito Execu\u00e7\u00f5es Fiscais. 510 Processo do Balancete do 2\u00ba Trimestre de 2019. 511 Resolu\u00e7\u00e3o n\u00ba 511-2019 &#8211; Anuidades e Emolumentos &hellip; <a href=\"https:\/\/corecondf.org.br\/transparencia\/atos-normativos\/resolucoes-2019\/\" class=\"more-link\">Continue reading <span class=\"screen-reader-text\">Resolu\u00e7\u00f5es 2019<\/span><\/a><\/p>\n","protected":false},"author":2,"featured_media":0,"parent":35,"menu_order":0,"comment_status":"closed","ping_status":"closed","template":"","meta":{"footnotes":""},"class_list":["post-1107","page","type-page","status-publish","hentry"],"_links":{"self":[{"href":"https:\/\/corecondf.org.br\/transparencia\/wp-json\/wp\/v2\/pages\/1107","targetHints":{"allow":["GET"]}}],"collection":[{"href":"https:\/\/corecondf.org.br\/transparencia\/wp-json\/wp\/v2\/pages"}],"about":[{"href":"https:\/\/corecondf.org.br\/transparencia\/wp-json\/wp\/v2\/types\/page"}],"author":[{"embeddable":true,"href":"https:\/\/corecondf.org.br\/transparencia\/wp-json\/wp\/v2\/users\/2"}],"replies":[{"embeddable":true,"href":"https:\/\/corecondf.org.br\/transparencia\/wp-json\/wp\/v2\/comments?post=1107"}],"version-history":[{"count":2,"href":"https:\/\/corecondf.org.br\/transparencia\/wp-json\/wp\/v2\/pages\/1107\/revisions"}],"predecessor-version":[{"id":1421,"href":"https:\/\/corecondf.org.br\/transparencia\/wp-json\/wp\/v2\/pages\/1107\/revisions\/1421"}],"up":[{"embeddable":true,"href":"https:\/\/corecondf.org.br\/transparencia\/wp-json\/wp\/v2\/pages\/35"}],"wp:attachment":[{"href":"https:\/\/corecondf.org.br\/transparencia\/wp-json\/wp\/v2\/media?parent=1107"}],"curies":[{"name":"wp","href":"https:\/\/api.w.org\/{rel}","templated":true}]}}